{"id":12949,"date":"2023-04-28T15:28:36","date_gmt":"2023-04-28T18:28:36","guid":{"rendered":"https:\/\/aptecnologia.com.ar\/new\/?post_type=product&#038;p=12949"},"modified":"2024-05-09T22:53:31","modified_gmt":"2024-05-10T01:53:31","slug":"tv-smart-55-4k-admiral","status":"publish","type":"product","link":"https:\/\/aptecnologia.com.ar\/new\/productos\/tv-smart-55-4k-admiral\/","title":{"rendered":"TV Smart 55&#8243; 4K &#8211; ADMIRAL"},"content":{"rendered":"<p>Con este\u00a0<a href=\"https:\/\/www.fravega.com\/l\/tv-y-video\/tv\/?marcas=admiral\" target=\"_blank\" rel=\"noopener\">Smart TV de Admiral<\/a>\u00a0pod\u00e9s reproducir el contenido (fotos, m\u00fasica y videos) almacenado en dispositivos externos como smartphones, tablets o pendrives conect\u00e1ndolos a trav\u00e9s de sus 2 puertos USB. Tambi\u00e9n, cuenta con 3 entradas HDMI para que puedas vincular reproductores de audio y video o consolas de juegos.<\/p>\n","protected":false},"excerpt":{"rendered":"<p>Caracter\u00edsticas T\u00e9cnicas:<br \/>\nImagen<br \/>\nResoluci\u00f3n: 3840 x 2160<br \/>\nFormato de pantalla: Plano<br \/>\nCaracter\u00edsticas Generales<br \/>\nSmart TV: S\u00ed<br \/>\nCaracter\u00edsticas Smart<br \/>\nYoutube: S\u00ed<br \/>\nNetflix: S\u00ed<br \/>\nConectividad<br \/>\nEntradas HDMI:3<\/p>\n<p>Entradas USB: 2<br \/>\nModelo y origen:55Q20<\/p>\n","protected":false},"featured_media":12946,"comment_status":"open","ping_status":"closed","template":"","meta":[],"pwb-brand":[242],"product_cat":[73,67],"product_tag":[],"class_list":{"0":"post-12949","1":"product","2":"type-product","3":"status-publish","4":"has-post-thumbnail","6":"pwb-brand-admiral","7":"product_cat-tvs","8":"product_cat-audio-y-video","10":"first","11":"outofstock","12":"shipping-taxable","13":"purchasable","14":"product-type-simple"},"brands":[{"id":242,"name":"Admiral","slug":"admiral"}],"_links":{"self":[{"href":"https:\/\/aptecnologia.com.ar\/new\/wp-json\/wp\/v2\/product\/12949","targetHints":{"allow":["GET"]}}],"collection":[{"href":"https:\/\/aptecnologia.com.ar\/new\/wp-json\/wp\/v2\/product"}],"about":[{"href":"https:\/\/aptecnologia.com.ar\/new\/wp-json\/wp\/v2\/types\/product"}],"replies":[{"embeddable":true,"href":"https:\/\/aptecnologia.com.ar\/new\/wp-json\/wp\/v2\/comments?post=12949"}],"version-history":[{"count":0,"href":"https:\/\/aptecnologia.com.ar\/new\/wp-json\/wp\/v2\/product\/12949\/revisions"}],"wp:featuredmedia":[{"embeddable":true,"href":"https:\/\/aptecnologia.com.ar\/new\/wp-json\/wp\/v2\/media\/12946"}],"wp:attachment":[{"href":"https:\/\/aptecnologia.com.ar\/new\/wp-json\/wp\/v2\/media?parent=12949"}],"wp:term":[{"taxonomy":"pwb-brand","embeddable":true,"href":"https:\/\/aptecnologia.com.ar\/new\/wp-json\/wp\/v2\/pwb-brand?post=12949"},{"taxonomy":"product_cat","embeddable":true,"href":"https:\/\/aptecnologia.com.ar\/new\/wp-json\/wp\/v2\/product_cat?post=12949"},{"taxonomy":"product_tag","embeddable":true,"href":"https:\/\/aptecnologia.com.ar\/new\/wp-json\/wp\/v2\/product_tag?post=12949"}],"curies":[{"name":"wp","href":"https:\/\/api.w.org\/{rel}","templated":true}]}}