{"id":12929,"date":"2023-04-27T11:50:35","date_gmt":"2023-04-27T14:50:35","guid":{"rendered":"https:\/\/aptecnologia.com.ar\/new\/?post_type=product&#038;p=12929"},"modified":"2023-05-04T15:33:43","modified_gmt":"2023-05-04T18:33:43","slug":"adap-jack-3-5mh-a-microfonom-auri-m-nm-c50-netmak","status":"publish","type":"product","link":"https:\/\/aptecnologia.com.ar\/new\/productos\/adap-jack-3-5mh-a-microfonom-auri-m-nm-c50-netmak\/","title":{"rendered":"Adap. Jack 3.5m(H) a Microfono(M) + Auri (M) NM-C50 &#8211; NETMAK"},"content":{"rendered":"<p>Adaptador Audio 3-5mm (h) a Mic (m) + Auri (m)<br \/>\nConecte un auricular de 4 posiciones (audio y micr\u00f3fono) a una computadora \/ ordenador port\u00e1til que tiene puertos de micr\u00f3fono y audio separados; Funciona con todas las aplicaciones de PC &#8211; Skype- MSN Messenger- Yahoo- Google Voice etc. Compatible con varios ordenadores port\u00e1tiles que tienen puertos de micr\u00f3fono y audio separados Dise\u00f1o de compacto para m\u00e1xima portabilidad Gran soluci\u00f3n para llevar siempre en el bolso de su laptop. Conectores resisten la corrosi\u00f3n y aseguran una optima calidad de sonido.<\/p>\n","protected":false},"excerpt":{"rendered":"<p>Largo del cable:15 cm<br \/>\nCantidad de conectores de entrada: 1<br \/>\nCantidad de conectores de salida: 2<br \/>\nConector de entrada: Jack<br \/>\nConector de salida: Jack<\/p>\n","protected":false},"featured_media":12930,"comment_status":"open","ping_status":"closed","template":"","meta":[],"pwb-brand":[208],"product_cat":[174],"product_tag":[],"class_list":{"0":"post-12929","1":"product","2":"type-product","3":"status-publish","4":"has-post-thumbnail","6":"pwb-brand-netmak","7":"product_cat-cables-y-adaptadores","9":"first","10":"instock","11":"shipping-taxable","12":"purchasable","13":"product-type-simple"},"brands":[{"id":208,"name":"Netmak","slug":"netmak"}],"_links":{"self":[{"href":"https:\/\/aptecnologia.com.ar\/new\/wp-json\/wp\/v2\/product\/12929","targetHints":{"allow":["GET"]}}],"collection":[{"href":"https:\/\/aptecnologia.com.ar\/new\/wp-json\/wp\/v2\/product"}],"about":[{"href":"https:\/\/aptecnologia.com.ar\/new\/wp-json\/wp\/v2\/types\/product"}],"replies":[{"embeddable":true,"href":"https:\/\/aptecnologia.com.ar\/new\/wp-json\/wp\/v2\/comments?post=12929"}],"version-history":[{"count":0,"href":"https:\/\/aptecnologia.com.ar\/new\/wp-json\/wp\/v2\/product\/12929\/revisions"}],"wp:featuredmedia":[{"embeddable":true,"href":"https:\/\/aptecnologia.com.ar\/new\/wp-json\/wp\/v2\/media\/12930"}],"wp:attachment":[{"href":"https:\/\/aptecnologia.com.ar\/new\/wp-json\/wp\/v2\/media?parent=12929"}],"wp:term":[{"taxonomy":"pwb-brand","embeddable":true,"href":"https:\/\/aptecnologia.com.ar\/new\/wp-json\/wp\/v2\/pwb-brand?post=12929"},{"taxonomy":"product_cat","embeddable":true,"href":"https:\/\/aptecnologia.com.ar\/new\/wp-json\/wp\/v2\/product_cat?post=12929"},{"taxonomy":"product_tag","embeddable":true,"href":"https:\/\/aptecnologia.com.ar\/new\/wp-json\/wp\/v2\/product_tag?post=12929"}],"curies":[{"name":"wp","href":"https:\/\/api.w.org\/{rel}","templated":true}]}}