{"id":12908,"date":"2023-04-26T10:10:21","date_gmt":"2023-04-26T13:10:21","guid":{"rendered":"https:\/\/aptecnologia.com.ar\/new\/?post_type=product&#038;p=12908"},"modified":"2023-06-06T16:00:58","modified_gmt":"2023-06-06T19:00:58","slug":"disco-ssd-480gb-2-5-markvision","status":"publish","type":"product","link":"https:\/\/aptecnologia.com.ar\/new\/productos\/disco-ssd-480gb-2-5-markvision\/","title":{"rendered":"Disco SSD 480Gb 2.5&#8243; &#8211; MARKVISION"},"content":{"rendered":"<p>Unidad orientada a aumentar la velocidad de su PC\/port\u00e1til y reducir los tiempos de espera, otorg\u00e1ndole un m\u00e1ximo rendimiento y mayor vida \u00fatil. Vas a notar un cambio incre\u00edble en cuanto a la velocidad del sistema y tiempos en realizar tareas.<\/p>\n","protected":false},"excerpt":{"rendered":"<p>Marca: Markvision<br \/>\nModelo: MVSD480G25-A1<br \/>\n-Capacidad: 480 GB<br \/>\n-Factor de forma: 2.5&#8243;<br \/>\n-Dimensiones: 100 x 69 x 9 mm<br \/>\n-Peso: 40 g Aprox<br \/>\n-Interfaz: SATA 3<\/p>\n","protected":false},"featured_media":12909,"comment_status":"open","ping_status":"closed","template":"","meta":[],"pwb-brand":[214],"product_cat":[66,91],"product_tag":[],"class_list":{"0":"post-12908","1":"product","2":"type-product","3":"status-publish","4":"has-post-thumbnail","6":"pwb-brand-markvision","7":"product_cat-computacion","8":"product_cat-componentes","10":"first","11":"instock","12":"shipping-taxable","13":"purchasable","14":"product-type-simple"},"brands":[{"id":214,"name":"Markvision","slug":"markvision"}],"_links":{"self":[{"href":"https:\/\/aptecnologia.com.ar\/new\/wp-json\/wp\/v2\/product\/12908","targetHints":{"allow":["GET"]}}],"collection":[{"href":"https:\/\/aptecnologia.com.ar\/new\/wp-json\/wp\/v2\/product"}],"about":[{"href":"https:\/\/aptecnologia.com.ar\/new\/wp-json\/wp\/v2\/types\/product"}],"replies":[{"embeddable":true,"href":"https:\/\/aptecnologia.com.ar\/new\/wp-json\/wp\/v2\/comments?post=12908"}],"version-history":[{"count":0,"href":"https:\/\/aptecnologia.com.ar\/new\/wp-json\/wp\/v2\/product\/12908\/revisions"}],"wp:featuredmedia":[{"embeddable":true,"href":"https:\/\/aptecnologia.com.ar\/new\/wp-json\/wp\/v2\/media\/12909"}],"wp:attachment":[{"href":"https:\/\/aptecnologia.com.ar\/new\/wp-json\/wp\/v2\/media?parent=12908"}],"wp:term":[{"taxonomy":"pwb-brand","embeddable":true,"href":"https:\/\/aptecnologia.com.ar\/new\/wp-json\/wp\/v2\/pwb-brand?post=12908"},{"taxonomy":"product_cat","embeddable":true,"href":"https:\/\/aptecnologia.com.ar\/new\/wp-json\/wp\/v2\/product_cat?post=12908"},{"taxonomy":"product_tag","embeddable":true,"href":"https:\/\/aptecnologia.com.ar\/new\/wp-json\/wp\/v2\/product_tag?post=12908"}],"curies":[{"name":"wp","href":"https:\/\/api.w.org\/{rel}","templated":true}]}}