{"id":12903,"date":"2023-04-25T15:30:10","date_gmt":"2023-04-25T18:30:10","guid":{"rendered":"https:\/\/aptecnologia.com.ar\/new\/?post_type=product&#038;p=12903"},"modified":"2023-05-03T16:09:57","modified_gmt":"2023-05-03T19:09:57","slug":"disco-ssd-240gb-2-5-c100-hikvision","status":"publish","type":"product","link":"https:\/\/aptecnologia.com.ar\/new\/productos\/disco-ssd-240gb-2-5-c100-hikvision\/","title":{"rendered":"Disco SSD 240Gb 2.5 C100 &#8211; HIKVISION"},"content":{"rendered":"<p>Con la unidad en estado s\u00f3lido Hikvision vas a incrementar la capacidad de respuesta de tu equipo. Gracias a esta tecnolog\u00eda podr\u00e1s invertir en velocidad y eficiencia para el inicio, la carga y la transferencia de datos.<\/p>\n<p>M\u00e1s velocidad a tu alcance<br \/>\nEste producto posee una interfaz SATA III que se encarga de transferir datos con la placa madre de tu computadora. Es de gran importancia y con su velocidad de env\u00edo de informaci\u00f3n mejora el rendimiento. Vas a poder cargar todo tipo de archivos en tu PC con rapidez.<\/p>\n","protected":false},"excerpt":{"rendered":"<p>Con tecnolog\u00eda 3D NAND. \u00datil para guardar programas y documentos con su capacidad de 240 GB. Tama\u00f1o de 2.5 . Interfaz de conexi\u00f3n: SATA III. Apto para NVR. Incrementa el rendimiento de tu equipo. Las im\u00e1genes pueden ser ilustrativas.<\/p>\n","protected":false},"featured_media":12904,"comment_status":"open","ping_status":"closed","template":"","meta":[],"pwb-brand":[114],"product_cat":[66,91],"product_tag":[],"class_list":{"0":"post-12903","1":"product","2":"type-product","3":"status-publish","4":"has-post-thumbnail","6":"pwb-brand-hikvision","7":"product_cat-computacion","8":"product_cat-componentes","10":"first","11":"outofstock","12":"shipping-taxable","13":"purchasable","14":"product-type-simple"},"brands":[{"id":114,"name":"Hikvision","slug":"hikvision"}],"_links":{"self":[{"href":"https:\/\/aptecnologia.com.ar\/new\/wp-json\/wp\/v2\/product\/12903","targetHints":{"allow":["GET"]}}],"collection":[{"href":"https:\/\/aptecnologia.com.ar\/new\/wp-json\/wp\/v2\/product"}],"about":[{"href":"https:\/\/aptecnologia.com.ar\/new\/wp-json\/wp\/v2\/types\/product"}],"replies":[{"embeddable":true,"href":"https:\/\/aptecnologia.com.ar\/new\/wp-json\/wp\/v2\/comments?post=12903"}],"version-history":[{"count":0,"href":"https:\/\/aptecnologia.com.ar\/new\/wp-json\/wp\/v2\/product\/12903\/revisions"}],"wp:featuredmedia":[{"embeddable":true,"href":"https:\/\/aptecnologia.com.ar\/new\/wp-json\/wp\/v2\/media\/12904"}],"wp:attachment":[{"href":"https:\/\/aptecnologia.com.ar\/new\/wp-json\/wp\/v2\/media?parent=12903"}],"wp:term":[{"taxonomy":"pwb-brand","embeddable":true,"href":"https:\/\/aptecnologia.com.ar\/new\/wp-json\/wp\/v2\/pwb-brand?post=12903"},{"taxonomy":"product_cat","embeddable":true,"href":"https:\/\/aptecnologia.com.ar\/new\/wp-json\/wp\/v2\/product_cat?post=12903"},{"taxonomy":"product_tag","embeddable":true,"href":"https:\/\/aptecnologia.com.ar\/new\/wp-json\/wp\/v2\/product_tag?post=12903"}],"curies":[{"name":"wp","href":"https:\/\/api.w.org\/{rel}","templated":true}]}}