{"id":12896,"date":"2023-04-25T13:23:44","date_gmt":"2023-04-25T16:23:44","guid":{"rendered":"https:\/\/aptecnologia.com.ar\/new\/?post_type=product&#038;p=12896"},"modified":"2023-07-24T15:36:24","modified_gmt":"2023-07-24T18:36:24","slug":"multifuncion-laser-monocromatica-m6550nw-usb-ethernet-wifi-pantum","status":"publish","type":"product","link":"https:\/\/aptecnologia.com.ar\/new\/productos\/multifuncion-laser-monocromatica-m6550nw-usb-ethernet-wifi-pantum\/","title":{"rendered":"Multifunci\u00f3n Laser ByN M6550NW USB Ethernet WiFi &#8211; PANTUM"},"content":{"rendered":"<p>Pensada para la casa o la oficina, esta impresora Pantum es ideal para todo tipo de trabajos, ya sean grandes tiradas o pocas impresiones.<\/p>\n<p>Eficiencia y calidad<br \/>\nImprim\u00ed archivos, escanea documentos y hace todas las fotocopias que necesites con esta impresora multifunci\u00f3n Pantum, siempre lista para facilitar tu rutina de trabajo o estudio.<\/p>\n<p>Perfecta para tu hogar o la oficina<br \/>\nSi buscas realizar grandes tiradas en pocos minutos, su tecnolog\u00eda l\u00e1ser es ideal para vos. Es simple y f\u00e1cil de usar y tiene un costo de mantenimiento significativamente menor que las que funcionan a tinta.<\/p>\n","protected":false},"excerpt":{"rendered":"<div class=\"ui-pdp-container__top-wrapper mt-40\">\n<div class=\"ui-pdp-header\">\n<div class=\"ui-pdp-header__subtitle\"><\/div>\n<\/div>\n<\/div>\n<div id=\"highlighted_specs_features\" class=\"ui-pdp-container__row ui-pdp-container__row--highlighted-specs-features\">\n<section class=\"ui-vpp-highlighted-specs\">\n<div class=\"ui-pdp-container__row ui-pdp-container__row--highlighted-features\">\n<div class=\"ui-vpp-highlighted-specs__features\">\n<ul class=\"ui-vpp-highlighted-specs__features-list\">\n<li class=\"ui-vpp-highlighted-specs__features-list-item ui-pdp-color--BLACK ui-pdp-size--XSMALL ui-pdp-family--REGULAR\">Es monocrom\u00e1tica.<\/li>\n<li class=\"ui-vpp-highlighted-specs__features-list-item ui-pdp-color--BLACK ui-pdp-size--XSMALL ui-pdp-family--REGULAR\">Imprime, escanea y hace copias.<\/li>\n<li class=\"ui-vpp-highlighted-specs__features-list-item ui-pdp-color--BLACK ui-pdp-size--XSMALL ui-pdp-family--REGULAR\">Impresi\u00f3n doble faz manual.<\/li>\n<li class=\"ui-vpp-highlighted-specs__features-list-item ui-pdp-color--BLACK ui-pdp-size--XSMALL ui-pdp-family--REGULAR\">Tecnolog\u00eda de impresi\u00f3n: l\u00e1ser.<\/li>\n<li class=\"ui-vpp-highlighted-specs__features-list-item ui-pdp-color--BLACK ui-pdp-size--XSMALL ui-pdp-family--REGULAR\">Tiene entrada USB.<\/li>\n<li class=\"ui-vpp-highlighted-specs__features-list-item ui-pdp-color--BLACK ui-pdp-size--XSMALL ui-pdp-family--REGULAR\">Capacidad m\u00e1xima de 150 hojas.<\/li>\n<li class=\"ui-vpp-highlighted-specs__features-list-item ui-pdp-color--BLACK ui-pdp-size--XSMALL ui-pdp-family--REGULAR\">Soporta papel tama\u00f1o A4, A5, A6, B6, Big 16K, Big 32K, B5 ISO, B5 JIS, Carta, Ejecutivo, Folio, Informe, Nagagata3, Oficio, Sobre DL, Sobre C5, Sobre C6, Sobre monarca, Tarjeta postal, Younaga3, Yougata2, Yougata4, 16K, 32K.<\/li>\n<li class=\"ui-vpp-highlighted-specs__features-list-item ui-pdp-color--BLACK ui-pdp-size--XSMALL ui-pdp-family--REGULAR\">Pr\u00e1ctica y funcional tanto para uso personal como profesional.<\/li>\n<\/ul>\n<\/div>\n<\/div>\n<\/section>\n<\/div>\n","protected":false},"featured_media":12897,"comment_status":"open","ping_status":"closed","template":"","meta":[],"pwb-brand":[241],"product_cat":[165,270,266,268,89],"product_tag":[],"class_list":{"0":"post-12896","1":"product","2":"type-product","3":"status-publish","4":"has-post-thumbnail","6":"pwb-brand-pantum","7":"product_cat-impresoras","8":"product_cat-multiflaserbyn","9":"product_cat-lasmonorcomatica","10":"product_cat-multifuncion","11":"product_cat-impresion","13":"first","14":"outofstock","15":"shipping-taxable","16":"purchasable","17":"product-type-simple"},"brands":[{"id":241,"name":"Pantum","slug":"pantum"}],"_links":{"self":[{"href":"https:\/\/aptecnologia.com.ar\/new\/wp-json\/wp\/v2\/product\/12896","targetHints":{"allow":["GET"]}}],"collection":[{"href":"https:\/\/aptecnologia.com.ar\/new\/wp-json\/wp\/v2\/product"}],"about":[{"href":"https:\/\/aptecnologia.com.ar\/new\/wp-json\/wp\/v2\/types\/product"}],"replies":[{"embeddable":true,"href":"https:\/\/aptecnologia.com.ar\/new\/wp-json\/wp\/v2\/comments?post=12896"}],"version-history":[{"count":0,"href":"https:\/\/aptecnologia.com.ar\/new\/wp-json\/wp\/v2\/product\/12896\/revisions"}],"wp:featuredmedia":[{"embeddable":true,"href":"https:\/\/aptecnologia.com.ar\/new\/wp-json\/wp\/v2\/media\/12897"}],"wp:attachment":[{"href":"https:\/\/aptecnologia.com.ar\/new\/wp-json\/wp\/v2\/media?parent=12896"}],"wp:term":[{"taxonomy":"pwb-brand","embeddable":true,"href":"https:\/\/aptecnologia.com.ar\/new\/wp-json\/wp\/v2\/pwb-brand?post=12896"},{"taxonomy":"product_cat","embeddable":true,"href":"https:\/\/aptecnologia.com.ar\/new\/wp-json\/wp\/v2\/product_cat?post=12896"},{"taxonomy":"product_tag","embeddable":true,"href":"https:\/\/aptecnologia.com.ar\/new\/wp-json\/wp\/v2\/product_tag?post=12896"}],"curies":[{"name":"wp","href":"https:\/\/api.w.org\/{rel}","templated":true}]}}