{"id":12885,"date":"2023-04-25T10:51:37","date_gmt":"2023-04-25T13:51:37","guid":{"rendered":"https:\/\/aptecnologia.com.ar\/new\/?post_type=product&#038;p=12885"},"modified":"2023-07-24T15:32:14","modified_gmt":"2023-07-24T18:32:14","slug":"impresora-laser-monocromatica-p2500w-c-wifi-usb-pantum","status":"publish","type":"product","link":"https:\/\/aptecnologia.com.ar\/new\/productos\/impresora-laser-monocromatica-p2500w-c-wifi-usb-pantum\/","title":{"rendered":"Impresora Laser ByN P2500W USB\/WiFi- PANTUM"},"content":{"rendered":"<p>Pensada para la casa o la oficina, esta impresora Pantum es ideal para todo tipo de trabajos, ya sean grandes tiradas o pocas impresiones.<\/p>\n<p>Eficiencia y calidad<br \/>\nImprim\u00ed f\u00e1cilmente todo lo que quieras con esta impresora Pantum, ya sean pocas p\u00e1ginas o grandes proyectos.<\/p>\n<p>Perfecta para tu hogar o la oficina<br \/>\nSi busc\u00e1s realizar grandes tiradas en pocos minutos, su tecnolog\u00eda l\u00e1ser es ideal para vos. Es simple y f\u00e1cil de usar y tiene un costo de mantenimiento significativamente menor que las que funcionan a tinta.<\/p>\n<p>Conectividad m\u00f3vil<br \/>\nAhora pod\u00e9s imprimir f\u00e1cilmente desde tu celular o tablet sin importar en donde te encuentres y sin la asistencia de una computadora. Disfrut\u00e1 de sus soluciones de impresi\u00f3n m\u00f3vil, utiliz\u00e1 la que m\u00e1s te guste y ten\u00e9 tus documentos en solo segundos.<\/p>\n","protected":false},"excerpt":{"rendered":"<div class=\"ui-pdp-container__col col-2 ui-pdp--relative\">\n<div class=\"ui-pdp--sticky-wrapper ui-pdp--sticky-wrapper-gallery\">\n<div class=\"ui-pdp-gallery\" role=\"group\" aria-label=\"Galer\u00eda de fotos, Imagen 1 de 10 de Impresora Pantum Hero P2509w Con Wifi Negra 220v - 240v Gris\">\n<div class=\"ui-pdp-gallery__column\">\n<div class=\"ui-pdp-thumbnail ui-pdp-gallery__thumbnail\" role=\"presentation\">\n<div class=\"ui-pdp-thumbnail__picture\"><\/div>\n<\/div>\n<\/div>\n<\/div>\n<\/div>\n<\/div>\n<div class=\"ui-pdp-container__col col-2 mr-32\">\n<div id=\"highlighted_specs_features\" class=\"ui-pdp-container__row ui-pdp-container__row--highlighted-specs-features\">\n<section class=\"ui-vpp-highlighted-specs\">\n<div class=\"ui-pdp-container__row ui-pdp-container__row--highlighted-features\">\n<div class=\"ui-vpp-highlighted-specs__features\">\n<ul class=\"ui-vpp-highlighted-specs__features-list\">\n<li class=\"ui-vpp-highlighted-specs__features-list-item ui-pdp-color--BLACK ui-pdp-size--XSMALL ui-pdp-family--REGULAR\">Es monocrom\u00e1tica.<\/li>\n<li class=\"ui-vpp-highlighted-specs__features-list-item ui-pdp-color--BLACK ui-pdp-size--XSMALL ui-pdp-family--REGULAR\">Impresi\u00f3n doble faz manual.<\/li>\n<li class=\"ui-vpp-highlighted-specs__features-list-item ui-pdp-color--BLACK ui-pdp-size--XSMALL ui-pdp-family--REGULAR\">Tecnolog\u00eda de impresi\u00f3n: l\u00e1ser.<\/li>\n<li class=\"ui-vpp-highlighted-specs__features-list-item ui-pdp-color--BLACK ui-pdp-size--XSMALL ui-pdp-family--REGULAR\">Tiene entrada USB.<\/li>\n<li class=\"ui-vpp-highlighted-specs__features-list-item ui-pdp-color--BLACK ui-pdp-size--XSMALL ui-pdp-family--REGULAR\">Capacidad m\u00e1xima de 150 hojas.<\/li>\n<li class=\"ui-vpp-highlighted-specs__features-list-item ui-pdp-color--BLACK ui-pdp-size--XSMALL ui-pdp-family--REGULAR\">Pr\u00e1ctica y funcional tanto para uso personal como profesional.<\/li>\n<\/ul>\n<\/div>\n<\/div>\n<\/section>\n<\/div>\n<\/div>\n","protected":false},"featured_media":12891,"comment_status":"open","ping_status":"closed","template":"","meta":[],"pwb-brand":[241],"product_cat":[165,266,89],"product_tag":[],"class_list":{"0":"post-12885","1":"product","2":"type-product","3":"status-publish","4":"has-post-thumbnail","6":"pwb-brand-pantum","7":"product_cat-impresoras","8":"product_cat-lasmonorcomatica","9":"product_cat-impresion","11":"first","12":"outofstock","13":"shipping-taxable","14":"purchasable","15":"product-type-simple"},"brands":[{"id":241,"name":"Pantum","slug":"pantum"}],"_links":{"self":[{"href":"https:\/\/aptecnologia.com.ar\/new\/wp-json\/wp\/v2\/product\/12885","targetHints":{"allow":["GET"]}}],"collection":[{"href":"https:\/\/aptecnologia.com.ar\/new\/wp-json\/wp\/v2\/product"}],"about":[{"href":"https:\/\/aptecnologia.com.ar\/new\/wp-json\/wp\/v2\/types\/product"}],"replies":[{"embeddable":true,"href":"https:\/\/aptecnologia.com.ar\/new\/wp-json\/wp\/v2\/comments?post=12885"}],"version-history":[{"count":0,"href":"https:\/\/aptecnologia.com.ar\/new\/wp-json\/wp\/v2\/product\/12885\/revisions"}],"wp:featuredmedia":[{"embeddable":true,"href":"https:\/\/aptecnologia.com.ar\/new\/wp-json\/wp\/v2\/media\/12891"}],"wp:attachment":[{"href":"https:\/\/aptecnologia.com.ar\/new\/wp-json\/wp\/v2\/media?parent=12885"}],"wp:term":[{"taxonomy":"pwb-brand","embeddable":true,"href":"https:\/\/aptecnologia.com.ar\/new\/wp-json\/wp\/v2\/pwb-brand?post=12885"},{"taxonomy":"product_cat","embeddable":true,"href":"https:\/\/aptecnologia.com.ar\/new\/wp-json\/wp\/v2\/product_cat?post=12885"},{"taxonomy":"product_tag","embeddable":true,"href":"https:\/\/aptecnologia.com.ar\/new\/wp-json\/wp\/v2\/product_tag?post=12885"}],"curies":[{"name":"wp","href":"https:\/\/api.w.org\/{rel}","templated":true}]}}