{"id":12871,"date":"2023-04-21T11:45:44","date_gmt":"2023-04-21T14:45:44","guid":{"rendered":"https:\/\/aptecnologia.com.ar\/new\/?post_type=product&#038;p=12871"},"modified":"2025-04-29T10:32:39","modified_gmt":"2025-04-29T13:32:39","slug":"telefono-celular-galaxy-s21-fe-5g-gris-samsung","status":"publish","type":"product","link":"https:\/\/aptecnologia.com.ar\/new\/productos\/telefono-celular-galaxy-s21-fe-5g-gris-samsung\/","title":{"rendered":"Tel\u00e9fono Celular Galaxy S21 FE 5G Gris &#8211; SAMSUNG"},"content":{"rendered":"<p>La tecnolog\u00eda de la pantalla de 120 Hz ofrece un desplazamiento muy suave, con una frecuencia de actualizaci\u00f3n optimizada y una r\u00e1pida respuesta t\u00e1ctil para que disfrutes de im\u00e1genes fluidas, tanto a la hora de trabajar como de jugar.<\/p>\n<p>La potente c\u00e1mara de nivel profesional ofrece fotos y videos de alta calidad, con una c\u00e1mara posterior que cuenta con c\u00e1maras de \u00e1ngulo amplio y ultraancha de 12 MP y una c\u00e1mara de teleobjetivo de 8 MP. Tambi\u00e9n tiene una c\u00e1mara frontal que incluye una c\u00e1mara de selfie de 32 MP.<\/p>\n<p>El chip del procesador, de gran eficiencia energ\u00e9tica, ofrece una fiabilidad y un rendimiento que potencian todas las experiencias, desde los juegos con muchos gr\u00e1ficos hasta la multitarea.<\/p>\n<p>La pantalla de alta calidad con Dynamic AMOLED 2X ofrece colores y un brillo vibrantes, incluso a la luz del sol.<\/p>\n<p>El Space Zoom de 30x combina un zoom \u00f3ptico h\u00edbrido de 3x y un zoom digital de 30x para primeros planos de alta resoluci\u00f3n, mientras que el bloqueo del zoom reduce las sacudidas a medida que te acercas a\u00fan m\u00e1s.<\/p>\n<p>La bater\u00eda inteligente de 4500 mAh est\u00e1 dise\u00f1ada para que dure todo el d\u00eda, incluso en 5G, mientras que con la carga superr\u00e1pida puede llegar al 50 % en tan solo 30 minutos.<\/p>\n","protected":false},"excerpt":{"rendered":"<p>Tama\u00f1o de la pantalla: 6.4 \u00bb<br \/>\n(155.7 mm x 74.5 mm x 7.9 mm)<\/p>\n<p>Memoria interna: 128 GB<\/p>\n<p>C\u00e1mara trasera principal: 12 Mpx<\/p>\n<p>Con NFC: S\u00ed<\/p>\n<p>C\u00e1mara frontal principal: 32 Mpx<\/p>\n<p>Desbloqueo: Huella dactilar y reconocimiento facial<\/p>\n","protected":false},"featured_media":12874,"comment_status":"open","ping_status":"closed","template":"","meta":[],"pwb-brand":[56],"product_cat":[196,220],"product_tag":[],"class_list":{"0":"post-12871","1":"product","2":"type-product","3":"status-publish","4":"has-post-thumbnail","6":"pwb-brand-samsung","7":"product_cat-celulares","8":"product_cat-equipos-celulares","10":"first","11":"outofstock","12":"shipping-taxable","13":"purchasable","14":"product-type-simple"},"brands":[{"id":56,"name":"Samsung","slug":"samsung"}],"_links":{"self":[{"href":"https:\/\/aptecnologia.com.ar\/new\/wp-json\/wp\/v2\/product\/12871","targetHints":{"allow":["GET"]}}],"collection":[{"href":"https:\/\/aptecnologia.com.ar\/new\/wp-json\/wp\/v2\/product"}],"about":[{"href":"https:\/\/aptecnologia.com.ar\/new\/wp-json\/wp\/v2\/types\/product"}],"replies":[{"embeddable":true,"href":"https:\/\/aptecnologia.com.ar\/new\/wp-json\/wp\/v2\/comments?post=12871"}],"version-history":[{"count":1,"href":"https:\/\/aptecnologia.com.ar\/new\/wp-json\/wp\/v2\/product\/12871\/revisions"}],"predecessor-version":[{"id":15920,"href":"https:\/\/aptecnologia.com.ar\/new\/wp-json\/wp\/v2\/product\/12871\/revisions\/15920"}],"wp:featuredmedia":[{"embeddable":true,"href":"https:\/\/aptecnologia.com.ar\/new\/wp-json\/wp\/v2\/media\/12874"}],"wp:attachment":[{"href":"https:\/\/aptecnologia.com.ar\/new\/wp-json\/wp\/v2\/media?parent=12871"}],"wp:term":[{"taxonomy":"pwb-brand","embeddable":true,"href":"https:\/\/aptecnologia.com.ar\/new\/wp-json\/wp\/v2\/pwb-brand?post=12871"},{"taxonomy":"product_cat","embeddable":true,"href":"https:\/\/aptecnologia.com.ar\/new\/wp-json\/wp\/v2\/product_cat?post=12871"},{"taxonomy":"product_tag","embeddable":true,"href":"https:\/\/aptecnologia.com.ar\/new\/wp-json\/wp\/v2\/product_tag?post=12871"}],"curies":[{"name":"wp","href":"https:\/\/api.w.org\/{rel}","templated":true}]}}