{"id":12602,"date":"2023-02-28T13:14:15","date_gmt":"2023-02-28T13:14:15","guid":{"rendered":"https:\/\/aptecnologia.com.ar\/new\/?post_type=product&#038;p=12602"},"modified":"2023-02-28T13:14:15","modified_gmt":"2023-02-28T13:14:15","slug":"cable-usb-c-a-iphone-1m-netmak","status":"publish","type":"product","link":"https:\/\/aptecnologia.com.ar\/new\/productos\/cable-usb-c-a-iphone-1m-netmak\/","title":{"rendered":"Cable USB-C a Iphone 1m &#8211; NETMAK"},"content":{"rendered":"<p>Cable USB-C a Lighting 1m<br \/>\nEste cable es ideal para conectar tus dispositivos de manera f\u00e1cil y sencilla. As\u00ed, podr\u00e1s transferir tus datos en pocos pasos y de manera segura y confiable.<\/p>\n<p>Varias funcionalidades<br \/>\nEl cable de tipo USB fue dise\u00f1ado, originalmente, para realizar conexiones a trav\u00e9s de un solo tipo de puerto y cable. Actualmente, este tipo de cables tambi\u00e9n pueden alimentar dispositivos.<\/p>\n","protected":false},"excerpt":{"rendered":"<p>Productos compatibles: Apple,Iphone<br \/>\nLargo del cable: 1 m<br \/>\nTipo Cable: USB-C<\/p>\n","protected":false},"featured_media":12603,"comment_status":"open","ping_status":"closed","template":"","meta":[],"pwb-brand":[208],"product_cat":[197,196],"product_tag":[],"class_list":{"0":"post-12602","1":"product","2":"type-product","3":"status-publish","4":"has-post-thumbnail","6":"pwb-brand-netmak","7":"product_cat-accesorios-celulares","8":"product_cat-celulares","10":"first","11":"instock","12":"shipping-taxable","13":"purchasable","14":"product-type-simple"},"brands":[{"id":208,"name":"Netmak","slug":"netmak"}],"_links":{"self":[{"href":"https:\/\/aptecnologia.com.ar\/new\/wp-json\/wp\/v2\/product\/12602","targetHints":{"allow":["GET"]}}],"collection":[{"href":"https:\/\/aptecnologia.com.ar\/new\/wp-json\/wp\/v2\/product"}],"about":[{"href":"https:\/\/aptecnologia.com.ar\/new\/wp-json\/wp\/v2\/types\/product"}],"replies":[{"embeddable":true,"href":"https:\/\/aptecnologia.com.ar\/new\/wp-json\/wp\/v2\/comments?post=12602"}],"version-history":[{"count":0,"href":"https:\/\/aptecnologia.com.ar\/new\/wp-json\/wp\/v2\/product\/12602\/revisions"}],"wp:featuredmedia":[{"embeddable":true,"href":"https:\/\/aptecnologia.com.ar\/new\/wp-json\/wp\/v2\/media\/12603"}],"wp:attachment":[{"href":"https:\/\/aptecnologia.com.ar\/new\/wp-json\/wp\/v2\/media?parent=12602"}],"wp:term":[{"taxonomy":"pwb-brand","embeddable":true,"href":"https:\/\/aptecnologia.com.ar\/new\/wp-json\/wp\/v2\/pwb-brand?post=12602"},{"taxonomy":"product_cat","embeddable":true,"href":"https:\/\/aptecnologia.com.ar\/new\/wp-json\/wp\/v2\/product_cat?post=12602"},{"taxonomy":"product_tag","embeddable":true,"href":"https:\/\/aptecnologia.com.ar\/new\/wp-json\/wp\/v2\/product_tag?post=12602"}],"curies":[{"name":"wp","href":"https:\/\/api.w.org\/{rel}","templated":true}]}}