{"id":12598,"date":"2023-02-27T23:24:34","date_gmt":"2023-02-27T23:24:34","guid":{"rendered":"https:\/\/aptecnologia.com.ar\/new\/?post_type=product&#038;p=12598"},"modified":"2023-02-27T23:24:35","modified_gmt":"2023-02-27T23:24:35","slug":"conversor-hdmi-a-vga-audio-netmak","status":"publish","type":"product","link":"https:\/\/aptecnologia.com.ar\/new\/productos\/conversor-hdmi-a-vga-audio-netmak\/","title":{"rendered":"Conversor HDMI a VGA + Audio &#8211; NETMAK"},"content":{"rendered":"<p>Convierte HDMI HD 1080P a VGA. As\u00ed puedes conectar un monitor o proyector sin una salida HDMI.Circuito integrado que admite la mayor\u00eda de las salidas HDMI y tiene entrada VGA.<br \/>\nNo requiere alimentaci\u00f3n externa, se alimenta a trav\u00e9s de la se\u00f1al HDMI.<br \/>\nResoluci\u00f3n hasta 1080P. Funciona con HDMI 1.3.<br \/>\nResoluciones admitidas: 480i, 480p, 576i, 576p, 720i,<\/p>\n","protected":false},"excerpt":{"rendered":"<p>Cantidad de conectores de entrada: 1<br \/>\nCantidad de conectores de salida: 1<br \/>\nConector de entrada: HDMI<br \/>\nConector de salida: VGA<\/p>\n","protected":false},"featured_media":12599,"comment_status":"open","ping_status":"closed","template":"","meta":[],"pwb-brand":[208],"product_cat":[174,66],"product_tag":[],"class_list":{"0":"post-12598","1":"product","2":"type-product","3":"status-publish","4":"has-post-thumbnail","6":"pwb-brand-netmak","7":"product_cat-cables-y-adaptadores","8":"product_cat-computacion","10":"first","11":"instock","12":"shipping-taxable","13":"purchasable","14":"product-type-simple"},"brands":[{"id":208,"name":"Netmak","slug":"netmak"}],"_links":{"self":[{"href":"https:\/\/aptecnologia.com.ar\/new\/wp-json\/wp\/v2\/product\/12598","targetHints":{"allow":["GET"]}}],"collection":[{"href":"https:\/\/aptecnologia.com.ar\/new\/wp-json\/wp\/v2\/product"}],"about":[{"href":"https:\/\/aptecnologia.com.ar\/new\/wp-json\/wp\/v2\/types\/product"}],"replies":[{"embeddable":true,"href":"https:\/\/aptecnologia.com.ar\/new\/wp-json\/wp\/v2\/comments?post=12598"}],"version-history":[{"count":0,"href":"https:\/\/aptecnologia.com.ar\/new\/wp-json\/wp\/v2\/product\/12598\/revisions"}],"wp:featuredmedia":[{"embeddable":true,"href":"https:\/\/aptecnologia.com.ar\/new\/wp-json\/wp\/v2\/media\/12599"}],"wp:attachment":[{"href":"https:\/\/aptecnologia.com.ar\/new\/wp-json\/wp\/v2\/media?parent=12598"}],"wp:term":[{"taxonomy":"pwb-brand","embeddable":true,"href":"https:\/\/aptecnologia.com.ar\/new\/wp-json\/wp\/v2\/pwb-brand?post=12598"},{"taxonomy":"product_cat","embeddable":true,"href":"https:\/\/aptecnologia.com.ar\/new\/wp-json\/wp\/v2\/product_cat?post=12598"},{"taxonomy":"product_tag","embeddable":true,"href":"https:\/\/aptecnologia.com.ar\/new\/wp-json\/wp\/v2\/product_tag?post=12598"}],"curies":[{"name":"wp","href":"https:\/\/api.w.org\/{rel}","templated":true}]}}