{"id":12581,"date":"2023-02-27T17:08:28","date_gmt":"2023-02-27T17:08:28","guid":{"rendered":"https:\/\/aptecnologia.com.ar\/new\/?post_type=product&#038;p=12581"},"modified":"2023-09-11T16:08:19","modified_gmt":"2023-09-11T19:08:19","slug":"cable-usb-a-micro-usb-1-5m-netmak","status":"publish","type":"product","link":"https:\/\/aptecnologia.com.ar\/new\/productos\/cable-usb-a-micro-usb-1-5m-netmak\/","title":{"rendered":"Cable USB a Micro USB 1.5M &#8211; NETMAK"},"content":{"rendered":"<p>Este cable es ideal para conectar tus dispositivos de manera f\u00e1cil y sencilla. As\u00ed, podr\u00e1s transferir tus datos en pocos pasos y de manera segura y confiable.<\/p>\n","protected":false},"excerpt":{"rendered":"<p>Con entrada Micro Usb y salida Micro-USB.<br \/>\nConecta tus dispositivos y transfiere tus datos con facilidad.<\/p>\n","protected":false},"featured_media":12583,"comment_status":"open","ping_status":"closed","template":"","meta":[],"pwb-brand":[208],"product_cat":[174,66],"product_tag":[],"class_list":{"0":"post-12581","1":"product","2":"type-product","3":"status-publish","4":"has-post-thumbnail","6":"pwb-brand-netmak","7":"product_cat-cables-y-adaptadores","8":"product_cat-computacion","10":"first","11":"outofstock","12":"shipping-taxable","13":"purchasable","14":"product-type-simple"},"brands":[{"id":208,"name":"Netmak","slug":"netmak"}],"_links":{"self":[{"href":"https:\/\/aptecnologia.com.ar\/new\/wp-json\/wp\/v2\/product\/12581","targetHints":{"allow":["GET"]}}],"collection":[{"href":"https:\/\/aptecnologia.com.ar\/new\/wp-json\/wp\/v2\/product"}],"about":[{"href":"https:\/\/aptecnologia.com.ar\/new\/wp-json\/wp\/v2\/types\/product"}],"replies":[{"embeddable":true,"href":"https:\/\/aptecnologia.com.ar\/new\/wp-json\/wp\/v2\/comments?post=12581"}],"version-history":[{"count":0,"href":"https:\/\/aptecnologia.com.ar\/new\/wp-json\/wp\/v2\/product\/12581\/revisions"}],"wp:featuredmedia":[{"embeddable":true,"href":"https:\/\/aptecnologia.com.ar\/new\/wp-json\/wp\/v2\/media\/12583"}],"wp:attachment":[{"href":"https:\/\/aptecnologia.com.ar\/new\/wp-json\/wp\/v2\/media?parent=12581"}],"wp:term":[{"taxonomy":"pwb-brand","embeddable":true,"href":"https:\/\/aptecnologia.com.ar\/new\/wp-json\/wp\/v2\/pwb-brand?post=12581"},{"taxonomy":"product_cat","embeddable":true,"href":"https:\/\/aptecnologia.com.ar\/new\/wp-json\/wp\/v2\/product_cat?post=12581"},{"taxonomy":"product_tag","embeddable":true,"href":"https:\/\/aptecnologia.com.ar\/new\/wp-json\/wp\/v2\/product_tag?post=12581"}],"curies":[{"name":"wp","href":"https:\/\/api.w.org\/{rel}","templated":true}]}}