{"id":12555,"date":"2023-02-22T20:24:18","date_gmt":"2023-02-22T20:24:18","guid":{"rendered":"https:\/\/aptecnologia.com.ar\/new\/?post_type=product&#038;p=12555"},"modified":"2023-02-22T20:24:18","modified_gmt":"2023-02-22T20:24:18","slug":"monitor-19-a330n-samsung","status":"publish","type":"product","link":"https:\/\/aptecnologia.com.ar\/new\/productos\/monitor-19-a330n-samsung\/","title":{"rendered":"Monitor 19&#8243; A330N &#8211; SAMSUNG"},"content":{"rendered":"<p>Monitor HD de 19 \u201cpara una inform\u00e1tica extendida m\u00e1s c\u00f3moda con tecnolog\u00eda de confort visual.<\/p>\n<p>Especificaciones t\u00e9cnicas:<br \/>\n&#8211; Marca : Samsung<br \/>\n&#8211; Modelo : S19A330NHL<br \/>\n&#8211; P\/N : LS19A330NHLXZB<br \/>\n&#8211; UPC : 8806090979965<br \/>\n&#8211; Color : Negro<br \/>\n&#8211; Tama\u00f1o de panel : 19&#8243;<br \/>\n&#8211; Curvo\/Plano : Plano<br \/>\n&#8211; Colores : 16.7M<br \/>\n&#8211; Tipo de panel : TN<br \/>\n&#8211; Resoluci\u00f3n : 1366 x 768<br \/>\n&#8211; Brillo(Max) : 250 cd\/m2<br \/>\n&#8211; \u00c1ngulo de vision : 90 grados \/ 65 grados<br \/>\n&#8211; Parlantes : No<br \/>\n&#8211; Conectividad : 1 x HDMI, 1 x VGA<br \/>\n&#8211; Frecuencia de actualizacion : 60 Hz<br \/>\n&#8211; Tiempo de respuesta (ms) : 5 ms<br \/>\n&#8211; Voltaje : 100-240 V, 50\/60 Hz<br \/>\n&#8211; Inclinaci\u00f3n : No<br \/>\n&#8211; Giratorio : No<br \/>\n&#8211; Pivote : No<br \/>\n&#8211; Ajuste en altura : No<br \/>\n&#8211; VESA : No<br \/>\n&#8211; Bloqueo Kensington : No<br \/>\n&#8211; Freesync\/Gsync : No<\/p>\n","protected":false},"excerpt":{"rendered":"<p>Tama\u00f1o de panel : 19&#8243;<br \/>\nPlano<br \/>\nColores : 16.7M<br \/>\nTipo de panel : TN<br \/>\nResoluci\u00f3n : 1366 x 768<br \/>\nConectividad : 1 x HDMI, 1 x VGA<\/p>\n","protected":false},"featured_media":12558,"comment_status":"open","ping_status":"closed","template":"","meta":[],"pwb-brand":[56],"product_cat":[66,81],"product_tag":[],"class_list":{"0":"post-12555","1":"product","2":"type-product","3":"status-publish","4":"has-post-thumbnail","6":"pwb-brand-samsung","7":"product_cat-computacion","8":"product_cat-monitores","10":"first","11":"instock","12":"shipping-taxable","13":"purchasable","14":"product-type-simple"},"brands":[{"id":56,"name":"Samsung","slug":"samsung"}],"_links":{"self":[{"href":"https:\/\/aptecnologia.com.ar\/new\/wp-json\/wp\/v2\/product\/12555","targetHints":{"allow":["GET"]}}],"collection":[{"href":"https:\/\/aptecnologia.com.ar\/new\/wp-json\/wp\/v2\/product"}],"about":[{"href":"https:\/\/aptecnologia.com.ar\/new\/wp-json\/wp\/v2\/types\/product"}],"replies":[{"embeddable":true,"href":"https:\/\/aptecnologia.com.ar\/new\/wp-json\/wp\/v2\/comments?post=12555"}],"version-history":[{"count":0,"href":"https:\/\/aptecnologia.com.ar\/new\/wp-json\/wp\/v2\/product\/12555\/revisions"}],"wp:featuredmedia":[{"embeddable":true,"href":"https:\/\/aptecnologia.com.ar\/new\/wp-json\/wp\/v2\/media\/12558"}],"wp:attachment":[{"href":"https:\/\/aptecnologia.com.ar\/new\/wp-json\/wp\/v2\/media?parent=12555"}],"wp:term":[{"taxonomy":"pwb-brand","embeddable":true,"href":"https:\/\/aptecnologia.com.ar\/new\/wp-json\/wp\/v2\/pwb-brand?post=12555"},{"taxonomy":"product_cat","embeddable":true,"href":"https:\/\/aptecnologia.com.ar\/new\/wp-json\/wp\/v2\/product_cat?post=12555"},{"taxonomy":"product_tag","embeddable":true,"href":"https:\/\/aptecnologia.com.ar\/new\/wp-json\/wp\/v2\/product_tag?post=12555"}],"curies":[{"name":"wp","href":"https:\/\/api.w.org\/{rel}","templated":true}]}}