{"id":12531,"date":"2023-02-22T18:55:53","date_gmt":"2023-02-22T18:55:53","guid":{"rendered":"https:\/\/aptecnologia.com.ar\/new\/?post_type=product&#038;p=12531"},"modified":"2023-02-22T19:00:55","modified_gmt":"2023-02-22T19:00:55","slug":"acces-point-unifi-ac-hd-ubiquiti","status":"publish","type":"product","link":"https:\/\/aptecnologia.com.ar\/new\/productos\/acces-point-unifi-ac-hd-ubiquiti\/","title":{"rendered":"Acces Point Unifi AC HD &#8211; UBIQUITI"},"content":{"rendered":"<p>Con el access point Ubiquiti podr\u00e1s interconectar redes inal\u00e1mbricas logrando as\u00ed una conexi\u00f3n estable y segura entre la red y el dispositivo de destino.<\/p>\n<p>Dise\u00f1o cuidado y alto rendimiento<br \/>\nEste punto de acceso, sello de la marca Ubiquiti, te permitir\u00e1 establecer redes potentes y seguras. A trav\u00e9s de este dispositivo vas a poder crear un \u00e1rea local para proyectar se\u00f1al de wifi en ambientes de grandes dimensiones.<\/p>\n<p>Conexi\u00f3n sin cables<br \/>\nCon este equipo inal\u00e1mbrico podr\u00e1s desplazarte con total libertad por tu casa u oficina y disfrutar de la conexi\u00f3n sin estar pendiente de los cables.<\/p>\n<p>Informaci\u00f3n que vuela<br \/>\nSin importar la cantidad de artefactos conectados ni la magnitud de los datos, tu conexi\u00f3n ser\u00e1 impresionante. Con una velocidad de 2533 Mbps, los tiempos de cargas lentas quedaron atr\u00e1s.<\/p>\n<p>Gran alcance y estabilidad<br \/>\n\u00a1Mantenete siempre en l\u00ednea! Con su doble banda logr\u00e1 un mayor alcance y una mejor estabilidad de la frecuencia.<\/p>\n","protected":false},"excerpt":{"rendered":"<p>Conexi\u00f3n inal\u00e1mbrica.<br \/>\nOfrece una velocidad de 2533Mbps.<br \/>\nBanda doble de 2.4 GHz y 5 GHz.<br \/>\nTiene 3 puertos para conectarse.<\/p>\n","protected":false},"featured_media":12533,"comment_status":"open","ping_status":"closed","template":"","meta":[],"pwb-brand":[237],"product_cat":[82,70],"product_tag":[],"class_list":{"0":"post-12531","1":"product","2":"type-product","3":"status-publish","4":"has-post-thumbnail","6":"pwb-brand-ubquiti","7":"product_cat-routers-y-modems","8":"product_cat-conectividad-y-redes","10":"first","11":"instock","12":"shipping-taxable","13":"purchasable","14":"product-type-simple"},"brands":[{"id":237,"name":"Ubiquiti","slug":"ubquiti"}],"_links":{"self":[{"href":"https:\/\/aptecnologia.com.ar\/new\/wp-json\/wp\/v2\/product\/12531","targetHints":{"allow":["GET"]}}],"collection":[{"href":"https:\/\/aptecnologia.com.ar\/new\/wp-json\/wp\/v2\/product"}],"about":[{"href":"https:\/\/aptecnologia.com.ar\/new\/wp-json\/wp\/v2\/types\/product"}],"replies":[{"embeddable":true,"href":"https:\/\/aptecnologia.com.ar\/new\/wp-json\/wp\/v2\/comments?post=12531"}],"version-history":[{"count":0,"href":"https:\/\/aptecnologia.com.ar\/new\/wp-json\/wp\/v2\/product\/12531\/revisions"}],"wp:featuredmedia":[{"embeddable":true,"href":"https:\/\/aptecnologia.com.ar\/new\/wp-json\/wp\/v2\/media\/12533"}],"wp:attachment":[{"href":"https:\/\/aptecnologia.com.ar\/new\/wp-json\/wp\/v2\/media?parent=12531"}],"wp:term":[{"taxonomy":"pwb-brand","embeddable":true,"href":"https:\/\/aptecnologia.com.ar\/new\/wp-json\/wp\/v2\/pwb-brand?post=12531"},{"taxonomy":"product_cat","embeddable":true,"href":"https:\/\/aptecnologia.com.ar\/new\/wp-json\/wp\/v2\/product_cat?post=12531"},{"taxonomy":"product_tag","embeddable":true,"href":"https:\/\/aptecnologia.com.ar\/new\/wp-json\/wp\/v2\/product_tag?post=12531"}],"curies":[{"name":"wp","href":"https:\/\/api.w.org\/{rel}","templated":true}]}}