{"id":12457,"date":"2023-02-10T13:32:28","date_gmt":"2023-02-10T13:32:28","guid":{"rendered":"https:\/\/aptecnologia.com.ar\/new\/?post_type=product&#038;p=12457"},"modified":"2023-06-27T10:47:43","modified_gmt":"2023-06-27T13:47:43","slug":"mini-proyector-1200-lum-portatil-hdmi-usb-pu-gadnic","status":"publish","type":"product","link":"https:\/\/aptecnologia.com.ar\/new\/productos\/mini-proyector-1200-lum-portatil-hdmi-usb-pu-gadnic\/","title":{"rendered":"Mini Proyector 1200 Lum portatil HDMI USB (PU) &#8211; GADNIC"},"content":{"rendered":"<p>El mini proyector Gadnic es un producto imprescindible tanto para los ni\u00f1os como para los adultos. Ideal para dibujos animados, v\u00eddeos juegos juegos o hasta presentaciones de Excel, Power Point en el trabajo.<br \/>\nSu tama\u00f1o lo hace ideal para poder transportarlo. Tanto en las vacaciones como en la rutina del dia a dia.<br \/>\nDise\u00f1o compacto y port\u00e1til que hace que sea m\u00e1s f\u00e1cil de llevar a cualquier lugar y en cualquier momento.<\/p>\n<p>El proyector Gadnic Spectacular est\u00e1 equipado con m\u00faltiples puertos para facilidad de uso, incluyendo HDMI, USB, audio y interfaz AV. Se puede conectar a Fire-Stick, Roku Stick, Chromecast, Tablet\/iPad, port\u00e1til, MacBook, reproductor de Blu-ray, DVD, etc. Tambi\u00e9n puedes utilizar un cable HDMI para proyectar tu smartphone f\u00e1cilmente ( incluido).<\/p>\n<p>Potente altavoz integrado que puede ofrecer un sonido claro que satisfar\u00e1 tus necesidades diarias, como jugar video juegos o ver peliculas. Tambi\u00e9n inspirar a los ni\u00f1os el inter\u00e9s de aprendizaje. Ideal para videos de youtube.<\/p>\n","protected":false},"excerpt":{"rendered":"<p>Conexiones de entrada: VGA, AUX, HDMI, USB.<br \/>\nConexiones de salida: AV, USB, AUDIO, HDMI.<br \/>\nConsumo energ\u00e9tico de 120W.<br \/>\nResoluci\u00f3n nativa: 640px x 360px.<br \/>\nSoporta resoluciones Full HD 1080p.<br \/>\nTecnolog\u00eda de proyecci\u00f3n LED.<br \/>\nRelaci\u00f3n de contraste 1000:1.<br \/>\nProyecta imagen de 40&#8243; &#8211; 150&#8243;.<br \/>\nIncluye control remoto.<br \/>\nCon parlante incorporado en el proyector.<\/p>\n","protected":false},"featured_media":12464,"comment_status":"open","ping_status":"closed","template":"","meta":[],"pwb-brand":[101],"product_cat":[186,67],"product_tag":[],"class_list":{"0":"post-12457","1":"product","2":"type-product","3":"status-publish","4":"has-post-thumbnail","6":"pwb-brand-gadnic","7":"product_cat-proyectores","8":"product_cat-audio-y-video","10":"first","11":"outofstock","12":"shipping-taxable","13":"purchasable","14":"product-type-simple"},"brands":[{"id":101,"name":"Gadnic","slug":"gadnic"}],"_links":{"self":[{"href":"https:\/\/aptecnologia.com.ar\/new\/wp-json\/wp\/v2\/product\/12457","targetHints":{"allow":["GET"]}}],"collection":[{"href":"https:\/\/aptecnologia.com.ar\/new\/wp-json\/wp\/v2\/product"}],"about":[{"href":"https:\/\/aptecnologia.com.ar\/new\/wp-json\/wp\/v2\/types\/product"}],"replies":[{"embeddable":true,"href":"https:\/\/aptecnologia.com.ar\/new\/wp-json\/wp\/v2\/comments?post=12457"}],"version-history":[{"count":0,"href":"https:\/\/aptecnologia.com.ar\/new\/wp-json\/wp\/v2\/product\/12457\/revisions"}],"wp:featuredmedia":[{"embeddable":true,"href":"https:\/\/aptecnologia.com.ar\/new\/wp-json\/wp\/v2\/media\/12464"}],"wp:attachment":[{"href":"https:\/\/aptecnologia.com.ar\/new\/wp-json\/wp\/v2\/media?parent=12457"}],"wp:term":[{"taxonomy":"pwb-brand","embeddable":true,"href":"https:\/\/aptecnologia.com.ar\/new\/wp-json\/wp\/v2\/pwb-brand?post=12457"},{"taxonomy":"product_cat","embeddable":true,"href":"https:\/\/aptecnologia.com.ar\/new\/wp-json\/wp\/v2\/product_cat?post=12457"},{"taxonomy":"product_tag","embeddable":true,"href":"https:\/\/aptecnologia.com.ar\/new\/wp-json\/wp\/v2\/product_tag?post=12457"}],"curies":[{"name":"wp","href":"https:\/\/api.w.org\/{rel}","templated":true}]}}