{"id":12450,"date":"2023-02-10T13:05:35","date_gmt":"2023-02-10T13:05:35","guid":{"rendered":"https:\/\/aptecnologia.com.ar\/new\/?post_type=product&#038;p=12450"},"modified":"2023-07-24T15:34:51","modified_gmt":"2023-07-24T18:34:51","slug":"impresora-eco-tank-l3250-epson","status":"publish","type":"product","link":"https:\/\/aptecnologia.com.ar\/new\/productos\/impresora-eco-tank-l3250-epson\/","title":{"rendered":"Multifunci\u00f3n Eco Tank Color L3250 &#8211; EPSON"},"content":{"rendered":"<p>Epson busca que sus clientes obtengan el m\u00e1ximo provecho de sus productos. Por ello, brinda soluciones de impresi\u00f3n con una amplia gama de dispositivos que cubren todos los usos y necesidades, tanto en casa como en el trabajo.<\/p>\n<p>Eficiencia y calidad<br \/>\nImprim\u00ed archivos, escane\u00e1 documentos y hac\u00e9 todas las fotocopias que necesit\u00e9s con esta impresora multifunci\u00f3n Epson, siempre lista para facilitar tu rutina de trabajo o estudio.<\/p>\n<p>Perfecta para tu hogar o la oficina<br \/>\nAl ser a tinta te permitir\u00e1 lograr impresiones de gran calidad con colores vivos y degradados suaves. Ocupa poco espacio y es f\u00e1cil de manejar lo que la convierte en la opci\u00f3n ideal para cuestiones laborales, tareas escolares y requerimientos de la vida diaria.<\/p>\n<p>Conectividad m\u00f3vil<br \/>\nAhora pod\u00e9s imprimir f\u00e1cilmente desde tu celular o tablet sin importar en donde te encuentres y sin la asistencia de una computadora. Disfrut\u00e1 de sus soluciones de impresi\u00f3n m\u00f3vil, utiliz\u00e1 la que m\u00e1s te guste y ten\u00e9 tus documentos en solo segundos.<\/p>\n","protected":false},"excerpt":{"rendered":"<p>Imprime, escanea y hace copias.<br \/>\nTecnolog\u00eda de impresi\u00f3n: inyecci\u00f3n de tinta.<br \/>\nPosee pantalla LCD para visualizar el proceso.<br \/>\nTiene entrada USB.<br \/>\nCapacidad m\u00e1xima de 100 hojas.<br \/>\nSoporta papel tama\u00f1o Carta, A4, Ejecutivo, Media carta, A6,<br \/>\nOficio, Oficio M\u00e9xico, Oficio 9, 5 x 7 \u00ab, Folio, Foto 10 x 15 cm,<br \/>\nSobre N10, Foto 13 x 18 cm, Foto 16:9<\/p>\n","protected":false},"featured_media":12455,"comment_status":"open","ping_status":"closed","template":"","meta":[],"pwb-brand":[171],"product_cat":[66,272,165,268,89],"product_tag":[175],"class_list":{"0":"post-12450","1":"product","2":"type-product","3":"status-publish","4":"has-post-thumbnail","6":"pwb-brand-epson","7":"product_cat-computacion","8":"product_cat-ecotankcolor","9":"product_cat-impresoras","10":"product_cat-multifuncion","11":"product_cat-impresion","12":"product_tag-vuelta_a_clases","14":"first","15":"outofstock","16":"shipping-taxable","17":"purchasable","18":"product-type-simple"},"brands":[{"id":171,"name":"Epson","slug":"epson"}],"_links":{"self":[{"href":"https:\/\/aptecnologia.com.ar\/new\/wp-json\/wp\/v2\/product\/12450","targetHints":{"allow":["GET"]}}],"collection":[{"href":"https:\/\/aptecnologia.com.ar\/new\/wp-json\/wp\/v2\/product"}],"about":[{"href":"https:\/\/aptecnologia.com.ar\/new\/wp-json\/wp\/v2\/types\/product"}],"replies":[{"embeddable":true,"href":"https:\/\/aptecnologia.com.ar\/new\/wp-json\/wp\/v2\/comments?post=12450"}],"version-history":[{"count":0,"href":"https:\/\/aptecnologia.com.ar\/new\/wp-json\/wp\/v2\/product\/12450\/revisions"}],"wp:featuredmedia":[{"embeddable":true,"href":"https:\/\/aptecnologia.com.ar\/new\/wp-json\/wp\/v2\/media\/12455"}],"wp:attachment":[{"href":"https:\/\/aptecnologia.com.ar\/new\/wp-json\/wp\/v2\/media?parent=12450"}],"wp:term":[{"taxonomy":"pwb-brand","embeddable":true,"href":"https:\/\/aptecnologia.com.ar\/new\/wp-json\/wp\/v2\/pwb-brand?post=12450"},{"taxonomy":"product_cat","embeddable":true,"href":"https:\/\/aptecnologia.com.ar\/new\/wp-json\/wp\/v2\/product_cat?post=12450"},{"taxonomy":"product_tag","embeddable":true,"href":"https:\/\/aptecnologia.com.ar\/new\/wp-json\/wp\/v2\/product_tag?post=12450"}],"curies":[{"name":"wp","href":"https:\/\/api.w.org\/{rel}","templated":true}]}}