{"id":12436,"date":"2023-02-09T16:52:25","date_gmt":"2023-02-09T16:52:25","guid":{"rendered":"https:\/\/aptecnologia.com.ar\/new\/?post_type=product&#038;p=12436"},"modified":"2023-02-09T16:52:25","modified_gmt":"2023-02-09T16:52:25","slug":"combo-tecladomouse-km8101-wireless-genius","status":"publish","type":"product","link":"https:\/\/aptecnologia.com.ar\/new\/productos\/combo-tecladomouse-km8101-wireless-genius\/","title":{"rendered":"Combo teclado+mouse KM8101 Wireless &#8211; GENIUS"},"content":{"rendered":"<p>Trabaj\u00e1, naveg\u00e1 y divertite con tu mouse y teclado Genius. Tiene un dise\u00f1o simple y utilitario, pero es duradero y no te va a defraudar. En relaci\u00f3n precio calidad, este kit es muy bueno.<\/p>\n<p>&#8211; Frecuencia RF 2,4 GHz<br \/>\n&#8211; Tipo de tecla Llave redonda delgada<br \/>\n&#8211; Teclas de funci\u00f3n S\u00ed, 12 (8 de audio, 4 de Internet)<br \/>\n&#8211; Teclas multimedia S\u00ed<br \/>\n&#8211; Motor de sensor de rat\u00f3n \u00d3ptico<br \/>\n&#8211; Resoluci\u00f3n del rat\u00f3n (DPI) 1000<br \/>\n&#8211; Peso (g) Teclado: Aprox. 403 g<br \/>\n&#8211; Rat\u00f3n: Aprox. 54.5 g<br \/>\n&#8211; Dimensiones (A x A x P) mm (pulgadas) Teclado: 440.51 x 139.7 x 27.1 mm<br \/>\n&#8211; Rat\u00f3n: 97 x 55 x 35 mm<br \/>\n&#8211; Requisitos del sistema Windows 8, 10, 11 o posterior \/ Mac OS X 10.8 o posterior<br \/>\n&#8211; Puerto USB disponible<br \/>\n&#8211; Colores Negro<\/p>\n<p>&#8211; Contenido de la caja KM-8101 Teclado inal\u00e1mbrico<br \/>\n&#8211; KM-8101 Rat\u00f3n inal\u00e1mbrico<br \/>\n&#8211; Receptor USB x1<br \/>\n&#8211; AA Pilas para teclado x1<br \/>\n&#8211; AA Pilas para rat\u00f3n x1<br \/>\n&#8211; Manual del usuario en varios idiomas<\/p>\n","protected":false},"excerpt":{"rendered":"<p>Modelo detallado: KM-8101 COMBO<br \/>\nIncluye bater\u00eda: S\u00ed<br \/>\nEs inal\u00e1mbrico: S\u00ed<br \/>\nEs recargable: No<br \/>\nEs gamer: No<br \/>\nEs teclado para una mano: No<\/p>\n","protected":false},"featured_media":12437,"comment_status":"open","ping_status":"closed","template":"","meta":[],"pwb-brand":[109],"product_cat":[115,66,90],"product_tag":[],"class_list":{"0":"post-12436","1":"product","2":"type-product","3":"status-publish","4":"has-post-thumbnail","6":"pwb-brand-genius","7":"product_cat-combos","8":"product_cat-computacion","9":"product_cat-perifericos","11":"first","12":"instock","13":"shipping-taxable","14":"purchasable","15":"product-type-simple"},"brands":[{"id":109,"name":"Genius","slug":"genius"}],"_links":{"self":[{"href":"https:\/\/aptecnologia.com.ar\/new\/wp-json\/wp\/v2\/product\/12436","targetHints":{"allow":["GET"]}}],"collection":[{"href":"https:\/\/aptecnologia.com.ar\/new\/wp-json\/wp\/v2\/product"}],"about":[{"href":"https:\/\/aptecnologia.com.ar\/new\/wp-json\/wp\/v2\/types\/product"}],"replies":[{"embeddable":true,"href":"https:\/\/aptecnologia.com.ar\/new\/wp-json\/wp\/v2\/comments?post=12436"}],"version-history":[{"count":0,"href":"https:\/\/aptecnologia.com.ar\/new\/wp-json\/wp\/v2\/product\/12436\/revisions"}],"wp:featuredmedia":[{"embeddable":true,"href":"https:\/\/aptecnologia.com.ar\/new\/wp-json\/wp\/v2\/media\/12437"}],"wp:attachment":[{"href":"https:\/\/aptecnologia.com.ar\/new\/wp-json\/wp\/v2\/media?parent=12436"}],"wp:term":[{"taxonomy":"pwb-brand","embeddable":true,"href":"https:\/\/aptecnologia.com.ar\/new\/wp-json\/wp\/v2\/pwb-brand?post=12436"},{"taxonomy":"product_cat","embeddable":true,"href":"https:\/\/aptecnologia.com.ar\/new\/wp-json\/wp\/v2\/product_cat?post=12436"},{"taxonomy":"product_tag","embeddable":true,"href":"https:\/\/aptecnologia.com.ar\/new\/wp-json\/wp\/v2\/product_tag?post=12436"}],"curies":[{"name":"wp","href":"https:\/\/api.w.org\/{rel}","templated":true}]}}