{"id":12427,"date":"2023-02-09T16:38:16","date_gmt":"2023-02-09T16:38:16","guid":{"rendered":"https:\/\/aptecnologia.com.ar\/new\/?post_type=product&#038;p=12427"},"modified":"2025-03-25T22:15:21","modified_gmt":"2025-03-26T01:15:21","slug":"cargador-p-auto-18w-cable-usbc-samsung","status":"publish","type":"product","link":"https:\/\/aptecnologia.com.ar\/new\/productos\/cargador-p-auto-18w-cable-usbc-samsung\/","title":{"rendered":"Cargador p\/auto 18w + cable usbc &#8211; SAMSUNG"},"content":{"rendered":"<p>Mini pero poderoso<br \/>\nCarg\u00e1 r\u00e1pido mientras manej\u00e1s<br \/>\nIndicador de carga<\/p>\n<p>Mini pero poderoso<br \/>\nCon su dise\u00f1o de aluminio met\u00e1lico, el Samsung Car Charger combina minuciosamente con el interior de tu auto. Su tama\u00f1o compacto y sin complicaciones tambi\u00e9n asegura que no se interponga cuando quer\u00e9s mantener todo organizado mientras manej\u00e1s.<\/p>\n<p>Carg\u00e1 r\u00e1pido mientras manejas.<br \/>\nCargador de coche Samsung mini cuenta con carga r\u00e1pida adaptable para que pueda encender r\u00e1pidamente para ahorrar tiempo de inactividad. Su conectividad de puerto USB Tipo-A brinda compatibilidad retroactiva total para admitir dispositivos actuales y anteriores.<\/p>\n<p>Indicador de carga<br \/>\nGracias a su indicador de luz LED azul claramente visible, Samsung Car Charger mini te permite saber f\u00e1cilmente si tu dispositivo se est\u00e1 cargando o no mientras manejas.<\/p>\n<p>Especificaciones<br \/>\nCarga r\u00e1pida m\u00e1x.de 18W \/ Indicador LED<br \/>\nColor: Negro<br \/>\nDimensiones (Ancho x Alto x Profundidad): 56.3 x 26.0 x 26.0 mm<br \/>\nPeso: 19.94 g<\/p>\n","protected":false},"excerpt":{"rendered":"<p>Incluye cable: S\u00ed<br \/>\nTipo de cargador: De auto<br \/>\nTipo de velocidad de carga: R\u00e1pida<br \/>\nVoltaje de entrada: 12\/24V (Bivolt)<br \/>\nVoltaje de salida: 5.0 &#8211; 9V &#8212; 2.0A<\/p>\n","protected":false},"featured_media":12431,"comment_status":"open","ping_status":"closed","template":"","meta":[],"pwb-brand":[56],"product_cat":[197,196],"product_tag":[],"class_list":{"0":"post-12427","1":"product","2":"type-product","3":"status-publish","4":"has-post-thumbnail","6":"pwb-brand-samsung","7":"product_cat-accesorios-celulares","8":"product_cat-celulares","10":"first","11":"instock","12":"shipping-taxable","13":"purchasable","14":"product-type-simple"},"brands":[{"id":56,"name":"Samsung","slug":"samsung"}],"_links":{"self":[{"href":"https:\/\/aptecnologia.com.ar\/new\/wp-json\/wp\/v2\/product\/12427","targetHints":{"allow":["GET"]}}],"collection":[{"href":"https:\/\/aptecnologia.com.ar\/new\/wp-json\/wp\/v2\/product"}],"about":[{"href":"https:\/\/aptecnologia.com.ar\/new\/wp-json\/wp\/v2\/types\/product"}],"replies":[{"embeddable":true,"href":"https:\/\/aptecnologia.com.ar\/new\/wp-json\/wp\/v2\/comments?post=12427"}],"version-history":[{"count":0,"href":"https:\/\/aptecnologia.com.ar\/new\/wp-json\/wp\/v2\/product\/12427\/revisions"}],"wp:featuredmedia":[{"embeddable":true,"href":"https:\/\/aptecnologia.com.ar\/new\/wp-json\/wp\/v2\/media\/12431"}],"wp:attachment":[{"href":"https:\/\/aptecnologia.com.ar\/new\/wp-json\/wp\/v2\/media?parent=12427"}],"wp:term":[{"taxonomy":"pwb-brand","embeddable":true,"href":"https:\/\/aptecnologia.com.ar\/new\/wp-json\/wp\/v2\/pwb-brand?post=12427"},{"taxonomy":"product_cat","embeddable":true,"href":"https:\/\/aptecnologia.com.ar\/new\/wp-json\/wp\/v2\/product_cat?post=12427"},{"taxonomy":"product_tag","embeddable":true,"href":"https:\/\/aptecnologia.com.ar\/new\/wp-json\/wp\/v2\/product_tag?post=12427"}],"curies":[{"name":"wp","href":"https:\/\/api.w.org\/{rel}","templated":true}]}}