{"id":12388,"date":"2023-02-06T17:57:40","date_gmt":"2023-02-06T17:57:40","guid":{"rendered":"https:\/\/aptecnologia.com.ar\/new\/?post_type=product&#038;p=12388"},"modified":"2023-02-06T18:01:18","modified_gmt":"2023-02-06T18:01:18","slug":"adaptador-usb-c-m-a-micro-usb-h-netmak","status":"publish","type":"product","link":"https:\/\/aptecnologia.com.ar\/new\/productos\/adaptador-usb-c-m-a-micro-usb-h-netmak\/","title":{"rendered":"Adaptador USB-C (M) a Micro USB (H) &#8211; NETMAK"},"content":{"rendered":"<p>Dise\u00f1o de versi\u00f3n mini: adaptador micro USB (hembra) a USB C (macho)<br \/>\nHecho de aluminio de alta calidad, una soluci\u00f3n minimalista para usar cables micro USB con tel\u00e9fonos USB-C, tabletas y port\u00e1tiles. Adaptador de cable de alta calidad para dispositivo USB C.<br \/>\nCarga y sincronizaci\u00f3n r\u00e1pidas: mediante el protocolo USB 2.0, carga tus dispositivos USB-C, soporta hasta 2,4 A y disfruta de una transferencia de datos r\u00e1pida a una velocidad de hasta 480 Mbps.<br \/>\nConstruido con resistencia de tracci\u00f3n de 56 K? para una calidad m\u00e1s segura y fiable.<br \/>\nF\u00e1cil de usar: simplemente enchufa y trabaja, no necesita instalaci\u00f3n.<br \/>\nCarga r\u00e1pida y sincronizaci\u00f3n de alta velocidad para dispositivo tipo C conectando con el cable micro USB est\u00e1ndar.<br \/>\nAumento de compatibilidad: compatible con todos los dispositivos USB C como Samsung Galaxy S10 S9 S8 Plus, Galaxy Note 9 8, Google Pixel 3 2 XL, LG V40 V35 V30 V20 G7 G6 G5, Nexus 6P 5X, Moto Z2 Z3, OnePlus 6 5 3T 2, HTC U12. MacBook 11. y mucho m\u00e1s.<\/p>\n","protected":false},"excerpt":{"rendered":"<p>adaptador micro USB (hembra) a USB C (macho)<\/p>\n","protected":false},"featured_media":12390,"comment_status":"open","ping_status":"closed","template":"","meta":[],"pwb-brand":[208],"product_cat":[174,66],"product_tag":[],"class_list":{"0":"post-12388","1":"product","2":"type-product","3":"status-publish","4":"has-post-thumbnail","6":"pwb-brand-netmak","7":"product_cat-cables-y-adaptadores","8":"product_cat-computacion","10":"first","11":"outofstock","12":"shipping-taxable","13":"purchasable","14":"product-type-simple"},"brands":[{"id":208,"name":"Netmak","slug":"netmak"}],"_links":{"self":[{"href":"https:\/\/aptecnologia.com.ar\/new\/wp-json\/wp\/v2\/product\/12388","targetHints":{"allow":["GET"]}}],"collection":[{"href":"https:\/\/aptecnologia.com.ar\/new\/wp-json\/wp\/v2\/product"}],"about":[{"href":"https:\/\/aptecnologia.com.ar\/new\/wp-json\/wp\/v2\/types\/product"}],"replies":[{"embeddable":true,"href":"https:\/\/aptecnologia.com.ar\/new\/wp-json\/wp\/v2\/comments?post=12388"}],"version-history":[{"count":0,"href":"https:\/\/aptecnologia.com.ar\/new\/wp-json\/wp\/v2\/product\/12388\/revisions"}],"wp:featuredmedia":[{"embeddable":true,"href":"https:\/\/aptecnologia.com.ar\/new\/wp-json\/wp\/v2\/media\/12390"}],"wp:attachment":[{"href":"https:\/\/aptecnologia.com.ar\/new\/wp-json\/wp\/v2\/media?parent=12388"}],"wp:term":[{"taxonomy":"pwb-brand","embeddable":true,"href":"https:\/\/aptecnologia.com.ar\/new\/wp-json\/wp\/v2\/pwb-brand?post=12388"},{"taxonomy":"product_cat","embeddable":true,"href":"https:\/\/aptecnologia.com.ar\/new\/wp-json\/wp\/v2\/product_cat?post=12388"},{"taxonomy":"product_tag","embeddable":true,"href":"https:\/\/aptecnologia.com.ar\/new\/wp-json\/wp\/v2\/product_tag?post=12388"}],"curies":[{"name":"wp","href":"https:\/\/api.w.org\/{rel}","templated":true}]}}