{"id":12376,"date":"2023-02-01T20:05:41","date_gmt":"2023-02-01T20:05:41","guid":{"rendered":"https:\/\/aptecnologia.com.ar\/new\/?post_type=product&#038;p=12376"},"modified":"2023-06-06T15:51:41","modified_gmt":"2023-06-06T18:51:41","slug":"acces-point-eap115-tp-link","status":"publish","type":"product","link":"https:\/\/aptecnologia.com.ar\/new\/productos\/acces-point-eap115-tp-link\/","title":{"rendered":"Acces Point EAP115 &#8211; TP-LINK"},"content":{"rendered":"<p>CARACTER\u00cdSTICAS DE HARDWARE<\/p>\n<p>Interface 1\u00d7 Fast Ethernet (RJ-45) Port (Support IEEE802.3af PoE)<br \/>\nBot\u00f3n Reset<br \/>\nFuente de Alimentaci\u00f3n PoE or external 9VDC\/0.6A power supply<br \/>\nConsumo de Energ\u00eda 2.8 W<br \/>\nDimensiones 7.5\u00d76.8\u00d71.2 in (189.4\u00d7172.3\u00d729.5mm)<br \/>\nTipo de Antena Internal 2\u00d7 4 dBi Omni<br \/>\nMontaje Ceiling \/Wall Mounting (Kits included)<\/p>\n<p>CARACTER\u00cdSTICAS INAL\u00c1MBRICAS<br \/>\nEst\u00e1ndares Inal\u00e1mbricos IEEE 802.11n, IEEE 802.11g, IEEE 802.11b<br \/>\nFrecuencia 2.4\u20132.4835 GHz<br \/>\nTasa de Se\u00f1al \u2022 11n: Up to 300Mbps(dynamic)<br \/>\n\u2022 11g: Up to 54Mbps(dynamic)<br \/>\n\u2022 11b: Up to 11Mbps(dynamic)<br \/>\nSensibilidad de Recepci\u00f3n \u2022 300M: -71dBm@10% PER<br \/>\n\u2022 150M: -75dBm@10% PER<br \/>\n\u2022 54M: -78dBm@10% PER<br \/>\n\u2022 11M: -93dBm@8% PER<br \/>\n\u2022 6M: -92dBm@10% PER<br \/>\n\u2022 1M: -96dBm@8% PER<br \/>\nFunciones Inal\u00e1mbricas \u2022 Multiple SSIDs (Up to 8 SSIDs)<br \/>\n\u2022 Enable\/Disable Wireless Radio<br \/>\n\u2022 Automatic Channel Assignment<br \/>\n\u2022 Transmit Power Control (Adjust Transmit Power on dBm)<br \/>\n\u2022 QoS(WMM)<br \/>\n\u2022 Rate Limit<br \/>\n\u2022 Reboot Schedule<br \/>\n\u2022 Wireless Schedule<br \/>\n\u2022 Wireless Statistics based on SSID\/AP\/Client<br \/>\nSeguridad Inal\u00e1mbrica \u2022 Captive Portal Authentication<br \/>\n\u2022 Access Control<br \/>\n\u2022 Wireless MAC Address Filtering<br \/>\n\u2022 Wireless Isolation Between Clients<br \/>\n\u2022 SSID to VLAN Mapping<br \/>\n\u2022 Rogue AP Detection<br \/>\n\u2022 802.1X Support<br \/>\n\u2022 64\/128\/152-bit WEP \/ WPA \/ WPA2-Enterprise,WPA-PSK \/ WPA2-PSK<br \/>\nPotencia de Transmisi\u00f3n \u2022 CE:<br \/>\n\u226419 dBm (EIRP)<br \/>\n\u2022 FCC:<br \/>\n\u226421 dBm<\/p>\n<p>ADMINISTRACI\u00d3N<br \/>\nOmada App Yes<br \/>\nCentralized Management \u2022 Omada Cloud-Based Controller<br \/>\n\u2022 Omada Hardware Controller (OC300)<br \/>\n\u2022 Omada Hardware Controller (OC200)<br \/>\n\u2022 Omada Software Controller<br \/>\nCloud Access Yes (Through OC300, OC200, Omada Cloud-Based Controller, or Omada Software Controller)<br \/>\nAlertas de Correo Electr\u00f3nico Yes<br \/>\nLED ON\/OFF Control Yes<br \/>\nManagement MAC Access Control Yes<br \/>\nSNMP v1,v2c<br \/>\nSystem Logging Local\/Remote Syslog Local\/Remote Syslog<br \/>\nSSH Yes<br \/>\nWeb-based Management HTTP\/HTTPS<br \/>\nManagement VLAN Yes<\/p>\n<p>OTROS<br \/>\nCertificacion CE, FCC, RoHS<br \/>\nContenidos del Paquete \u2022 300Mbps Wireless N Ceiling Mount Access Point EAP115<br \/>\n\u2022 Power Adapter<br \/>\n\u2022 Mounting Kits<br \/>\n\u2022 Installation Guide<br \/>\nRequisitos del Sistema Microsoft Windows 10\/8\/7\/Vista\/XP<br \/>\nAmbiente \u2022 Operating Temperature: 0\u201340 \u2103 (32\u2013104 \u2109)<br \/>\n\u2022 Storage Temperature: -40\u201370 \u2103 (-40\u2013158 \u2109)<br \/>\n\u2022 Operating Humidity: 10\u201390% RH non-condensing<br \/>\n\u2022 Storage Humidity: 5\u201390% RH non-condensing<\/p>\n","protected":false},"excerpt":{"rendered":"<p>Conexi\u00f3n inal\u00e1mbrica.<br \/>\nOfrece una velocidad de 300Mbps.<br \/>\nBanda \u00fanica de 2.4 GHz.<br \/>\nTiene 1 puerto para conectarse.<br \/>\nDimensiones: 180mm de ancho, 180mm de alto, 47.5mm de profundidad.<br \/>\nDispositivo que facilita conexi\u00f3n a la red.<\/p>\n","protected":false},"featured_media":12377,"comment_status":"open","ping_status":"closed","template":"","meta":[],"pwb-brand":[102],"product_cat":[82,70],"product_tag":[],"class_list":{"0":"post-12376","1":"product","2":"type-product","3":"status-publish","4":"has-post-thumbnail","6":"pwb-brand-tplink","7":"product_cat-routers-y-modems","8":"product_cat-conectividad-y-redes","10":"first","11":"instock","12":"shipping-taxable","13":"purchasable","14":"product-type-simple"},"brands":[{"id":102,"name":"Tp-Link","slug":"tplink"}],"_links":{"self":[{"href":"https:\/\/aptecnologia.com.ar\/new\/wp-json\/wp\/v2\/product\/12376","targetHints":{"allow":["GET"]}}],"collection":[{"href":"https:\/\/aptecnologia.com.ar\/new\/wp-json\/wp\/v2\/product"}],"about":[{"href":"https:\/\/aptecnologia.com.ar\/new\/wp-json\/wp\/v2\/types\/product"}],"replies":[{"embeddable":true,"href":"https:\/\/aptecnologia.com.ar\/new\/wp-json\/wp\/v2\/comments?post=12376"}],"version-history":[{"count":0,"href":"https:\/\/aptecnologia.com.ar\/new\/wp-json\/wp\/v2\/product\/12376\/revisions"}],"wp:featuredmedia":[{"embeddable":true,"href":"https:\/\/aptecnologia.com.ar\/new\/wp-json\/wp\/v2\/media\/12377"}],"wp:attachment":[{"href":"https:\/\/aptecnologia.com.ar\/new\/wp-json\/wp\/v2\/media?parent=12376"}],"wp:term":[{"taxonomy":"pwb-brand","embeddable":true,"href":"https:\/\/aptecnologia.com.ar\/new\/wp-json\/wp\/v2\/pwb-brand?post=12376"},{"taxonomy":"product_cat","embeddable":true,"href":"https:\/\/aptecnologia.com.ar\/new\/wp-json\/wp\/v2\/product_cat?post=12376"},{"taxonomy":"product_tag","embeddable":true,"href":"https:\/\/aptecnologia.com.ar\/new\/wp-json\/wp\/v2\/product_tag?post=12376"}],"curies":[{"name":"wp","href":"https:\/\/api.w.org\/{rel}","templated":true}]}}