{"id":12354,"date":"2022-12-26T19:12:28","date_gmt":"2022-12-26T19:12:28","guid":{"rendered":"https:\/\/aptecnologia.com.ar\/new\/?post_type=product&#038;p=12354"},"modified":"2023-02-03T16:52:04","modified_gmt":"2023-02-03T16:52:04","slug":"ups-ctb-2000ap-lyonn","status":"publish","type":"product","link":"https:\/\/aptecnologia.com.ar\/new\/productos\/ups-ctb-2000ap-lyonn\/","title":{"rendered":"UPS CTB-2000AP &#8211; LYONN"},"content":{"rendered":"<p>Estos UPS han sido dise\u00f1ados para<br \/>\nBrindar energ\u00eda segura, de calidad y<br \/>\nPara proteger ante un corte de energ\u00eda<br \/>\nApuestos de trabajo comerciales<br \/>\nY computadoras personales.<br \/>\nSu capacidad de regulaci\u00f3n<br \/>\nAutom\u00e1tica de tensi\u00f3n (AVR) corrige<br \/>\nLas condiciones de baja tensi\u00f3n y<br \/>\nSobretensi\u00f3n m\u00e1s graves sin utilizar la<br \/>\nBater\u00eda y as\u00ed preserva la energ\u00eda para<br \/>\nMomentos cr\u00edticos en los que<br \/>\nRealmente sea necesaria.<\/p>\n","protected":false},"excerpt":{"rendered":"<p>Voltaje de entrada: 220V<br \/>\nPotencia pico: 2000VA<br \/>\nVoltaje de entrada CA: 220V\/230V\/240V<\/p>\n","protected":false},"featured_media":12355,"comment_status":"open","ping_status":"closed","template":"","meta":[],"pwb-brand":[127],"product_cat":[79,68],"product_tag":[],"class_list":{"0":"post-12354","1":"product","2":"type-product","3":"status-publish","4":"has-post-thumbnail","6":"pwb-brand-lyonn","7":"product_cat-estabilizadores-y-ups","8":"product_cat-seguridad-y-vigilancia","10":"first","11":"instock","12":"shipping-taxable","13":"purchasable","14":"product-type-simple"},"brands":[{"id":127,"name":"Lyonn","slug":"lyonn"}],"_links":{"self":[{"href":"https:\/\/aptecnologia.com.ar\/new\/wp-json\/wp\/v2\/product\/12354","targetHints":{"allow":["GET"]}}],"collection":[{"href":"https:\/\/aptecnologia.com.ar\/new\/wp-json\/wp\/v2\/product"}],"about":[{"href":"https:\/\/aptecnologia.com.ar\/new\/wp-json\/wp\/v2\/types\/product"}],"replies":[{"embeddable":true,"href":"https:\/\/aptecnologia.com.ar\/new\/wp-json\/wp\/v2\/comments?post=12354"}],"version-history":[{"count":0,"href":"https:\/\/aptecnologia.com.ar\/new\/wp-json\/wp\/v2\/product\/12354\/revisions"}],"wp:featuredmedia":[{"embeddable":true,"href":"https:\/\/aptecnologia.com.ar\/new\/wp-json\/wp\/v2\/media\/12355"}],"wp:attachment":[{"href":"https:\/\/aptecnologia.com.ar\/new\/wp-json\/wp\/v2\/media?parent=12354"}],"wp:term":[{"taxonomy":"pwb-brand","embeddable":true,"href":"https:\/\/aptecnologia.com.ar\/new\/wp-json\/wp\/v2\/pwb-brand?post=12354"},{"taxonomy":"product_cat","embeddable":true,"href":"https:\/\/aptecnologia.com.ar\/new\/wp-json\/wp\/v2\/product_cat?post=12354"},{"taxonomy":"product_tag","embeddable":true,"href":"https:\/\/aptecnologia.com.ar\/new\/wp-json\/wp\/v2\/product_tag?post=12354"}],"curies":[{"name":"wp","href":"https:\/\/api.w.org\/{rel}","templated":true}]}}