{"id":12321,"date":"2022-12-26T15:51:08","date_gmt":"2022-12-26T15:51:08","guid":{"rendered":"https:\/\/aptecnologia.com.ar\/new\/productos\/memoria-ddr4-8gb-2400mhz-markvision-copy\/"},"modified":"2022-12-26T15:57:01","modified_gmt":"2022-12-26T15:57:01","slug":"memoria-ddr4-8gb-2400mhz-markvision-copy","status":"publish","type":"product","link":"https:\/\/aptecnologia.com.ar\/new\/productos\/memoria-ddr4-8gb-2400mhz-markvision-copy\/","title":{"rendered":"Memoria RAM Sodimm DDR4 8Gb 2400Mhz &#8211; MARKVISION"},"content":{"rendered":"<p>Si not\u00e1s que tu computadora tiene bajo rendimiento o que su capacidad no se adapta a tus necesidades de uso, es momento de renovar su memoria RAM. Aumentar\u00e1s su productividad y podr\u00e1s trabajar de manera r\u00e1pida y en simult\u00e1neo con m\u00faltiples aplicaciones.<\/p>\n<p>Con su tecnolog\u00eda DDR4, mejorar\u00e1 el desempe\u00f1o de tu equipo, ya que opera en 3 y 4 canales, generando mayor fluidez y velocidad en la transferencia de datos. \u00a1Optimiz\u00e1 al m\u00e1ximo el rendimiento de tu computadora!<\/p>\n<p>Tu equipo como nuevo<br \/>\nEsta memoria es ideal para tu Notebook. \u00a1Instalala y comenz\u00e1 a disfrutar de un \u00f3ptimo funcionamiento!<\/p>\n<p>Velocidad para exigentes<br \/>\nSi sos fan\u00e1tico de los juegos en l\u00ednea o la us\u00e1s para trabajar con programas o aplicaciones pesadas, esta memoria es para vos. Gracias a su velocidad de 2400 MHz, podr\u00e1s disfrutar de un alto rendimiento y hacer tus trabajos de manera r\u00e1pida y efectiva.<\/p>\n","protected":false},"excerpt":{"rendered":"<p>Optimiz\u00e1 el rendimiento de tu m\u00e1quina con la tecnolog\u00eda DDR4.<br \/>\nMemoria con formato Sodimm.<br \/>\nAlcanza una velocidad de 2400 MHz.<br \/>\nCuenta con una tasa de transferencia de 19200 MB\/s<\/p>\n","protected":false},"featured_media":11525,"comment_status":"open","ping_status":"closed","template":"","meta":[],"pwb-brand":[214],"product_cat":[66,92,91],"product_tag":[],"class_list":{"0":"post-12321","1":"product","2":"type-product","3":"status-publish","4":"has-post-thumbnail","6":"pwb-brand-markvision","7":"product_cat-computacion","8":"product_cat-memorias-ram","9":"product_cat-componentes","11":"first","12":"instock","13":"shipping-taxable","14":"purchasable","15":"product-type-simple"},"brands":[{"id":214,"name":"Markvision","slug":"markvision"}],"_links":{"self":[{"href":"https:\/\/aptecnologia.com.ar\/new\/wp-json\/wp\/v2\/product\/12321","targetHints":{"allow":["GET"]}}],"collection":[{"href":"https:\/\/aptecnologia.com.ar\/new\/wp-json\/wp\/v2\/product"}],"about":[{"href":"https:\/\/aptecnologia.com.ar\/new\/wp-json\/wp\/v2\/types\/product"}],"replies":[{"embeddable":true,"href":"https:\/\/aptecnologia.com.ar\/new\/wp-json\/wp\/v2\/comments?post=12321"}],"version-history":[{"count":0,"href":"https:\/\/aptecnologia.com.ar\/new\/wp-json\/wp\/v2\/product\/12321\/revisions"}],"wp:featuredmedia":[{"embeddable":true,"href":"https:\/\/aptecnologia.com.ar\/new\/wp-json\/wp\/v2\/media\/11525"}],"wp:attachment":[{"href":"https:\/\/aptecnologia.com.ar\/new\/wp-json\/wp\/v2\/media?parent=12321"}],"wp:term":[{"taxonomy":"pwb-brand","embeddable":true,"href":"https:\/\/aptecnologia.com.ar\/new\/wp-json\/wp\/v2\/pwb-brand?post=12321"},{"taxonomy":"product_cat","embeddable":true,"href":"https:\/\/aptecnologia.com.ar\/new\/wp-json\/wp\/v2\/product_cat?post=12321"},{"taxonomy":"product_tag","embeddable":true,"href":"https:\/\/aptecnologia.com.ar\/new\/wp-json\/wp\/v2\/product_tag?post=12321"}],"curies":[{"name":"wp","href":"https:\/\/api.w.org\/{rel}","templated":true}]}}