{"id":12320,"date":"2022-12-26T16:54:41","date_gmt":"2022-12-26T16:54:41","guid":{"rendered":"https:\/\/aptecnologia.com.ar\/new\/?post_type=product&#038;p=12320"},"modified":"2023-02-03T16:54:57","modified_gmt":"2023-02-03T16:54:57","slug":"micro-i7-9700f-s1151-intel","status":"publish","type":"product","link":"https:\/\/aptecnologia.com.ar\/new\/productos\/micro-i7-9700f-s1151-intel\/","title":{"rendered":"Micro I7 9700F S1151 &#8211; INTEL"},"content":{"rendered":"<p>Producto de alto rendimiento y l\u00ednea exclusiva para profesionales que ejecutan muchos programas a la vez.<br \/>\nMemoria cach\u00e9 de 12 MB, r\u00e1pida y vol\u00e1til.<br \/>\nProcesador gr\u00e1fico Intel UHD Graphics 630.<br \/>\nSoporta memoria RAM DDR4.<br \/>\nSu potencia es de 65 W.<br \/>\nCuenta con 8 hilos que favorecen la ejecuci\u00f3n de m\u00faltiples programas a la vez.<br \/>\nProducto en empaque original.<br \/>\nProcesador avanzado de alto desempe\u00f1o y marca l\u00edder en el rubro.<\/p>\n","protected":false},"excerpt":{"rendered":"<p>Memoria cach\u00e9 de 12 MB, r\u00e1pida y vol\u00e1til.<br \/>\nProcesador gr\u00e1fico Intel UHD Graphics 630.<br \/>\nSoporta memoria RAM DDR4.<br \/>\nSu potencia es de 65 W.<\/p>\n","protected":false},"featured_media":12324,"comment_status":"open","ping_status":"closed","template":"","meta":[],"pwb-brand":[136],"product_cat":[66,97,91],"product_tag":[],"class_list":{"0":"post-12320","1":"product","2":"type-product","3":"status-publish","4":"has-post-thumbnail","6":"pwb-brand-intel","7":"product_cat-computacion","8":"product_cat-micros","9":"product_cat-componentes","11":"first","12":"outofstock","13":"shipping-taxable","14":"purchasable","15":"product-type-simple"},"brands":[{"id":136,"name":"Intel","slug":"intel"}],"_links":{"self":[{"href":"https:\/\/aptecnologia.com.ar\/new\/wp-json\/wp\/v2\/product\/12320","targetHints":{"allow":["GET"]}}],"collection":[{"href":"https:\/\/aptecnologia.com.ar\/new\/wp-json\/wp\/v2\/product"}],"about":[{"href":"https:\/\/aptecnologia.com.ar\/new\/wp-json\/wp\/v2\/types\/product"}],"replies":[{"embeddable":true,"href":"https:\/\/aptecnologia.com.ar\/new\/wp-json\/wp\/v2\/comments?post=12320"}],"version-history":[{"count":0,"href":"https:\/\/aptecnologia.com.ar\/new\/wp-json\/wp\/v2\/product\/12320\/revisions"}],"wp:featuredmedia":[{"embeddable":true,"href":"https:\/\/aptecnologia.com.ar\/new\/wp-json\/wp\/v2\/media\/12324"}],"wp:attachment":[{"href":"https:\/\/aptecnologia.com.ar\/new\/wp-json\/wp\/v2\/media?parent=12320"}],"wp:term":[{"taxonomy":"pwb-brand","embeddable":true,"href":"https:\/\/aptecnologia.com.ar\/new\/wp-json\/wp\/v2\/pwb-brand?post=12320"},{"taxonomy":"product_cat","embeddable":true,"href":"https:\/\/aptecnologia.com.ar\/new\/wp-json\/wp\/v2\/product_cat?post=12320"},{"taxonomy":"product_tag","embeddable":true,"href":"https:\/\/aptecnologia.com.ar\/new\/wp-json\/wp\/v2\/product_tag?post=12320"}],"curies":[{"name":"wp","href":"https:\/\/api.w.org\/{rel}","templated":true}]}}