{"id":12188,"date":"2022-11-25T15:41:00","date_gmt":"2022-11-25T18:41:00","guid":{"rendered":"https:\/\/aptecnologia.com.ar\/new\/?post_type=product&#038;p=12188"},"modified":"2023-05-07T23:44:10","modified_gmt":"2023-05-08T02:44:10","slug":"gabinete-kit-gamer-tec-mouse-parla-auri-noganet","status":"publish","type":"product","link":"https:\/\/aptecnologia.com.ar\/new\/productos\/gabinete-kit-gamer-tec-mouse-parla-auri-noganet\/","title":{"rendered":"Gabinete KIT GAMER &#8211; TEC-MOUSE-PARLA-AURI &#8211; NOGANET"},"content":{"rendered":"<p>&#8211; 3 bah\u00edas de 5.25\u201d para CD\/DVD<br \/>\n&#8211; 3 bah\u00edas de HDD disco r\u00edgido de 3,5\u201d<br \/>\n&#8211; Chasis de metal de 0,5 mm<br \/>\n&#8211; Bot\u00f3n Power ON\/OFF, Bot\u00f3n Reset y LED de Funcionamiento en la parte superior<br \/>\n&#8211; 2 Puertos USB y conexi\u00f3n para Auriculares \/ Mic. en la parte superior<br \/>\n&#8211; 2 Coolers de 12 cm. con LED rojo incluidos, con capacidad para agregar 2 Coolers de 8 a 12 cm.<br \/>\n&#8211; Mallas caladas para ventilaci\u00f3n<br \/>\n&#8211; Incluye Fuente ATX550W<\/p>\n<p>* NG-201: Parlantes 2.0 Stormer<br \/>\n&#8211; 6W de Potencia Total<br \/>\n&#8211; Conector miniplug 3.5 Stereo con cable incorporado<br \/>\n&#8211; Alimentaci\u00f3n por USB con cable incorporado<br \/>\n&#8211; Control de Volumen<br \/>\n&#8211; Bajos Reforzados<br \/>\n&#8211; Magn\u00e9ticamente protegido<\/p>\n<p>* NG-8620: Auriculares con Mic. Stormer<br \/>\n&#8211; Sonido de Alta Calidad<br \/>\n&#8211; Cable Plano bicolor con longitud de 1,8 metros<br \/>\n&#8211; 2 Conectores miniplug 3.5 mm Stereo (Audio\/Mic)<br \/>\n&#8211; Micr\u00f3fono flexible con giro de 180\u00ba<br \/>\n&#8211; Control de Volumen<br \/>\n&#8211; Acolchados y Ajustables<\/p>\n<p>* NKB-740: Teclado Gamer Stormer<br \/>\n&#8211; Teclado Multimedia con Hot Keys<br \/>\n&#8211; 10 Funciones Multimedia<br \/>\n&#8211; Botones Programables<br \/>\n&#8211; Conexi\u00f3n USB<br \/>\n&#8211; Teclas reforzadas para Gamers<\/p>\n<p>* ST-X5: Mouse Gamer Stormer<br \/>\n&#8211; Tecnolog\u00eda \u00d3ptica con Mayor Precisi\u00f3n<br \/>\n&#8211; Interface USB de Alta Velocidad<br \/>\n&#8211; 6 Botones Multimedia y Scroll con luz azul<br \/>\n&#8211; Selector de DPI: 1000-1200-1600-2000<br \/>\n&#8211; Funciones para Internet, Zoom; etc.<br \/>\n&#8211; Apto para cualquier superficie<br \/>\n&#8211; Dise\u00f1o Gamer Ergon\u00f3mico<\/p>\n","protected":false},"excerpt":{"rendered":"<p>Modelo detallado: COMBO GAMER NOGA STORMER 5 EN 1<br \/>\nModelo del teclado: NKB-740<br \/>\nModelo del mouse: ST-X5<br \/>\nTipo de sensor del mouse: \u00d3ptico<br \/>\nResoluci\u00f3n del sensor del mouse: 2000 dpi<br \/>\nIncluye auriculares: S\u00ed<br \/>\nIncluye parlantes: S\u00ed<br \/>\nEs gamer: S\u00ed<\/p>\n","protected":false},"featured_media":12194,"comment_status":"open","ping_status":"closed","template":"","meta":[],"pwb-brand":[130],"product_cat":[66,93,91],"product_tag":[],"class_list":{"0":"post-12188","1":"product","2":"type-product","3":"status-publish","4":"has-post-thumbnail","6":"pwb-brand-noganet","7":"product_cat-computacion","8":"product_cat-gabinetes","9":"product_cat-componentes","11":"first","12":"instock","13":"shipping-taxable","14":"purchasable","15":"product-type-simple"},"brands":[{"id":130,"name":"Noganet","slug":"noganet"}],"_links":{"self":[{"href":"https:\/\/aptecnologia.com.ar\/new\/wp-json\/wp\/v2\/product\/12188","targetHints":{"allow":["GET"]}}],"collection":[{"href":"https:\/\/aptecnologia.com.ar\/new\/wp-json\/wp\/v2\/product"}],"about":[{"href":"https:\/\/aptecnologia.com.ar\/new\/wp-json\/wp\/v2\/types\/product"}],"replies":[{"embeddable":true,"href":"https:\/\/aptecnologia.com.ar\/new\/wp-json\/wp\/v2\/comments?post=12188"}],"version-history":[{"count":0,"href":"https:\/\/aptecnologia.com.ar\/new\/wp-json\/wp\/v2\/product\/12188\/revisions"}],"wp:featuredmedia":[{"embeddable":true,"href":"https:\/\/aptecnologia.com.ar\/new\/wp-json\/wp\/v2\/media\/12194"}],"wp:attachment":[{"href":"https:\/\/aptecnologia.com.ar\/new\/wp-json\/wp\/v2\/media?parent=12188"}],"wp:term":[{"taxonomy":"pwb-brand","embeddable":true,"href":"https:\/\/aptecnologia.com.ar\/new\/wp-json\/wp\/v2\/pwb-brand?post=12188"},{"taxonomy":"product_cat","embeddable":true,"href":"https:\/\/aptecnologia.com.ar\/new\/wp-json\/wp\/v2\/product_cat?post=12188"},{"taxonomy":"product_tag","embeddable":true,"href":"https:\/\/aptecnologia.com.ar\/new\/wp-json\/wp\/v2\/product_tag?post=12188"}],"curies":[{"name":"wp","href":"https:\/\/api.w.org\/{rel}","templated":true}]}}