{"id":12165,"date":"2022-11-25T14:48:45","date_gmt":"2022-11-25T14:48:45","guid":{"rendered":"https:\/\/aptecnologia.com.ar\/new\/?post_type=product&#038;p=12165"},"modified":"2022-11-25T14:48:45","modified_gmt":"2022-11-25T14:48:45","slug":"monitor-19-hd-60hz-vga-hdmi-daewoo","status":"publish","type":"product","link":"https:\/\/aptecnologia.com.ar\/new\/productos\/monitor-19-hd-60hz-vga-hdmi-daewoo\/","title":{"rendered":"Monitor 19&#8243; HD 60Hz VGA HDMI &#8211; DAEWOO"},"content":{"rendered":"<p>Disfrut\u00e1 de todas las cualidades que el monitor Daewoo DW-MON19 tiene para ofrecerte. Percib\u00ed las im\u00e1genes de una manera completamente diferente y complement\u00e1 cualquier espacio ya sea en tu casa u oficina.<\/p>\n<p>Un monitor a tu medida<br \/>\nCon tu pantalla LED no solo ahorr\u00e1s energ\u00eda, ya que su consumo es bajo, sino que vas a ver colores n\u00edtidos y definidos en tus pel\u00edculas o series favoritas.<\/p>\n<p>Una experiencia visual de calidad<br \/>\nSus 19&#8243; te van a resultar ideales en tu vida diaria, ya sea para estudiar o trabajar. Asimismo, su resoluci\u00f3n de 1366 x 768 te permite disfrutar de momentos \u00fanicos gracias a una imagen de alta fidelidad.<\/p>\n","protected":false},"excerpt":{"rendered":"<p>Pantalla led de 19&#8243;.<br \/>\nTiene una resoluci\u00f3n de 1366px-768px.<br \/>\nPanel TN.<br \/>\nSu brillo es de 250cd\/m\u00b2.<br \/>\nTipos de conexi\u00f3n: VGA, HDMI.<\/p>\n","protected":false},"featured_media":12168,"comment_status":"open","ping_status":"closed","template":"","meta":[],"pwb-brand":[233],"product_cat":[66,81],"product_tag":[],"class_list":{"0":"post-12165","1":"product","2":"type-product","3":"status-publish","4":"has-post-thumbnail","6":"pwb-brand-daewoo","7":"product_cat-computacion","8":"product_cat-monitores","10":"first","11":"instock","12":"shipping-taxable","13":"purchasable","14":"product-type-simple"},"brands":[{"id":233,"name":"Daewoo","slug":"daewoo"}],"_links":{"self":[{"href":"https:\/\/aptecnologia.com.ar\/new\/wp-json\/wp\/v2\/product\/12165","targetHints":{"allow":["GET"]}}],"collection":[{"href":"https:\/\/aptecnologia.com.ar\/new\/wp-json\/wp\/v2\/product"}],"about":[{"href":"https:\/\/aptecnologia.com.ar\/new\/wp-json\/wp\/v2\/types\/product"}],"replies":[{"embeddable":true,"href":"https:\/\/aptecnologia.com.ar\/new\/wp-json\/wp\/v2\/comments?post=12165"}],"version-history":[{"count":0,"href":"https:\/\/aptecnologia.com.ar\/new\/wp-json\/wp\/v2\/product\/12165\/revisions"}],"wp:featuredmedia":[{"embeddable":true,"href":"https:\/\/aptecnologia.com.ar\/new\/wp-json\/wp\/v2\/media\/12168"}],"wp:attachment":[{"href":"https:\/\/aptecnologia.com.ar\/new\/wp-json\/wp\/v2\/media?parent=12165"}],"wp:term":[{"taxonomy":"pwb-brand","embeddable":true,"href":"https:\/\/aptecnologia.com.ar\/new\/wp-json\/wp\/v2\/pwb-brand?post=12165"},{"taxonomy":"product_cat","embeddable":true,"href":"https:\/\/aptecnologia.com.ar\/new\/wp-json\/wp\/v2\/product_cat?post=12165"},{"taxonomy":"product_tag","embeddable":true,"href":"https:\/\/aptecnologia.com.ar\/new\/wp-json\/wp\/v2\/product_tag?post=12165"}],"curies":[{"name":"wp","href":"https:\/\/api.w.org\/{rel}","templated":true}]}}