{"id":12128,"date":"2022-11-11T16:48:55","date_gmt":"2022-11-11T16:48:55","guid":{"rendered":"https:\/\/aptecnologia.com.ar\/new\/?post_type=product&#038;p=12128"},"modified":"2023-06-09T09:55:30","modified_gmt":"2023-06-09T12:55:30","slug":"parlante-cygnus-bluetooth-con-karaoke-microfono-foxbox","status":"publish","type":"product","link":"https:\/\/aptecnologia.com.ar\/new\/productos\/parlante-cygnus-bluetooth-con-karaoke-microfono-foxbox\/","title":{"rendered":"Parlante Cygnus Bluetooth Con Karaoke + Micr\u00f3fono &#8211; Foxbox"},"content":{"rendered":"<p class=\"ui-pdp-description__content\">Parlante inal\u00e1mbrico Foxbox Warp Cygnus<br \/>\nSonido de gran claridad y precisi\u00f3n que se dispersa de manera uniforme. Gracias a su resistencia al agua lo podes transportar a donde quieras!<\/p>\n<p>Incluye:<br \/>\n1 Parlante 25cm x 23cm<br \/>\n1 Micr\u00f3fono inal\u00e1mbrico<br \/>\n1 Cable de carga<br \/>\n1 Cable auxiliar<br \/>\nManual de usuario QR<\/p>\n<p>CARACTERISTICAS<br \/>\n-Resistencia al agua IPX6<br \/>\n-Hasta 10 horas de reproducci\u00f3n gracias a su bater\u00eda de10.000mAh<br \/>\n-Hasta 10 metros de alcance. Ranura para tarjeta de memoria.<br \/>\n-Radio FM<br \/>\n-50W de potencia<br \/>\n-Tecnolog\u00eda inal\u00e1mbrica 4.2 que te permite emparejar 2 parlantes y 2 micr\u00f3fonos inal\u00e1mbricos<br \/>\n-Podes recibir llamadas como manos libre<br \/>\n-Ranura tarjeta de memoria<\/p>\n","protected":false},"excerpt":{"rendered":"<p>Resistencia al agua IPX6<br \/>\nHasta 10 horas de reproducci\u00f3n<br \/>\nHasta 10 metros de alcance.<br \/>\nRadio FM<br \/>\n50W de potencia<br \/>\nRanura tarjeta de memoria<\/p>\n","protected":false},"featured_media":12129,"comment_status":"open","ping_status":"closed","template":"","meta":[],"pwb-brand":[231],"product_cat":[67,83],"product_tag":[235],"class_list":{"0":"post-12128","1":"product","2":"type-product","3":"status-publish","4":"has-post-thumbnail","6":"pwb-brand-foxbox","7":"product_cat-audio-y-video","8":"product_cat-parlantes","9":"product_tag-navidad","11":"first","12":"outofstock","13":"shipping-taxable","14":"purchasable","15":"product-type-simple"},"brands":[{"id":231,"name":"Foxbox","slug":"foxbox"}],"_links":{"self":[{"href":"https:\/\/aptecnologia.com.ar\/new\/wp-json\/wp\/v2\/product\/12128","targetHints":{"allow":["GET"]}}],"collection":[{"href":"https:\/\/aptecnologia.com.ar\/new\/wp-json\/wp\/v2\/product"}],"about":[{"href":"https:\/\/aptecnologia.com.ar\/new\/wp-json\/wp\/v2\/types\/product"}],"replies":[{"embeddable":true,"href":"https:\/\/aptecnologia.com.ar\/new\/wp-json\/wp\/v2\/comments?post=12128"}],"version-history":[{"count":0,"href":"https:\/\/aptecnologia.com.ar\/new\/wp-json\/wp\/v2\/product\/12128\/revisions"}],"wp:featuredmedia":[{"embeddable":true,"href":"https:\/\/aptecnologia.com.ar\/new\/wp-json\/wp\/v2\/media\/12129"}],"wp:attachment":[{"href":"https:\/\/aptecnologia.com.ar\/new\/wp-json\/wp\/v2\/media?parent=12128"}],"wp:term":[{"taxonomy":"pwb-brand","embeddable":true,"href":"https:\/\/aptecnologia.com.ar\/new\/wp-json\/wp\/v2\/pwb-brand?post=12128"},{"taxonomy":"product_cat","embeddable":true,"href":"https:\/\/aptecnologia.com.ar\/new\/wp-json\/wp\/v2\/product_cat?post=12128"},{"taxonomy":"product_tag","embeddable":true,"href":"https:\/\/aptecnologia.com.ar\/new\/wp-json\/wp\/v2\/product_tag?post=12128"}],"curies":[{"name":"wp","href":"https:\/\/api.w.org\/{rel}","templated":true}]}}