{"id":12124,"date":"2022-11-11T16:29:05","date_gmt":"2022-11-11T16:29:05","guid":{"rendered":"https:\/\/aptecnologia.com.ar\/new\/?post_type=product&#038;p=12124"},"modified":"2022-12-07T16:39:15","modified_gmt":"2022-12-07T16:39:15","slug":"parlante-bluetooth-clip4-rojo-jbl","status":"publish","type":"product","link":"https:\/\/aptecnologia.com.ar\/new\/productos\/parlante-bluetooth-clip4-rojo-jbl\/","title":{"rendered":"Parlante BLUETOOTH CLIP4 ROJO &#8211; JBL"},"content":{"rendered":"<p>JBL Clip 4 ofrece un sonido natural, con una gran claridad y precisi\u00f3n, que se dispersa de manera uniforme. Un parlante que asegura potencia y calidad por igual en la reproducci\u00f3n de contenidos multimedia.<\/p>\n<p>Para toda ocasi\u00f3n<br \/>\nDisfrutar de un amplio espectro de sonidos tanto en la reproducci\u00f3n de voces como de notas musicales es posible con este parlante woofer. Dejate asombrar con su excelente desempe\u00f1o sonoro en pel\u00edculas, series y en tus playlists favoritas.<\/p>\n<p>Olvidate del amplificador<br \/>\nAl ser activo solo necesitar\u00e1s conectarlo a la fuente de sonido y el mismo equipo se encargar\u00e1 de amplificar y reproducir: ganar\u00e1s practicidad y espacio, ya que adem\u00e1s requiere menos cableado que uno pasivo. Es la soluci\u00f3n m\u00e1s conveniente si quer\u00e9s producir m\u00fasica en tu casa o en un estudio, y tambi\u00e9n para DJs.<\/p>\n<p>Manos libres<br \/>\nEsta funci\u00f3n te da la facilidad de seguir utilizando tu smartphone aun cuando est\u00e9 conectado al parlante. Responder, realizar llamadas o ignorarlas, son algunas de las acciones que se pueden hacer directamente con los botones de tu Clip 4, sin desconectar ni tocar el tel\u00e9fono.<\/p>\n<p>Apto para aire libre<br \/>\nUsalo en donde quieras, este dispositivo est\u00e1 dise\u00f1ado para que tengas el mejor sonido siempre, tanto en interiores como en exteriores.<\/p>\n","protected":false},"excerpt":{"rendered":"<p>Tipo de parlante: woofer.<br \/>\nEs a prueba de agua.<br \/>\nCon conectividad bluetooth.<br \/>\nBater\u00eda recargable y cargador incluido.<br \/>\nPotencia de 5W.<br \/>\nConector de entrada: USB-C.<br \/>\nCuenta con micr\u00f3fono interno.<\/p>\n","protected":false},"featured_media":12126,"comment_status":"open","ping_status":"closed","template":"","meta":[],"pwb-brand":[230],"product_cat":[67,83],"product_tag":[235],"class_list":{"0":"post-12124","1":"product","2":"type-product","3":"status-publish","4":"has-post-thumbnail","6":"pwb-brand-jbl","7":"product_cat-audio-y-video","8":"product_cat-parlantes","9":"product_tag-navidad","11":"first","12":"outofstock","13":"shipping-taxable","14":"purchasable","15":"product-type-simple"},"brands":[{"id":230,"name":"JBL","slug":"jbl"}],"_links":{"self":[{"href":"https:\/\/aptecnologia.com.ar\/new\/wp-json\/wp\/v2\/product\/12124","targetHints":{"allow":["GET"]}}],"collection":[{"href":"https:\/\/aptecnologia.com.ar\/new\/wp-json\/wp\/v2\/product"}],"about":[{"href":"https:\/\/aptecnologia.com.ar\/new\/wp-json\/wp\/v2\/types\/product"}],"replies":[{"embeddable":true,"href":"https:\/\/aptecnologia.com.ar\/new\/wp-json\/wp\/v2\/comments?post=12124"}],"version-history":[{"count":0,"href":"https:\/\/aptecnologia.com.ar\/new\/wp-json\/wp\/v2\/product\/12124\/revisions"}],"wp:featuredmedia":[{"embeddable":true,"href":"https:\/\/aptecnologia.com.ar\/new\/wp-json\/wp\/v2\/media\/12126"}],"wp:attachment":[{"href":"https:\/\/aptecnologia.com.ar\/new\/wp-json\/wp\/v2\/media?parent=12124"}],"wp:term":[{"taxonomy":"pwb-brand","embeddable":true,"href":"https:\/\/aptecnologia.com.ar\/new\/wp-json\/wp\/v2\/pwb-brand?post=12124"},{"taxonomy":"product_cat","embeddable":true,"href":"https:\/\/aptecnologia.com.ar\/new\/wp-json\/wp\/v2\/product_cat?post=12124"},{"taxonomy":"product_tag","embeddable":true,"href":"https:\/\/aptecnologia.com.ar\/new\/wp-json\/wp\/v2\/product_tag?post=12124"}],"curies":[{"name":"wp","href":"https:\/\/api.w.org\/{rel}","templated":true}]}}