{"id":12077,"date":"2022-09-26T19:54:39","date_gmt":"2022-09-26T19:54:39","guid":{"rendered":"https:\/\/aptecnologia.com.ar\/new\/productos\/memoria-ram-ddr3-4gb-1600mhz-crucial-copy\/"},"modified":"2024-02-19T11:59:49","modified_gmt":"2024-02-19T14:59:49","slug":"memoria-ram-ddr3-4gb-1600mhz-crucial-copy","status":"publish","type":"product","link":"https:\/\/aptecnologia.com.ar\/new\/productos\/memoria-ram-ddr3-4gb-1600mhz-crucial-copy\/","title":{"rendered":"Memoria Ram DDR3 4Gb 1600mhz &#8211; Markvision"},"content":{"rendered":"<p>Optimiz\u00e1 el rendimiento de tu m\u00e1quina con la tecnolog\u00eda DDR3.<br \/>\nMemoria con formato DIMM.<br \/>\nAlcanza una velocidad de 1600 MHz.<br \/>\nApta para computadoras de escritorio.<br \/>\nCuenta con una tasa de transferencia de 12800 MB\/s.<\/p>\n","protected":false},"excerpt":{"rendered":"<p>Capacidad total: 4 GB<br \/>\nVelocidad: 1600 MHz<br \/>\nAplicaci\u00f3n: Computadoras de escritorio<br \/>\nTecnolog\u00eda: DDR3 RAM DIMM<\/p>\n","protected":false},"featured_media":12079,"comment_status":"open","ping_status":"closed","template":"","meta":[],"pwb-brand":[122],"product_cat":[66,92,91],"product_tag":[],"class_list":{"0":"post-12077","1":"product","2":"type-product","3":"status-publish","4":"has-post-thumbnail","6":"pwb-brand-crucial","7":"product_cat-computacion","8":"product_cat-memorias-ram","9":"product_cat-componentes","11":"first","12":"outofstock","13":"shipping-taxable","14":"purchasable","15":"product-type-simple"},"brands":[{"id":122,"name":"Crucial","slug":"crucial"}],"_links":{"self":[{"href":"https:\/\/aptecnologia.com.ar\/new\/wp-json\/wp\/v2\/product\/12077","targetHints":{"allow":["GET"]}}],"collection":[{"href":"https:\/\/aptecnologia.com.ar\/new\/wp-json\/wp\/v2\/product"}],"about":[{"href":"https:\/\/aptecnologia.com.ar\/new\/wp-json\/wp\/v2\/types\/product"}],"replies":[{"embeddable":true,"href":"https:\/\/aptecnologia.com.ar\/new\/wp-json\/wp\/v2\/comments?post=12077"}],"version-history":[{"count":0,"href":"https:\/\/aptecnologia.com.ar\/new\/wp-json\/wp\/v2\/product\/12077\/revisions"}],"wp:featuredmedia":[{"embeddable":true,"href":"https:\/\/aptecnologia.com.ar\/new\/wp-json\/wp\/v2\/media\/12079"}],"wp:attachment":[{"href":"https:\/\/aptecnologia.com.ar\/new\/wp-json\/wp\/v2\/media?parent=12077"}],"wp:term":[{"taxonomy":"pwb-brand","embeddable":true,"href":"https:\/\/aptecnologia.com.ar\/new\/wp-json\/wp\/v2\/pwb-brand?post=12077"},{"taxonomy":"product_cat","embeddable":true,"href":"https:\/\/aptecnologia.com.ar\/new\/wp-json\/wp\/v2\/product_cat?post=12077"},{"taxonomy":"product_tag","embeddable":true,"href":"https:\/\/aptecnologia.com.ar\/new\/wp-json\/wp\/v2\/product_tag?post=12077"}],"curies":[{"name":"wp","href":"https:\/\/api.w.org\/{rel}","templated":true}]}}