{"id":12062,"date":"2022-09-26T19:38:58","date_gmt":"2022-09-26T19:38:58","guid":{"rendered":"https:\/\/aptecnologia.com.ar\/new\/?post_type=product&#038;p=12062"},"modified":"2022-09-26T19:38:58","modified_gmt":"2022-09-26T19:38:58","slug":"extensor-de-rango-tl-re200-tp-link","status":"publish","type":"product","link":"https:\/\/aptecnologia.com.ar\/new\/productos\/extensor-de-rango-tl-re200-tp-link\/","title":{"rendered":"Extensor de Rango TL-RE200 &#8211; TP-LINK"},"content":{"rendered":"<p>Aumenta la Se\u00f1al Inal\u00e1mbrica a zonas anteriormente inaccesibles o dif\u00edciles de cablear<br \/>\nCompatible con 802.11 b\/g\/n y dispositivos Wi-Fi 802.11ac<br \/>\nVelocidades Banda Dual de hasta 750Mbps.<br \/>\nDise\u00f1o compacto y montaje en pared, permite un manejo f\u00e1cil e instalaci\u00f3n flexible.<br \/>\nEl puerto Ethernet permtite al extensor conectar un dispositivo cableado como un puente inal\u00e1mbrico.<\/p>\n<p>CARACTER\u00cdSTICAS DE HARDWARE:<br \/>\nEst\u00e1ndares y Protocolos: IEEE802.11ac, IEEE 802.11n, IEEE 802.11g, IEEE 802.11b<br \/>\nInterfaz: 1 puerto Ethernet (RJ45) 10 \/ 100Mbps<br \/>\nBot\u00f3n: Bot\u00f3n RE (Range Extender),Bot\u00f3n Reinicio<br \/>\nConsumo de Energ\u00eda: Sobre 6.5W<br \/>\nDimensiones (W X D X H): 4.3x 2.6 x 3.0 pulgadas. (110.0 x 65.8 x 75.2mm)<br \/>\nAntena: 3 Internas<\/p>\n<p>CARACTER\u00cdSTICAS INAL\u00c1MBRICAS:<br \/>\nFrecuencia: 2.4GHz y 5GHz<br \/>\nTasa de Se\u00f1al:<br \/>\nGHz: Hasta de 433Mbps<br \/>\n2.4GHz: Hasta de 300Mpbs<\/p>\n<p>Sensibilidad de Recepci\u00f3n:<br \/>\n2.4G:<br \/>\n270M: -70dBm @ 10% POR<br \/>\n130M: -70dBm @ 10% POR<br \/>\n108M: -73dBm @ 10% POR<br \/>\n54M: -75dBm @ 10% POR<br \/>\n11M: -86dBm @ 8% POR<br \/>\n6M: -92dBm @ 10% POR<br \/>\n1M: -94dBm @ 8% POR<br \/>\n5G:<br \/>\n390M: -60dBm @ 10% POR<br \/>\n29.3M: -83dBm @ 10% POR<br \/>\n180M: -64dBm @ 10% POR<br \/>\n13.5M: -87dBm @ 10% POR<br \/>\n78M: -68dBm @ 10% POR<br \/>\n6.5M: -90dBm @ 10% POR<br \/>\n54M: -75dBm @ 10% POR<br \/>\n6M : -90dBm @ 10% POR<\/p>\n<p>Potencia de Transmision: &lt;20 dBm (PIRE)<br \/>\nModos Inal\u00e1mbricos: Extensor de Rango<\/p>\n<p>Funciones Inal\u00e1mbricas:<br \/>\nWMM (Wi-Fi Multimedia)<br \/>\nEstad\u00edsticas Inal\u00e1mbricas<br \/>\nFunci\u00f3n de Dominio de Entrada<\/p>\n<p>Seguridad Inal\u00e1mbrica: 64\/128\/152 bits WEP WPA-PSK \/ WPA2-PSK<\/p>\n<p>Requisitos del sistema: Microsoft\u00ae Windows\u00ae 98SE, NT, 2000, XP, Vista o Windows 7, 8, Mac\u00ae OS, NetWare\u00ae, UNIX\u00ae o Linux.<\/p>\n<p>Ambiente:<br \/>\nTemperatura de Funcionamiento: 0~40 (32 ~104)<br \/>\nTemperatura de Almacenamiento: -40~70 (-40 ~158)<br \/>\nHumedad de Funcionamiento: 10%~90% sin condensaci\u00f3n<br \/>\nHumedad de Almacenamiento: 5%~90% sin condensaci\u00f3n<\/p>\n","protected":false},"excerpt":{"rendered":"<p>Modos Inal\u00e1mbricos: Extensor de Rango<br \/>\nFrecuencia: 2.4GHz y 5GHz<br \/>\nGHz: Hasta de 433Mbps<br \/>\n2.4GHz: Hasta de 300Mpbs<\/p>\n","protected":false},"featured_media":12066,"comment_status":"open","ping_status":"closed","template":"","meta":[],"pwb-brand":[102],"product_cat":[82,70],"product_tag":[],"class_list":{"0":"post-12062","1":"product","2":"type-product","3":"status-publish","4":"has-post-thumbnail","6":"pwb-brand-tplink","7":"product_cat-routers-y-modems","8":"product_cat-conectividad-y-redes","10":"first","11":"outofstock","12":"shipping-taxable","13":"purchasable","14":"product-type-simple"},"brands":[{"id":102,"name":"Tp-Link","slug":"tplink"}],"_links":{"self":[{"href":"https:\/\/aptecnologia.com.ar\/new\/wp-json\/wp\/v2\/product\/12062","targetHints":{"allow":["GET"]}}],"collection":[{"href":"https:\/\/aptecnologia.com.ar\/new\/wp-json\/wp\/v2\/product"}],"about":[{"href":"https:\/\/aptecnologia.com.ar\/new\/wp-json\/wp\/v2\/types\/product"}],"replies":[{"embeddable":true,"href":"https:\/\/aptecnologia.com.ar\/new\/wp-json\/wp\/v2\/comments?post=12062"}],"version-history":[{"count":0,"href":"https:\/\/aptecnologia.com.ar\/new\/wp-json\/wp\/v2\/product\/12062\/revisions"}],"wp:featuredmedia":[{"embeddable":true,"href":"https:\/\/aptecnologia.com.ar\/new\/wp-json\/wp\/v2\/media\/12066"}],"wp:attachment":[{"href":"https:\/\/aptecnologia.com.ar\/new\/wp-json\/wp\/v2\/media?parent=12062"}],"wp:term":[{"taxonomy":"pwb-brand","embeddable":true,"href":"https:\/\/aptecnologia.com.ar\/new\/wp-json\/wp\/v2\/pwb-brand?post=12062"},{"taxonomy":"product_cat","embeddable":true,"href":"https:\/\/aptecnologia.com.ar\/new\/wp-json\/wp\/v2\/product_cat?post=12062"},{"taxonomy":"product_tag","embeddable":true,"href":"https:\/\/aptecnologia.com.ar\/new\/wp-json\/wp\/v2\/product_tag?post=12062"}],"curies":[{"name":"wp","href":"https:\/\/api.w.org\/{rel}","templated":true}]}}