{"id":12049,"date":"2022-09-26T16:32:38","date_gmt":"2022-09-26T16:32:38","guid":{"rendered":"https:\/\/aptecnologia.com.ar\/new\/?post_type=product&#038;p=12049"},"modified":"2022-09-26T16:32:38","modified_gmt":"2022-09-26T16:32:38","slug":"soporte-monitor-dbgs-21-5-100x100-intelaid","status":"publish","type":"product","link":"https:\/\/aptecnologia.com.ar\/new\/productos\/soporte-monitor-dbgs-21-5-100x100-intelaid\/","title":{"rendered":"Soporte Monitor DBGS 21.5&#8243; 100&#215;100 &#8211; INTELAID"},"content":{"rendered":"<p>La ubicaci\u00f3n de tu TV o monitor es de suma importancia ya que, frente a \u00e9l, compartir\u00e1s muchas horas de entretenimiento o trabajo. En tu casa o negocio, aprovech\u00e1 al m\u00e1ximo el espacio con un soporte que te brinde comodidad. \u00a1Nada mejor que tenerlo a tu alcance!<\/p>\n<p>Adaptable a tus espacios<br \/>\nObten\u00e9 el \u00e1ngulo perfecto con este soporte inclinable y articulado. Vas a poder ajustarlo a la posici\u00f3n m\u00e1s confortable para ver tus contenidos preferidos y ganar espacio.<\/p>\n<p>F\u00e1cil de instalar<br \/>\nLa norma estandarizada VESA permite conocer la distancia que existe entre los orificios de la parte trasera de la pantalla, y as\u00ed poder elegir el soporte que mejor se adapte a esa medida. Este producto cuenta con un montaje de 75x75y 100&#215;100 para que puedas ubicado de manera segura.<\/p>\n","protected":false},"excerpt":{"rendered":"<p>Soporta 1 pantalla.<br \/>\nInclinable y articulado.<br \/>\nApto para TV o monitor de 13 \u00bb a 27 \u00ab.<br \/>\nEst\u00e1ndar VESA: 75&#215;75, 100&#215;100.<br \/>\nSoporta hasta 6 kg.<br \/>\nPosee una inclinaci\u00f3n de 90 \u00b0 a 90 \u00b0.<br \/>\nRotaci\u00f3n de la pantalla de 360\u00b0.<\/p>\n","protected":false},"featured_media":12050,"comment_status":"open","ping_status":"closed","template":"","meta":[],"pwb-brand":[229],"product_cat":[73,67],"product_tag":[],"class_list":{"0":"post-12049","1":"product","2":"type-product","3":"status-publish","4":"has-post-thumbnail","6":"pwb-brand-intelaid","7":"product_cat-tvs","8":"product_cat-audio-y-video","10":"first","11":"instock","12":"shipping-taxable","13":"purchasable","14":"product-type-simple"},"brands":[{"id":229,"name":"Intelaid","slug":"intelaid"}],"_links":{"self":[{"href":"https:\/\/aptecnologia.com.ar\/new\/wp-json\/wp\/v2\/product\/12049","targetHints":{"allow":["GET"]}}],"collection":[{"href":"https:\/\/aptecnologia.com.ar\/new\/wp-json\/wp\/v2\/product"}],"about":[{"href":"https:\/\/aptecnologia.com.ar\/new\/wp-json\/wp\/v2\/types\/product"}],"replies":[{"embeddable":true,"href":"https:\/\/aptecnologia.com.ar\/new\/wp-json\/wp\/v2\/comments?post=12049"}],"version-history":[{"count":0,"href":"https:\/\/aptecnologia.com.ar\/new\/wp-json\/wp\/v2\/product\/12049\/revisions"}],"wp:featuredmedia":[{"embeddable":true,"href":"https:\/\/aptecnologia.com.ar\/new\/wp-json\/wp\/v2\/media\/12050"}],"wp:attachment":[{"href":"https:\/\/aptecnologia.com.ar\/new\/wp-json\/wp\/v2\/media?parent=12049"}],"wp:term":[{"taxonomy":"pwb-brand","embeddable":true,"href":"https:\/\/aptecnologia.com.ar\/new\/wp-json\/wp\/v2\/pwb-brand?post=12049"},{"taxonomy":"product_cat","embeddable":true,"href":"https:\/\/aptecnologia.com.ar\/new\/wp-json\/wp\/v2\/product_cat?post=12049"},{"taxonomy":"product_tag","embeddable":true,"href":"https:\/\/aptecnologia.com.ar\/new\/wp-json\/wp\/v2\/product_tag?post=12049"}],"curies":[{"name":"wp","href":"https:\/\/api.w.org\/{rel}","templated":true}]}}