{"id":12003,"date":"2022-09-13T13:17:35","date_gmt":"2022-09-13T13:17:35","guid":{"rendered":"https:\/\/aptecnologia.com.ar\/new\/?post_type=product&#038;p=12003"},"modified":"2022-09-13T13:17:35","modified_gmt":"2022-09-13T13:17:35","slug":"combo-tecladomouse-wireless-mk345-logitech","status":"publish","type":"product","link":"https:\/\/aptecnologia.com.ar\/new\/productos\/combo-tecladomouse-wireless-mk345-logitech\/","title":{"rendered":"Combo Teclado+Mouse Wireless MK345 &#8211; LOGITECH"},"content":{"rendered":"<p>El combo de teclado y mouse Logitech es perfecto para ayudarte a desarrollar tus actividades diarias. Esta combinaci\u00f3n est\u00e1 adaptada para realizar distintas tareas, ya sean laborales, escolares o de cualquier \u00edndole.<\/p>\n<p>Comodidad de uso<br \/>\nEl teclado cuenta con reposa mu\u00f1ecas, por lo que podr\u00e1s adaptar tus manos de manera c\u00f3moda al entorno f\u00edsico del aparato. Ahora escribir te resultar\u00e1 una tarea m\u00e1s sencilla y reconfortante.<\/p>\n<p>Sensor de alta precisi\u00f3n<br \/>\nEl mouse del combo posee un sensor \u00f3ptico de alta precisi\u00f3n, el cual te permitir\u00e1 redirigir el cursor de una manera m\u00e1s exacta y sensible que el resto de los sistemas tradicionales.<\/p>\n","protected":false},"excerpt":{"rendered":"<p>Resistentes a salpicaduras.<br \/>\nBater\u00eda incluida.<br \/>\nIdioma del teclado: Ingl\u00e9s.<br \/>\nMouse con sensor \u00f3ptico y resoluci\u00f3n de 1000 dpi.<br \/>\nProductos con rango inal\u00e1mbrico de 10 m.<\/p>\n","protected":false},"featured_media":12007,"comment_status":"open","ping_status":"closed","template":"","meta":[],"pwb-brand":[108],"product_cat":[115,66,90],"product_tag":[],"class_list":{"0":"post-12003","1":"product","2":"type-product","3":"status-publish","4":"has-post-thumbnail","6":"pwb-brand-logitech","7":"product_cat-combos","8":"product_cat-computacion","9":"product_cat-perifericos","11":"first","12":"outofstock","13":"shipping-taxable","14":"purchasable","15":"product-type-simple"},"brands":[{"id":108,"name":"Logitech","slug":"logitech"}],"_links":{"self":[{"href":"https:\/\/aptecnologia.com.ar\/new\/wp-json\/wp\/v2\/product\/12003","targetHints":{"allow":["GET"]}}],"collection":[{"href":"https:\/\/aptecnologia.com.ar\/new\/wp-json\/wp\/v2\/product"}],"about":[{"href":"https:\/\/aptecnologia.com.ar\/new\/wp-json\/wp\/v2\/types\/product"}],"replies":[{"embeddable":true,"href":"https:\/\/aptecnologia.com.ar\/new\/wp-json\/wp\/v2\/comments?post=12003"}],"version-history":[{"count":0,"href":"https:\/\/aptecnologia.com.ar\/new\/wp-json\/wp\/v2\/product\/12003\/revisions"}],"wp:featuredmedia":[{"embeddable":true,"href":"https:\/\/aptecnologia.com.ar\/new\/wp-json\/wp\/v2\/media\/12007"}],"wp:attachment":[{"href":"https:\/\/aptecnologia.com.ar\/new\/wp-json\/wp\/v2\/media?parent=12003"}],"wp:term":[{"taxonomy":"pwb-brand","embeddable":true,"href":"https:\/\/aptecnologia.com.ar\/new\/wp-json\/wp\/v2\/pwb-brand?post=12003"},{"taxonomy":"product_cat","embeddable":true,"href":"https:\/\/aptecnologia.com.ar\/new\/wp-json\/wp\/v2\/product_cat?post=12003"},{"taxonomy":"product_tag","embeddable":true,"href":"https:\/\/aptecnologia.com.ar\/new\/wp-json\/wp\/v2\/product_tag?post=12003"}],"curies":[{"name":"wp","href":"https:\/\/api.w.org\/{rel}","templated":true}]}}