{"id":11998,"date":"2022-09-13T13:06:39","date_gmt":"2022-09-13T13:06:39","guid":{"rendered":"https:\/\/aptecnologia.com.ar\/new\/?post_type=product&#038;p=11998"},"modified":"2023-10-22T10:29:06","modified_gmt":"2023-10-22T13:29:06","slug":"e-reader-6-kindle-10ma-generacion-8gb-wifi-negro-amazon","status":"publish","type":"product","link":"https:\/\/aptecnologia.com.ar\/new\/productos\/e-reader-6-kindle-10ma-generacion-8gb-wifi-negro-amazon\/","title":{"rendered":"E-reader 6&#8243; Kindle 11th Generacion 16Gb Wifi Negro &#8211; AMAZON"},"content":{"rendered":"<p>&#8211; Kindle Paperwhite 2022 generacion 11 ahora con una pantalla de 6.8\u201d y bordes m\u00e1s delgados, luz c\u00e1lida ajustable, bater\u00eda de hasta 10 semanas de duraci\u00f3n y cambios de p\u00e1gina 20 % m\u00e1s r\u00e1pidos.<br \/>\n&#8211; Tiene una pantalla con dise\u00f1o frontal al ras y sin reflejo, de 300 ppi, que parece papel real incluso ante luz solar directa.<br \/>\n&#8211; Guarda miles de t\u00edtulos y ll\u00e9valos todos contigo. Una sola carga v\u00eda USB-C dura semanas.<br \/>\n&#8211; No da\u00f1a los ojos: ahora la luz c\u00e1lida ajustable se oscurece de blanco a \u00e1mbar al cambiar la pantalla.<br \/>\n&#8211; Lectura sin miedo al agua: hecha para resistir la inmersi\u00f3n accidental en agua, puedes estar tranquilo en la playa o en el ba\u00f1o.<br \/>\n&#8211; Encuentra nuevas historias: con Kindle Unlimited obt\u00e9n acceso ilimitado a m\u00e1s de dos millones de t\u00edtulos, miles de audiolibros y m\u00e1s.<br \/>\n&#8211; \u00dasala con manos libres: con\u00e9ctate con una suscripci\u00f3n Audible y unos aud\u00edfonos o bocinas Bluetooth para escuchar tus historias.<br \/>\n-Financiado con publicidad. Podes eliminarla por un coste adicional.<\/p>\n","protected":false},"excerpt":{"rendered":"<div class=\"ui-pdp-container__top-wrapper mt-40\">\n<div class=\"ui-pdp-header\">\n<div class=\"ui-pdp-header__subtitle\"><\/div>\n<\/div>\n<\/div>\n<ul class=\"ui-pdp-features mt-24\">\n<li class=\"ui-pdp-features__item\">Soporta m\u00faltiples formatos de archivo.<\/li>\n<li class=\"ui-pdp-features__item\">Con conexi\u00f3n USB.<\/li>\n<li class=\"ui-pdp-features__item\">Es compatible con audio libros.<\/li>\n<li class=\"ui-pdp-features__item\">Con luz de lectura.<\/li>\n<li class=\"ui-pdp-features__item\">Tiene pantalla t\u00e1ctil.<\/li>\n<li class=\"ui-pdp-features__item\">Tus libros favoritos en un solo lugar.<\/li>\n<li class=\"ui-pdp-features__item\">La duraci\u00f3n de la bater\u00eda depende del uso que se le d\u00e9 al producto.<\/li>\n<\/ul>\n","protected":false},"featured_media":12001,"comment_status":"open","ping_status":"closed","template":"","meta":[],"pwb-brand":[228],"product_cat":[66,84],"product_tag":[235],"class_list":{"0":"post-11998","1":"product","2":"type-product","3":"status-publish","4":"has-post-thumbnail","6":"pwb-brand-amazon","7":"product_cat-computacion","8":"product_cat-tablets-computacion","9":"product_tag-navidad","11":"first","12":"outofstock","13":"featured","14":"shipping-taxable","15":"purchasable","16":"product-type-simple"},"brands":[{"id":228,"name":"Amazon","slug":"amazon"}],"_links":{"self":[{"href":"https:\/\/aptecnologia.com.ar\/new\/wp-json\/wp\/v2\/product\/11998","targetHints":{"allow":["GET"]}}],"collection":[{"href":"https:\/\/aptecnologia.com.ar\/new\/wp-json\/wp\/v2\/product"}],"about":[{"href":"https:\/\/aptecnologia.com.ar\/new\/wp-json\/wp\/v2\/types\/product"}],"replies":[{"embeddable":true,"href":"https:\/\/aptecnologia.com.ar\/new\/wp-json\/wp\/v2\/comments?post=11998"}],"version-history":[{"count":0,"href":"https:\/\/aptecnologia.com.ar\/new\/wp-json\/wp\/v2\/product\/11998\/revisions"}],"wp:featuredmedia":[{"embeddable":true,"href":"https:\/\/aptecnologia.com.ar\/new\/wp-json\/wp\/v2\/media\/12001"}],"wp:attachment":[{"href":"https:\/\/aptecnologia.com.ar\/new\/wp-json\/wp\/v2\/media?parent=11998"}],"wp:term":[{"taxonomy":"pwb-brand","embeddable":true,"href":"https:\/\/aptecnologia.com.ar\/new\/wp-json\/wp\/v2\/pwb-brand?post=11998"},{"taxonomy":"product_cat","embeddable":true,"href":"https:\/\/aptecnologia.com.ar\/new\/wp-json\/wp\/v2\/product_cat?post=11998"},{"taxonomy":"product_tag","embeddable":true,"href":"https:\/\/aptecnologia.com.ar\/new\/wp-json\/wp\/v2\/product_tag?post=11998"}],"curies":[{"name":"wp","href":"https:\/\/api.w.org\/{rel}","templated":true}]}}