{"id":11974,"date":"2022-09-08T21:09:09","date_gmt":"2022-09-08T21:09:09","guid":{"rendered":"https:\/\/aptecnologia.com.ar\/new\/?post_type=product&#038;p=11974"},"modified":"2022-09-08T21:09:09","modified_gmt":"2022-09-08T21:09:09","slug":"lector-1250g-usb-black-laser-honeywell","status":"publish","type":"product","link":"https:\/\/aptecnologia.com.ar\/new\/productos\/lector-1250g-usb-black-laser-honeywell\/","title":{"rendered":"Lector 1250G USB Black Laser &#8211; HONEYWELL"},"content":{"rendered":"<p>Optimizado para lecturas r\u00e1pidas de c\u00f3digos de barras lineales, incluidos los c\u00f3digos da\u00f1ados y los mal impresos, el Voyager 1250g permite a las empresas minimizar la entrada de datos manual, con lo que se aumenta la productividad y se reducen los errores. La capacidad de leer c\u00f3digos de barras desde una gran distancia hace que el trabajo del empleado sea m\u00e1s c\u00f3modo, ya que los cajeros pueden llegar a leer los art\u00edculos que est\u00e1n en el fondo del carro de la compra y, los encargados del inventario, pueden leer los productos de las estanter\u00edas que est\u00e1n fuera de su alcance.<\/p>\n<p>FICHA TECNICA<br \/>\n\u2022 Mec\u00e1nicas<br \/>\nDimensiones (largo x ancho x alto): 60 mm x 168 mm x 74 mm<br \/>\nPeso: 133 g<\/p>\n<p>\u2022 El\u00e9ctricas<br \/>\nTensi\u00f3n de entrada: 5 V \u00b1 5%<br \/>\nConsumo en funcionamiento: 700 mW; 140 mA (normal) a 5 V<br \/>\nConsumo en espera: 425 mW; 85 mA (normal) a 5 V<br \/>\nInterfaces del sistema: Host Interfaz m\u00faltiple; incluye compatibilidad con USB (teclado HID, en serie, OEM IBM), RS232 (4 se\u00f1ales TTL de +5 V), conexi\u00f3n de teclado, RS-232C (\u00b112 V) e IBM RS485 a trav\u00e9s de un cable adaptador<\/p>\n<p>\u2022 Ambientales<br \/>\nTemperatura de funcionamiento: De 0 \u00b0C a 40 \u00b0C<br \/>\nTemperatura de almacenamiento De -20 \u00b0C a 60 \u00b0C<br \/>\nHumedad: Del 5% al 95% de humedad relativa, sin condensaci\u00f3n<br \/>\nCa\u00eddas: Dise\u00f1ado para resistir 30 ca\u00eddas sobre hormig\u00f3n desde una altura de 1,5 m<br \/>\nSellado ambiental: IP41<br \/>\nNiveles lum\u00ednicos: De 0 lux a 75.000 lux (luz solar directa)<\/p>\n<p>\u2022Rendimiento de Lectura<br \/>\nTipo de lectura: Una sola l\u00ednea de lectura<br \/>\n\u00c1ngulo de lectura: Horizontal: 30\u00b0<br \/>\nContraste de impresi\u00f3n: M\u00ednimo: 20% de diferencia de reflectancia<br \/>\nInclinaci\u00f3n, oblicuidad: 60\u00b0, 60\u00b0<br \/>\nFunciones de decodificaci\u00f3n: Lee simbolog\u00edas DataBar GS1 y 1D est\u00e1ndar<\/p>\n<p>CARACTER\u00cdSTICAS<br \/>\nProfundidad de campo ampliada: lee con comodidad art\u00edculos que se encuentran fuera del alcance y permite a los usuarios leer c\u00f3digos de barras de 13\/1.000 desde una distancia de hasta 447 mm.<\/p>\n<p>Detecci\u00f3n de interfaz autom\u00e1tica: admite todas las interfaces m\u00e1s conocidas en el mismo dispositivo, de este modo sustituye el largo proceso de lectura de c\u00f3digos de barras de programaci\u00f3n por la configuraci\u00f3n y la detecci\u00f3n de interfaces autom\u00e1ticas.<\/p>\n<p>Tecnolog\u00eda CodeGate\u00ae: permite que los usuarios se aseguren de que se ha le\u00eddo el c\u00f3digo de barras deseado antes de transmitir los datos, haciendo que el esc\u00e1ner resulte ideal para utilizarlo en aplicaciones de lectura de men\u00fas.<\/p>\n<p>Excelente experiencia llave en mano: simplifica la configuraci\u00f3n gracias a la rapidez y la facilidad con que se monta el soporte; ofrece configuraci\u00f3n y detecci\u00f3n autom\u00e1tica en soporte; aumenta el rendimiento con un aut\u00e9ntico sistema de detecci\u00f3n de objetos \u2022 Dise\u00f1o ergon\u00f3mico: se adapta con comodidad a la mayor\u00eda de manos, con lo que se reduce la fatiga del usuario en las aplicaciones de lectura intensiva.<\/p>\n","protected":false},"excerpt":{"rendered":"<p>Tipo de lector de c\u00f3digo de barras: De Mano<br \/>\nTecnolog\u00eda del sensor: L\u00e1ser<br \/>\nPeso: 133 g<br \/>\n\u00c1ngulo de lectura horizontal: 30 \u00b0<\/p>\n","protected":false},"featured_media":11979,"comment_status":"open","ping_status":"closed","template":"","meta":[],"pwb-brand":[227],"product_cat":[66,125],"product_tag":[],"class_list":{"0":"post-11974","1":"product","2":"type-product","3":"status-publish","4":"has-post-thumbnail","6":"pwb-brand-honeywell","7":"product_cat-computacion","8":"product_cat-escaners","10":"first","11":"outofstock","12":"shipping-taxable","13":"purchasable","14":"product-type-simple"},"brands":[{"id":227,"name":"Honeywell","slug":"honeywell"}],"_links":{"self":[{"href":"https:\/\/aptecnologia.com.ar\/new\/wp-json\/wp\/v2\/product\/11974","targetHints":{"allow":["GET"]}}],"collection":[{"href":"https:\/\/aptecnologia.com.ar\/new\/wp-json\/wp\/v2\/product"}],"about":[{"href":"https:\/\/aptecnologia.com.ar\/new\/wp-json\/wp\/v2\/types\/product"}],"replies":[{"embeddable":true,"href":"https:\/\/aptecnologia.com.ar\/new\/wp-json\/wp\/v2\/comments?post=11974"}],"version-history":[{"count":0,"href":"https:\/\/aptecnologia.com.ar\/new\/wp-json\/wp\/v2\/product\/11974\/revisions"}],"wp:featuredmedia":[{"embeddable":true,"href":"https:\/\/aptecnologia.com.ar\/new\/wp-json\/wp\/v2\/media\/11979"}],"wp:attachment":[{"href":"https:\/\/aptecnologia.com.ar\/new\/wp-json\/wp\/v2\/media?parent=11974"}],"wp:term":[{"taxonomy":"pwb-brand","embeddable":true,"href":"https:\/\/aptecnologia.com.ar\/new\/wp-json\/wp\/v2\/pwb-brand?post=11974"},{"taxonomy":"product_cat","embeddable":true,"href":"https:\/\/aptecnologia.com.ar\/new\/wp-json\/wp\/v2\/product_cat?post=11974"},{"taxonomy":"product_tag","embeddable":true,"href":"https:\/\/aptecnologia.com.ar\/new\/wp-json\/wp\/v2\/product_tag?post=11974"}],"curies":[{"name":"wp","href":"https:\/\/api.w.org\/{rel}","templated":true}]}}