{"id":11940,"date":"2022-09-07T15:41:24","date_gmt":"2022-09-07T15:41:24","guid":{"rendered":"https:\/\/aptecnologia.com.ar\/new\/productos\/memoria-ram-sodimm-ddr4-8gb-2666mhz-crucial-copy\/"},"modified":"2022-09-07T15:51:22","modified_gmt":"2022-09-07T15:51:22","slug":"memoria-ram-ddr4-8gb-2666mhz-crucial","status":"publish","type":"product","link":"https:\/\/aptecnologia.com.ar\/new\/productos\/memoria-ram-ddr4-8gb-2666mhz-crucial\/","title":{"rendered":"Memoria Ram DDR4 8GB 2666MHZ &#8211; CRUCIAL"},"content":{"rendered":"<p>Una actualizaci\u00f3n de memoria es una de las formas m\u00e1s r\u00e1pidas, f\u00e1ciles y econ\u00f3micas de mejorar de manera inmediata el rendimiento de tu computadora. Ya sea para un ordenador port\u00e1til, de escritorio o una estaci\u00f3n de trabajo que funciona lento y relentiza tus actividades, instalar m\u00e1s memoria tomar\u00e1 solo unos minutos y te brindar\u00e1 soluciones inmediatas y duraderas a corto, mediano y largo plazo. Aceler\u00e1 y extend\u00e9 la vida \u00fatil del sistema y aprovech\u00e1 la capacidad de respuesta que te da para trabajar de manera simple y confortable. No lo dudes m\u00e1s, la memoria Crucial es una de las formas m\u00e1s accesibles para aumentar de manera f\u00e1cil la capacidad multitarea de tu computadora.<\/p>\n<p>Potenci\u00e1 tu PC<br \/>\nCon su tecnolog\u00eda DDR4, mejorar\u00e1 el desempe\u00f1o de tu equipo, ya que opera en 3 y 4 canales, generando mayor fluidez y velocidad en la transferencia de datos. \u00a1Optimiz\u00e1 al m\u00e1ximo el rendimiento de tu computadora!<\/p>\n<p>Velocidad para exigentes<br \/>\nSi sos fan\u00e1tico de los juegos en l\u00ednea o la us\u00e1s para trabajar con programas o aplicaciones pesadas, esta memoria es para vos. Gracias a su velocidad de 2666 MHz, podr\u00e1s disfrutar de un alto rendimiento y hacer tus trabajos de manera r\u00e1pida y efectiva.<\/p>\n","protected":false},"excerpt":{"rendered":"<p>Memoria 8GB RAM<br \/>\nOptimiz\u00e1 el rendimiento de tu m\u00e1quina con la tecnolog\u00eda DDR4.<br \/>\nAlcanza una velocidad de 2666 MHz.<br \/>\nCuenta con una tasa de transferencia de 21300 MB\/s.<\/p>\n","protected":false},"featured_media":11839,"comment_status":"open","ping_status":"closed","template":"","meta":[],"pwb-brand":[122],"product_cat":[66,92,91],"product_tag":[],"class_list":{"0":"post-11940","1":"product","2":"type-product","3":"status-publish","4":"has-post-thumbnail","6":"pwb-brand-crucial","7":"product_cat-computacion","8":"product_cat-memorias-ram","9":"product_cat-componentes","11":"first","12":"outofstock","13":"shipping-taxable","14":"purchasable","15":"product-type-simple"},"brands":[{"id":122,"name":"Crucial","slug":"crucial"}],"_links":{"self":[{"href":"https:\/\/aptecnologia.com.ar\/new\/wp-json\/wp\/v2\/product\/11940","targetHints":{"allow":["GET"]}}],"collection":[{"href":"https:\/\/aptecnologia.com.ar\/new\/wp-json\/wp\/v2\/product"}],"about":[{"href":"https:\/\/aptecnologia.com.ar\/new\/wp-json\/wp\/v2\/types\/product"}],"replies":[{"embeddable":true,"href":"https:\/\/aptecnologia.com.ar\/new\/wp-json\/wp\/v2\/comments?post=11940"}],"version-history":[{"count":0,"href":"https:\/\/aptecnologia.com.ar\/new\/wp-json\/wp\/v2\/product\/11940\/revisions"}],"wp:featuredmedia":[{"embeddable":true,"href":"https:\/\/aptecnologia.com.ar\/new\/wp-json\/wp\/v2\/media\/11839"}],"wp:attachment":[{"href":"https:\/\/aptecnologia.com.ar\/new\/wp-json\/wp\/v2\/media?parent=11940"}],"wp:term":[{"taxonomy":"pwb-brand","embeddable":true,"href":"https:\/\/aptecnologia.com.ar\/new\/wp-json\/wp\/v2\/pwb-brand?post=11940"},{"taxonomy":"product_cat","embeddable":true,"href":"https:\/\/aptecnologia.com.ar\/new\/wp-json\/wp\/v2\/product_cat?post=11940"},{"taxonomy":"product_tag","embeddable":true,"href":"https:\/\/aptecnologia.com.ar\/new\/wp-json\/wp\/v2\/product_tag?post=11940"}],"curies":[{"name":"wp","href":"https:\/\/api.w.org\/{rel}","templated":true}]}}