{"id":11934,"date":"2022-09-07T15:34:32","date_gmt":"2022-09-07T15:34:32","guid":{"rendered":"https:\/\/aptecnologia.com.ar\/new\/?post_type=product&#038;p=11934"},"modified":"2023-05-12T16:52:56","modified_gmt":"2023-05-12T19:52:56","slug":"notebook-x515ea-i7-15-6fhd-512g-8g-free-asus","status":"publish","type":"product","link":"https:\/\/aptecnologia.com.ar\/new\/productos\/notebook-x515ea-i7-15-6fhd-512g-8g-free-asus\/","title":{"rendered":"Notebook &#8211; I7 X515EA \/15.6&#8243;FHD\/512G\/8G\/FREE ASUS"},"content":{"rendered":"<p class=\"ui-pdp-description__content\">Ya sea para trabajar o jugar, el ASUS X515 es el computador port\u00e1til que ofrece un potente rendimiento y efectos visuales envolventes. Su pantalla NanoEdge cuenta con amplios \u00e1ngulos de visi\u00f3n de 178\u00b0 y un recubrimiento antirreflejos mate para tener una experiencia verdaderamente atractiva.<\/p>\n<p>Para tener una visi\u00f3n m\u00e1s amplia del mundo<br \/>\nLa pantalla NanoEdge le da al ASUS X515 una amplia \u00e1rea de pantalla para que tengas una experiencia de visualizaci\u00f3n inmersiva al trabajar y jugar. El panel hasta FHD de vista amplia cuenta con un revestimiento antirreflejo que disminuye las distracciones no deseadas producidas por los irritantes reflejos y deslumbramientos y que puedas concentrarte realmente en lo que est\u00e1 al frente.<\/p>\n<p>Constantemente conectado<br \/>\nEl ASUS X515 est\u00e1 equipado con un puerto USB-C 3.2 reversible, con un dise\u00f1o en todo sentido que conectar otros dispositivos sea lo m\u00e1s f\u00e1cil posible. Tambi\u00e9n ofrece velocidades de transferencia de datos hasta 10 veces m\u00e1s r\u00e1pidas4 que las conexiones USB 2.0 m\u00e1s antiguas. Tambi\u00e9n incluye puertos USB 3.2 Type-A y USB 2.0, salida HDMI y un lector de tarjetas microSD, para que puedas conectar f\u00e1cilmente todos sus perif\u00e9ricos, pantallas y proyectores comunes sin ning\u00fan problema.<\/p>\n<p>Protecci\u00f3n interna \/ protecci\u00f3n de disco duro y mejoras del chasis<br \/>\nEl ASUS X515 cuenta con amortiguaci\u00f3n de golpes E-A-R HDD para proteger tus datos de cada golpe, mientras que su chasis reforzado mejora la escritura y te permite abrir y cerrar la tapa con un movimiento suave.<\/p>\n<p>Obtienes lo mejor de tu PC con MyASUS<br \/>\nMyASUS es la manera m\u00e1s f\u00e1cil de acceder a las aplicaciones pr\u00e1cticas de ASUS que te ayudan a aprovechar al m\u00e1ximo tu computador port\u00e1til o de escritorio. Puedes realizar m\u00faltiples tareas usando tu tel\u00e9fono iOS o Android con tu PC, optimizar el rendimiento de tu PC o comun\u00edcarte con el servicio y soporte postventa. \u00a1Tambi\u00e9n hay una amplia gama de descargas de aplicaciones populares y ofertas exclusivas solo para ti!<\/p>\n<p>ESPECIFICACIONES<\/p>\n<p>Material de la cubierta del LCD: Pl\u00e1stico<br \/>\nColor de la cubierta de la pantalla LCD: Gris pizarra<br \/>\nMaterial de la caja superior: Pl\u00e1stico<br \/>\nColor de la carcasa superior: gris pizarra<br \/>\nMaterial de la caja inferior: Pl\u00e1stico<br \/>\nColor de la carcasa inferior: gris pizarra<br \/>\nTama\u00f1o del panel: 15,6 pulgadas<br \/>\nRetroiluminado: retroiluminado por LED<br \/>\nBrillo: 200nits<br \/>\nResoluci\u00f3n: FHD (1920 x 1080) 16:9<br \/>\nDeslumbramiento: pantalla antideslumbrante<br \/>\nGama de colores: NTSC: 45%<br \/>\nRelaci\u00f3n pantalla-cuerpo: 83%<br \/>\nProcesador: Procesador Intel Core I7-1165<br \/>\nDiscreto \/ Compartir: Compartir<br \/>\nGPU integrada: Gr\u00e1ficos Intel Iris Xe (disponible para Intel Core i5 \/ i7 de 11.a generaci\u00f3n con memoria de doble canal)<br \/>\nC\u00f3mo actualizar la memoria: Actualizable \/ Necesita quitar la carcasa inferior \/ superior<br \/>\nMemoria integrada: 8GB DDR4 a bordo<br \/>\nAlmacenamiento: SSD M.2 NVMe PCIe 3.0 de 512GB<br \/>\nC\u00e1mara frontal: c\u00e1mara VGA<br \/>\nInal\u00e1mbrico: Wi-Fi 5 (802.11ac) + Bluetooth 4.1 (banda dual) 1 * 1<br \/>\nPuertos de E \/ S: 1x HDMI 1.4 \/ 1x Conector de audio combinado de 3,5 mm \/ 1x DC-in \/\/ 1x USB 3.2 Gen 1 Tipo-A \/ 1x USB 3.2 Gen 1 Tipo-C \/ 2x USB 2.0 Tipo-A \/\/ Micro SD lector de tarjetas (en el modelo seleccionado)<br \/>\nAudio: SonicMaster<br \/>\nControl por voz: con soporte Cortana<br \/>\nBater\u00eda: 37 Wh, 2S1P, ion de litio de 2 celdas<br \/>\nBater\u00eda reemplazable: No<br \/>\nTipo de teclado: teclado chiclet con tecla num\u00e9rica<br \/>\nDimensi\u00f3n (WxHxD): 36,00 x 23,50 x 1,99 cm<br \/>\nPeso (con bater\u00eda): 1,80 kg<br \/>\nPeso (sin bater\u00eda): 1,70 kg<\/p>\n","protected":false},"excerpt":{"rendered":"<p>Memoria RAM: 8 GB<br \/>\nTama\u00f1o de la pantalla: 15.6 \u00bb<br \/>\nCapacidad del SSD 512 GB<br \/>\nProcesador Intel Core i7<br \/>\nSistema operativo FreeDOS<\/p>\n","protected":false},"featured_media":11938,"comment_status":"open","ping_status":"closed","template":"","meta":[],"pwb-brand":[143],"product_cat":[66,191,72],"product_tag":[],"class_list":{"0":"post-11934","1":"product","2":"type-product","3":"status-publish","4":"has-post-thumbnail","6":"pwb-brand-asus","7":"product_cat-computacion","8":"product_cat-equipos","9":"product_cat-notebooks","11":"first","12":"outofstock","13":"featured","14":"shipping-taxable","15":"purchasable","16":"product-type-simple"},"brands":[{"id":143,"name":"ASUS","slug":"asus"}],"_links":{"self":[{"href":"https:\/\/aptecnologia.com.ar\/new\/wp-json\/wp\/v2\/product\/11934","targetHints":{"allow":["GET"]}}],"collection":[{"href":"https:\/\/aptecnologia.com.ar\/new\/wp-json\/wp\/v2\/product"}],"about":[{"href":"https:\/\/aptecnologia.com.ar\/new\/wp-json\/wp\/v2\/types\/product"}],"replies":[{"embeddable":true,"href":"https:\/\/aptecnologia.com.ar\/new\/wp-json\/wp\/v2\/comments?post=11934"}],"version-history":[{"count":0,"href":"https:\/\/aptecnologia.com.ar\/new\/wp-json\/wp\/v2\/product\/11934\/revisions"}],"wp:featuredmedia":[{"embeddable":true,"href":"https:\/\/aptecnologia.com.ar\/new\/wp-json\/wp\/v2\/media\/11938"}],"wp:attachment":[{"href":"https:\/\/aptecnologia.com.ar\/new\/wp-json\/wp\/v2\/media?parent=11934"}],"wp:term":[{"taxonomy":"pwb-brand","embeddable":true,"href":"https:\/\/aptecnologia.com.ar\/new\/wp-json\/wp\/v2\/pwb-brand?post=11934"},{"taxonomy":"product_cat","embeddable":true,"href":"https:\/\/aptecnologia.com.ar\/new\/wp-json\/wp\/v2\/product_cat?post=11934"},{"taxonomy":"product_tag","embeddable":true,"href":"https:\/\/aptecnologia.com.ar\/new\/wp-json\/wp\/v2\/product_tag?post=11934"}],"curies":[{"name":"wp","href":"https:\/\/api.w.org\/{rel}","templated":true}]}}