{"id":11899,"date":"2022-08-22T22:31:23","date_gmt":"2022-08-22T22:31:23","guid":{"rendered":"https:\/\/aptecnologia.com.ar\/new\/productos\/toner-alt-hp-237a-generico-copy\/"},"modified":"2022-08-22T22:33:36","modified_gmt":"2022-08-22T22:33:36","slug":"toner-alt-hp-248a-generico","status":"publish","type":"product","link":"https:\/\/aptecnologia.com.ar\/new\/productos\/toner-alt-hp-248a-generico\/","title":{"rendered":"Toner Alt. HP 248A &#8211; GENERICO"},"content":{"rendered":"<p>Impresoras compatibles:<br \/>\nM15w | M16w | MFP M28 | MFP M29<br \/>\nRENDIMIENTO: 1000 P\u00c1GINAS (cada p\u00e1gina est\u00e1 contemplada al 5% de impresi\u00f3n, que equivale a una hoja de texto completa).<\/p>\n","protected":false},"excerpt":{"rendered":"<p>la imagen del packaging es ilustrativa<br \/>\nToner Alternativo 237a 37a<\/p>\n","protected":false},"featured_media":9906,"comment_status":"open","ping_status":"closed","template":"","meta":[],"pwb-brand":[169],"product_cat":[66,166,89],"product_tag":[],"class_list":{"0":"post-11899","1":"product","2":"type-product","3":"status-publish","4":"has-post-thumbnail","6":"pwb-brand-generico","7":"product_cat-computacion","8":"product_cat-tonersydrums","9":"product_cat-impresion","11":"first","12":"outofstock","13":"shipping-taxable","14":"purchasable","15":"product-type-simple"},"brands":[{"id":169,"name":"Generico","slug":"generico"}],"_links":{"self":[{"href":"https:\/\/aptecnologia.com.ar\/new\/wp-json\/wp\/v2\/product\/11899","targetHints":{"allow":["GET"]}}],"collection":[{"href":"https:\/\/aptecnologia.com.ar\/new\/wp-json\/wp\/v2\/product"}],"about":[{"href":"https:\/\/aptecnologia.com.ar\/new\/wp-json\/wp\/v2\/types\/product"}],"replies":[{"embeddable":true,"href":"https:\/\/aptecnologia.com.ar\/new\/wp-json\/wp\/v2\/comments?post=11899"}],"version-history":[{"count":0,"href":"https:\/\/aptecnologia.com.ar\/new\/wp-json\/wp\/v2\/product\/11899\/revisions"}],"wp:featuredmedia":[{"embeddable":true,"href":"https:\/\/aptecnologia.com.ar\/new\/wp-json\/wp\/v2\/media\/9906"}],"wp:attachment":[{"href":"https:\/\/aptecnologia.com.ar\/new\/wp-json\/wp\/v2\/media?parent=11899"}],"wp:term":[{"taxonomy":"pwb-brand","embeddable":true,"href":"https:\/\/aptecnologia.com.ar\/new\/wp-json\/wp\/v2\/pwb-brand?post=11899"},{"taxonomy":"product_cat","embeddable":true,"href":"https:\/\/aptecnologia.com.ar\/new\/wp-json\/wp\/v2\/product_cat?post=11899"},{"taxonomy":"product_tag","embeddable":true,"href":"https:\/\/aptecnologia.com.ar\/new\/wp-json\/wp\/v2\/product_tag?post=11899"}],"curies":[{"name":"wp","href":"https:\/\/api.w.org\/{rel}","templated":true}]}}