{"id":11890,"date":"2022-08-22T22:23:46","date_gmt":"2022-08-22T22:23:46","guid":{"rendered":"https:\/\/aptecnologia.com.ar\/new\/?post_type=product&#038;p=11890"},"modified":"2022-11-24T14:48:09","modified_gmt":"2022-11-24T14:48:09","slug":"teclado-multimedia-usb-xtk-160s-xtech","status":"publish","type":"product","link":"https:\/\/aptecnologia.com.ar\/new\/productos\/teclado-multimedia-usb-xtk-160s-xtech\/","title":{"rendered":"Teclado multimedia USB XTK-160S &#8211; XTECH"},"content":{"rendered":"<p>Teclado Xtech multimedia USB XTK-160S<\/p>\n<p>Caracter\u00edsticas:<br \/>\nPerfil delgado para f\u00e1cil transporte.<br \/>\nResistentes patas traseras permiten ajustar f\u00e1cilmente el teclado en el \u00e1ngulo de inclinaci\u00f3n adecuado.<br \/>\nControl y acceso instant\u00e1neo a archivos de m\u00fasica, videos, correo electr\u00f3nico y mucho m\u00e1s, directamente desde el teclado.<\/p>\n<p>Especificaciones:<br \/>\nTipo: Teclado de tama\u00f1o natural en espa\u00f1ol<br \/>\nN\u00famerode teclas: 103 teclas est\u00e1ndar y 9 teclas multimedia<br \/>\nConectividad: Con cable<br \/>\nInterfaz: USB<br \/>\nEst\u00e1ndar de compatibilidad: Configuraci\u00f3n autom\u00e1tica plug and play<br \/>\nRequisitos del sistema: Familia Windows<br \/>\nColor: Negro<br \/>\nIndicadores de estado: Bloqueo num\u00e9rico, de may\u00fasculas y de desplazamiento<br \/>\nBotones multimedia: Inicio, E-mail, Reproducci\u00f3n\/Pausa, Detener, Retroceder, Avanzar, Subir volumen, Bajar volumen y Silenciamiento<br \/>\nPeso: 350gr<br \/>\nDimensiones (LaxAnxAl): 41&#215;13,2&#215;1,8cm<br \/>\nLongitud del cable: 1,25m<\/p>\n","protected":false},"excerpt":{"rendered":"<p>Perfil delgado para f\u00e1cil transporte.<br \/>\nTipo: Teclado de tama\u00f1o natural en espa\u00f1ol<br \/>\nN\u00famerode teclas: 103 teclas est\u00e1ndar y 9 teclas multimedia<br \/>\nConectividad: Con cable<br \/>\nInterfaz: USB<br \/>\nColor: Negro<\/p>\n","protected":false},"featured_media":11891,"comment_status":"open","ping_status":"closed","template":"","meta":[],"pwb-brand":[225],"product_cat":[66,154,90],"product_tag":[],"class_list":{"0":"post-11890","1":"product","2":"type-product","3":"status-publish","4":"has-post-thumbnail","6":"pwb-brand-xtech","7":"product_cat-computacion","8":"product_cat-teclados","9":"product_cat-perifericos","11":"first","12":"outofstock","13":"shipping-taxable","14":"purchasable","15":"product-type-simple"},"brands":[{"id":225,"name":"XTech","slug":"xtech"}],"_links":{"self":[{"href":"https:\/\/aptecnologia.com.ar\/new\/wp-json\/wp\/v2\/product\/11890","targetHints":{"allow":["GET"]}}],"collection":[{"href":"https:\/\/aptecnologia.com.ar\/new\/wp-json\/wp\/v2\/product"}],"about":[{"href":"https:\/\/aptecnologia.com.ar\/new\/wp-json\/wp\/v2\/types\/product"}],"replies":[{"embeddable":true,"href":"https:\/\/aptecnologia.com.ar\/new\/wp-json\/wp\/v2\/comments?post=11890"}],"version-history":[{"count":0,"href":"https:\/\/aptecnologia.com.ar\/new\/wp-json\/wp\/v2\/product\/11890\/revisions"}],"wp:featuredmedia":[{"embeddable":true,"href":"https:\/\/aptecnologia.com.ar\/new\/wp-json\/wp\/v2\/media\/11891"}],"wp:attachment":[{"href":"https:\/\/aptecnologia.com.ar\/new\/wp-json\/wp\/v2\/media?parent=11890"}],"wp:term":[{"taxonomy":"pwb-brand","embeddable":true,"href":"https:\/\/aptecnologia.com.ar\/new\/wp-json\/wp\/v2\/pwb-brand?post=11890"},{"taxonomy":"product_cat","embeddable":true,"href":"https:\/\/aptecnologia.com.ar\/new\/wp-json\/wp\/v2\/product_cat?post=11890"},{"taxonomy":"product_tag","embeddable":true,"href":"https:\/\/aptecnologia.com.ar\/new\/wp-json\/wp\/v2\/product_tag?post=11890"}],"curies":[{"name":"wp","href":"https:\/\/api.w.org\/{rel}","templated":true}]}}