{"id":11884,"date":"2022-08-22T22:09:31","date_gmt":"2022-08-22T22:09:31","guid":{"rendered":"https:\/\/aptecnologia.com.ar\/new\/productos\/teclado-kb-118-usb-black-genius-copy\/"},"modified":"2022-08-22T22:11:51","modified_gmt":"2022-08-22T22:11:51","slug":"teclado-kb-117-usb-black-genius","status":"publish","type":"product","link":"https:\/\/aptecnologia.com.ar\/new\/productos\/teclado-kb-117-usb-black-genius\/","title":{"rendered":"Teclado KB-117 USB Black &#8211; GENIUS"},"content":{"rendered":"<p>Este teclado Genius es el mejor complemento para hacer todo tipo de actividades. Es c\u00f3modo y pr\u00e1ctico al momento de redactar documentos, navegar y hacer b\u00fasquedas por internet, ya sea en tu trabajo o en la comodidad del hogar.<\/p>\n","protected":false},"excerpt":{"rendered":"<p>Resiste a salpicaduras.<br \/>\nTipo de teclado: membrana.<br \/>\nTecla cil\u00edndrica.<br \/>\nCon conector USB 2.0.<br \/>\nMedidas: 461.5mm de ancho, 167.45mm de alto y 26mm de profundidad.<br \/>\nIndispensable para tus actividades.<\/p>\n","protected":false},"featured_media":11888,"comment_status":"open","ping_status":"closed","template":"","meta":[],"pwb-brand":[109],"product_cat":[66,154,90],"product_tag":[],"class_list":{"0":"post-11884","1":"product","2":"type-product","3":"status-publish","4":"has-post-thumbnail","6":"pwb-brand-genius","7":"product_cat-computacion","8":"product_cat-teclados","9":"product_cat-perifericos","11":"first","12":"outofstock","13":"shipping-taxable","14":"purchasable","15":"product-type-simple"},"brands":[{"id":109,"name":"Genius","slug":"genius"}],"_links":{"self":[{"href":"https:\/\/aptecnologia.com.ar\/new\/wp-json\/wp\/v2\/product\/11884","targetHints":{"allow":["GET"]}}],"collection":[{"href":"https:\/\/aptecnologia.com.ar\/new\/wp-json\/wp\/v2\/product"}],"about":[{"href":"https:\/\/aptecnologia.com.ar\/new\/wp-json\/wp\/v2\/types\/product"}],"replies":[{"embeddable":true,"href":"https:\/\/aptecnologia.com.ar\/new\/wp-json\/wp\/v2\/comments?post=11884"}],"version-history":[{"count":0,"href":"https:\/\/aptecnologia.com.ar\/new\/wp-json\/wp\/v2\/product\/11884\/revisions"}],"wp:featuredmedia":[{"embeddable":true,"href":"https:\/\/aptecnologia.com.ar\/new\/wp-json\/wp\/v2\/media\/11888"}],"wp:attachment":[{"href":"https:\/\/aptecnologia.com.ar\/new\/wp-json\/wp\/v2\/media?parent=11884"}],"wp:term":[{"taxonomy":"pwb-brand","embeddable":true,"href":"https:\/\/aptecnologia.com.ar\/new\/wp-json\/wp\/v2\/pwb-brand?post=11884"},{"taxonomy":"product_cat","embeddable":true,"href":"https:\/\/aptecnologia.com.ar\/new\/wp-json\/wp\/v2\/product_cat?post=11884"},{"taxonomy":"product_tag","embeddable":true,"href":"https:\/\/aptecnologia.com.ar\/new\/wp-json\/wp\/v2\/product_tag?post=11884"}],"curies":[{"name":"wp","href":"https:\/\/api.w.org\/{rel}","templated":true}]}}