{"id":11879,"date":"2022-08-22T22:00:10","date_gmt":"2022-08-22T22:00:10","guid":{"rendered":"https:\/\/aptecnologia.com.ar\/new\/?post_type=product&#038;p=11879"},"modified":"2023-02-01T16:25:55","modified_gmt":"2023-02-01T16:25:55","slug":"placa-de-video-geforce-gtx-1050ti-oc-dual-fan-gddr5x-4gb-gt-msi","status":"publish","type":"product","link":"https:\/\/aptecnologia.com.ar\/new\/productos\/placa-de-video-geforce-gtx-1050ti-oc-dual-fan-gddr5x-4gb-gt-msi\/","title":{"rendered":"Placa de Video GeForce GTX 1050TI OC DUAL FAN GDDR5X 4GB GT &#8211; MSI"},"content":{"rendered":"<p>Nvidia es el fabricante l\u00edder de placas de video; su calidad asegura una experiencia positiva en el desarrollo del motor gr\u00e1fico de tu computadora. Adem\u00e1s, sus procesadores usan tecnolog\u00eda de punta para que puedas disfrutar de un producto veloz y duradero.<\/p>\n<p>Velocidad en cada lectura<br \/>\nComo cuenta con 768 n\u00facleos, los c\u00e1lculos para el procesamiento de gr\u00e1ficos se realizar\u00e1n de forma simult\u00e1nea logrando un resultado \u00f3ptimo del trabajo de la placa. Esto le permitir\u00e1 ejecutar lecturas dispersas y r\u00e1pidas de y hacia la GPU.<\/p>\n<p>Calidad de imagen<br \/>\nCriterio fundamental a la hora de elegir una placa de video, su resoluci\u00f3n de 7680&#215;4320 no te defraudar\u00e1. La decodificaci\u00f3n de los p\u00edxeles en tu pantalla te har\u00e1n ver hasta los detalles m\u00e1s \u00ednfimos en cada ilustraci\u00f3n.<\/p>\n","protected":false},"excerpt":{"rendered":"<p>Interfaz PCI-Express 3.0.<br \/>\nBus de memoria: 128bit.<br \/>\nCantidad de n\u00facleos: 768.<br \/>\nFrecuencia boost del n\u00facleo de 1455MHz y base de 1341MHz.<br \/>\nResoluci\u00f3n m\u00e1xima: 7680&#215;4320.<\/p>\n","protected":false},"featured_media":11882,"comment_status":"open","ping_status":"closed","template":"","meta":[],"pwb-brand":[144],"product_cat":[66,95,91],"product_tag":[],"class_list":{"0":"post-11879","1":"product","2":"type-product","3":"status-publish","4":"has-post-thumbnail","6":"pwb-brand-msi","7":"product_cat-computacion","8":"product_cat-placas-de-video","9":"product_cat-componentes","11":"first","12":"instock","13":"shipping-taxable","14":"purchasable","15":"product-type-simple"},"brands":[{"id":144,"name":"MSI","slug":"msi"}],"_links":{"self":[{"href":"https:\/\/aptecnologia.com.ar\/new\/wp-json\/wp\/v2\/product\/11879","targetHints":{"allow":["GET"]}}],"collection":[{"href":"https:\/\/aptecnologia.com.ar\/new\/wp-json\/wp\/v2\/product"}],"about":[{"href":"https:\/\/aptecnologia.com.ar\/new\/wp-json\/wp\/v2\/types\/product"}],"replies":[{"embeddable":true,"href":"https:\/\/aptecnologia.com.ar\/new\/wp-json\/wp\/v2\/comments?post=11879"}],"version-history":[{"count":0,"href":"https:\/\/aptecnologia.com.ar\/new\/wp-json\/wp\/v2\/product\/11879\/revisions"}],"wp:featuredmedia":[{"embeddable":true,"href":"https:\/\/aptecnologia.com.ar\/new\/wp-json\/wp\/v2\/media\/11882"}],"wp:attachment":[{"href":"https:\/\/aptecnologia.com.ar\/new\/wp-json\/wp\/v2\/media?parent=11879"}],"wp:term":[{"taxonomy":"pwb-brand","embeddable":true,"href":"https:\/\/aptecnologia.com.ar\/new\/wp-json\/wp\/v2\/pwb-brand?post=11879"},{"taxonomy":"product_cat","embeddable":true,"href":"https:\/\/aptecnologia.com.ar\/new\/wp-json\/wp\/v2\/product_cat?post=11879"},{"taxonomy":"product_tag","embeddable":true,"href":"https:\/\/aptecnologia.com.ar\/new\/wp-json\/wp\/v2\/product_tag?post=11879"}],"curies":[{"name":"wp","href":"https:\/\/api.w.org\/{rel}","templated":true}]}}