{"id":11873,"date":"2022-08-22T21:02:22","date_gmt":"2022-08-22T21:02:22","guid":{"rendered":"https:\/\/aptecnologia.com.ar\/new\/?post_type=product&#038;p=11873"},"modified":"2022-08-22T21:02:22","modified_gmt":"2022-08-22T21:02:22","slug":"placa-de-red-wn8200nd-300mbps-wifi-tp-link","status":"publish","type":"product","link":"https:\/\/aptecnologia.com.ar\/new\/productos\/placa-de-red-wn8200nd-300mbps-wifi-tp-link\/","title":{"rendered":"Placa de Red WN8200ND 300Mbps WIFI &#8211; TP-LINK"},"content":{"rendered":"<p>Adaptador USB TP Link WiFi Inal\u00e1mbrico TL-WN8200ND 300mbps<\/p>\n<p>&#8211; Alta potencia y sensibilidad de recepci\u00f3n para ofrecer una distancia de transmisi\u00f3n ultra grande<br \/>\n&#8211; Velocidades de transmisi\u00f3n de 300Mbps ideales para las tareas de banda ancha pesada<br \/>\n&#8211; F\u00e1cil Encriptaci\u00f3n de seguridad inal\u00e1mbrica con s\u00f3lo presionar el bot\u00f3n WPS<br \/>\n&#8211; El cable de extensi\u00f3n USB de 1.5 metros permite un uso conveniente<\/p>\n","protected":false},"excerpt":{"rendered":"<p>Conectividad: WLAN<br \/>\nTasa de transferencia de datos: 300 MB\/s<br \/>\nInterfaz: USB<br \/>\nTipo de antena: 2 Antenas Desmontables omnidireccionales<br \/>\nBot\u00f3n: WPS<br \/>\nTipos de frecuencias: 2.4-2.4835GHz<\/p>\n","protected":false},"featured_media":11877,"comment_status":"open","ping_status":"closed","template":"","meta":[],"pwb-brand":[102],"product_cat":[70,88],"product_tag":[],"class_list":{"0":"post-11873","1":"product","2":"type-product","3":"status-publish","4":"has-post-thumbnail","6":"pwb-brand-tplink","7":"product_cat-conectividad-y-redes","8":"product_cat-placa-de-red","10":"first","11":"instock","12":"shipping-taxable","13":"purchasable","14":"product-type-simple"},"brands":[{"id":102,"name":"Tp-Link","slug":"tplink"}],"_links":{"self":[{"href":"https:\/\/aptecnologia.com.ar\/new\/wp-json\/wp\/v2\/product\/11873","targetHints":{"allow":["GET"]}}],"collection":[{"href":"https:\/\/aptecnologia.com.ar\/new\/wp-json\/wp\/v2\/product"}],"about":[{"href":"https:\/\/aptecnologia.com.ar\/new\/wp-json\/wp\/v2\/types\/product"}],"replies":[{"embeddable":true,"href":"https:\/\/aptecnologia.com.ar\/new\/wp-json\/wp\/v2\/comments?post=11873"}],"version-history":[{"count":0,"href":"https:\/\/aptecnologia.com.ar\/new\/wp-json\/wp\/v2\/product\/11873\/revisions"}],"wp:featuredmedia":[{"embeddable":true,"href":"https:\/\/aptecnologia.com.ar\/new\/wp-json\/wp\/v2\/media\/11877"}],"wp:attachment":[{"href":"https:\/\/aptecnologia.com.ar\/new\/wp-json\/wp\/v2\/media?parent=11873"}],"wp:term":[{"taxonomy":"pwb-brand","embeddable":true,"href":"https:\/\/aptecnologia.com.ar\/new\/wp-json\/wp\/v2\/pwb-brand?post=11873"},{"taxonomy":"product_cat","embeddable":true,"href":"https:\/\/aptecnologia.com.ar\/new\/wp-json\/wp\/v2\/product_cat?post=11873"},{"taxonomy":"product_tag","embeddable":true,"href":"https:\/\/aptecnologia.com.ar\/new\/wp-json\/wp\/v2\/product_tag?post=11873"}],"curies":[{"name":"wp","href":"https:\/\/api.w.org\/{rel}","templated":true}]}}