{"id":11830,"date":"2022-08-22T16:17:36","date_gmt":"2022-08-22T16:17:36","guid":{"rendered":"https:\/\/aptecnologia.com.ar\/new\/?post_type=product&#038;p=11830"},"modified":"2022-09-30T19:57:47","modified_gmt":"2022-09-30T19:57:47","slug":"fuente-650w-80-plus-bronze-fan-14cm-gamemax","status":"publish","type":"product","link":"https:\/\/aptecnologia.com.ar\/new\/productos\/fuente-650w-80-plus-bronze-fan-14cm-gamemax\/","title":{"rendered":"Fuente 650W 80 PLUS Bronze FAN 14CM &#8211; GAMEMAX"},"content":{"rendered":"<p>Con la fuente de alimentaci\u00f3n GameMax GP-650 podr\u00e1s asegurar la corriente continua y estable de tu computadora de escritorio y optimizar el funcionamiento de sus componentes.<\/p>\n<p>Control de temperatura<br \/>\nA trav\u00e9s de su sistema de refrigeraci\u00f3n, podr\u00e1s mantener la temperatura ideal de sus componentes y evitar su sobrecalentamiento.<\/p>\n<p>Sin ruido ni distracciones<br \/>\nDebido a su funcionamiento silencioso, tu equipo operar\u00e1 minimizando el nivel de ruido, para que tu jornada sea m\u00e1s agradable.<\/p>\n<p>Protecci\u00f3n asegurada<br \/>\nEl sistema de protecci\u00f3n OPP realiza un monitoreo constante de la corriente y, en caso de detectar una sobrecarga de energ\u00eda, apaga el dispositivo para evitar da\u00f1os.<\/p>\n","protected":false},"excerpt":{"rendered":"<p>Potencia de salida de 650W.<br \/>\nFuente de tipo ATX.<br \/>\nCon certificaci\u00f3n de eficiencia 80 Plus Bronze.<br \/>\nDi\u00e1metro del ventilador de 140mm.<br \/>\nRefrigeraci\u00f3n por aire.<\/p>\n","protected":false},"featured_media":11831,"comment_status":"open","ping_status":"closed","template":"","meta":[],"pwb-brand":[222],"product_cat":[66,128,91],"product_tag":[],"class_list":{"0":"post-11830","1":"product","2":"type-product","3":"status-publish","4":"has-post-thumbnail","6":"pwb-brand-gamemax","7":"product_cat-computacion","8":"product_cat-fuentes","9":"product_cat-componentes","11":"first","12":"outofstock","13":"shipping-taxable","14":"purchasable","15":"product-type-simple"},"brands":[{"id":222,"name":"Gamemax","slug":"gamemax"}],"_links":{"self":[{"href":"https:\/\/aptecnologia.com.ar\/new\/wp-json\/wp\/v2\/product\/11830","targetHints":{"allow":["GET"]}}],"collection":[{"href":"https:\/\/aptecnologia.com.ar\/new\/wp-json\/wp\/v2\/product"}],"about":[{"href":"https:\/\/aptecnologia.com.ar\/new\/wp-json\/wp\/v2\/types\/product"}],"replies":[{"embeddable":true,"href":"https:\/\/aptecnologia.com.ar\/new\/wp-json\/wp\/v2\/comments?post=11830"}],"version-history":[{"count":0,"href":"https:\/\/aptecnologia.com.ar\/new\/wp-json\/wp\/v2\/product\/11830\/revisions"}],"wp:featuredmedia":[{"embeddable":true,"href":"https:\/\/aptecnologia.com.ar\/new\/wp-json\/wp\/v2\/media\/11831"}],"wp:attachment":[{"href":"https:\/\/aptecnologia.com.ar\/new\/wp-json\/wp\/v2\/media?parent=11830"}],"wp:term":[{"taxonomy":"pwb-brand","embeddable":true,"href":"https:\/\/aptecnologia.com.ar\/new\/wp-json\/wp\/v2\/pwb-brand?post=11830"},{"taxonomy":"product_cat","embeddable":true,"href":"https:\/\/aptecnologia.com.ar\/new\/wp-json\/wp\/v2\/product_cat?post=11830"},{"taxonomy":"product_tag","embeddable":true,"href":"https:\/\/aptecnologia.com.ar\/new\/wp-json\/wp\/v2\/product_tag?post=11830"}],"curies":[{"name":"wp","href":"https:\/\/api.w.org\/{rel}","templated":true}]}}