{"id":11826,"date":"2022-08-22T15:46:52","date_gmt":"2022-08-22T15:46:52","guid":{"rendered":"https:\/\/aptecnologia.com.ar\/new\/?post_type=product&#038;p=11826"},"modified":"2022-12-12T13:41:54","modified_gmt":"2022-12-12T13:41:54","slug":"disco-hdd-3tb-barracuda-seagate","status":"publish","type":"product","link":"https:\/\/aptecnologia.com.ar\/new\/productos\/disco-hdd-3tb-barracuda-seagate\/","title":{"rendered":"Disco HDD 3TB Barracuda &#8211; SEAGATE"},"content":{"rendered":"<p>Seagate, referente en el mercado de unidades de almacenamiento se encarga de brindar los mejores productos a sus clientes. Su control de calidad m\u00e1s su compromiso con una producci\u00f3n sustentable y responsable con el medio ambiente la vuelven una l\u00edder indiscutible. Sus dispositivos resaltan todas estas caracter\u00edsticas que generan un \u00f3ptimo rendimiento con el objetivo de darte una gran experiencia de uso.<br \/>\nEl Barracuda ST3000DM007 se caracteriza por su eficiencia y buen funcionamiento, que sumado a su reducido consumo energ\u00e9tico lo vuelven un disco indispensable para funciones est\u00e1ndar.<\/p>\n<p>M\u00e1s velocidad a tu alcance<br \/>\nEste producto posee una interfaz SATA III que se encarga de transferir datos con la placa madre de tu computadora. Es de gran importancia y con su velocidad de env\u00edo de informaci\u00f3n mejora el rendimiento. Vas a poder cargar todo tipo de archivos en tu PC con rapidez.<\/p>\n","protected":false},"excerpt":{"rendered":"<p>Capacidad de 3 TB.<br \/>\nTama\u00f1o de 3.5 \u00ab.<br \/>\nInterfaz de conexi\u00f3n: SATA III.<br \/>\nApto para PC, Servidor y DAS.<br \/>\nIncrementa el rendimiento de tu equipo.<\/p>\n","protected":false},"featured_media":11828,"comment_status":"open","ping_status":"closed","template":"","meta":[],"pwb-brand":[119],"product_cat":[66,94,91],"product_tag":[],"class_list":{"0":"post-11826","1":"product","2":"type-product","3":"status-publish","4":"has-post-thumbnail","6":"pwb-brand-seagate","7":"product_cat-computacion","8":"product_cat-discos","9":"product_cat-componentes","11":"first","12":"instock","13":"shipping-taxable","14":"purchasable","15":"product-type-simple"},"brands":[{"id":119,"name":"Seagate","slug":"seagate"}],"_links":{"self":[{"href":"https:\/\/aptecnologia.com.ar\/new\/wp-json\/wp\/v2\/product\/11826","targetHints":{"allow":["GET"]}}],"collection":[{"href":"https:\/\/aptecnologia.com.ar\/new\/wp-json\/wp\/v2\/product"}],"about":[{"href":"https:\/\/aptecnologia.com.ar\/new\/wp-json\/wp\/v2\/types\/product"}],"replies":[{"embeddable":true,"href":"https:\/\/aptecnologia.com.ar\/new\/wp-json\/wp\/v2\/comments?post=11826"}],"version-history":[{"count":0,"href":"https:\/\/aptecnologia.com.ar\/new\/wp-json\/wp\/v2\/product\/11826\/revisions"}],"wp:featuredmedia":[{"embeddable":true,"href":"https:\/\/aptecnologia.com.ar\/new\/wp-json\/wp\/v2\/media\/11828"}],"wp:attachment":[{"href":"https:\/\/aptecnologia.com.ar\/new\/wp-json\/wp\/v2\/media?parent=11826"}],"wp:term":[{"taxonomy":"pwb-brand","embeddable":true,"href":"https:\/\/aptecnologia.com.ar\/new\/wp-json\/wp\/v2\/pwb-brand?post=11826"},{"taxonomy":"product_cat","embeddable":true,"href":"https:\/\/aptecnologia.com.ar\/new\/wp-json\/wp\/v2\/product_cat?post=11826"},{"taxonomy":"product_tag","embeddable":true,"href":"https:\/\/aptecnologia.com.ar\/new\/wp-json\/wp\/v2\/product_tag?post=11826"}],"curies":[{"name":"wp","href":"https:\/\/api.w.org\/{rel}","templated":true}]}}