{"id":11750,"date":"2022-07-19T17:56:20","date_gmt":"2022-07-19T17:56:20","guid":{"rendered":"https:\/\/aptecnologia.com.ar\/new\/?post_type=product&#038;p=11750"},"modified":"2022-07-29T15:43:03","modified_gmt":"2022-07-29T15:43:03","slug":"presentador-inalambrico-r400-wireless-logitech","status":"publish","type":"product","link":"https:\/\/aptecnologia.com.ar\/new\/productos\/presentador-inalambrico-r400-wireless-logitech\/","title":{"rendered":"Presentador Inal\u00e1mbrico R400 Wireless &#8211; LOGITECH"},"content":{"rendered":"<p>R400 LASER PRESENTATION REMOTE<br \/>\nPara navegaci\u00f3n b\u00e1sica por diapositivas<\/p>\n<p>CON TODA CONFIANZA<br \/>\nLos controles intuitivos y el puntero l\u00e1ser rojo facilitan las presentaciones, incluso en los locales m\u00e1s oscuros.<\/p>\n<p>MU\u00c9VASE CON LIBERTAD<br \/>\nEl radio de acci\u00f3n de 15 metros y el indicador de estado de las pilas ayudan a convertir una mera presentaci\u00f3n en algo extraordinario.<\/p>\n<p>LISTO PARA LLEVAR<br \/>\nNo requiere software, basta con conectar el receptor a un puerto USB y ya puede usarlo.<\/p>\n<p>CONTROLES INTUITIVOS PARA PRESENTACIONES<br \/>\nLos botones se localizan f\u00e1cilmente con el tacto. Y el dise\u00f1o suavemente contorneado es perfecto para la mano. Tendr\u00e1 todo bajo control desde la primera a la \u00faltima diapositiva.<\/p>\n<p>PUNTERO L\u00c1SER ROJO<br \/>\nLa audiencia ver\u00e1 f\u00e1cilmente lo que se\u00f1ala.<\/p>\n<p>RADIO DE ACCI\u00d3N DE HASTA 15 METROS<br \/>\nCon la tecnolog\u00eda inal\u00e1mbrica de 2,4 GHz disfrutar\u00e1 de libertad de movimientos para desplazarse por la sala y relacionarse con los asistentes para que la presentaci\u00f3n resulte m\u00e1s impactante.<\/p>\n<p>INDICADOR DE ESTADO DE LAS PILAS<br \/>\nPermite ver al instante cu\u00e1nta carga hay disponible.<\/p>\n<p>RECEPTOR INAL\u00c1MBRICO PLUG AND PLAY<br \/>\nSin necesidad de instalar software. Basta con conectar el receptor a un puerto USB para usarlo. Y al terminar, puede guardar el receptor en el presentador.<\/p>\n","protected":false},"excerpt":{"rendered":"<p>Distancia inal\u00e1mbrica m\u00e1xima: 15 m<br \/>\nCon puntero l\u00e1ser: S\u00ed<br \/>\nTipos de conexiones: USB<\/p>\n","protected":false},"featured_media":11751,"comment_status":"open","ping_status":"closed","template":"","meta":[],"pwb-brand":[108],"product_cat":[66,116,90],"product_tag":[],"class_list":{"0":"post-11750","1":"product","2":"type-product","3":"status-publish","4":"has-post-thumbnail","6":"pwb-brand-logitech","7":"product_cat-computacion","8":"product_cat-mouses","9":"product_cat-perifericos","11":"first","12":"outofstock","13":"shipping-taxable","14":"purchasable","15":"product-type-simple"},"brands":[{"id":108,"name":"Logitech","slug":"logitech"}],"_links":{"self":[{"href":"https:\/\/aptecnologia.com.ar\/new\/wp-json\/wp\/v2\/product\/11750","targetHints":{"allow":["GET"]}}],"collection":[{"href":"https:\/\/aptecnologia.com.ar\/new\/wp-json\/wp\/v2\/product"}],"about":[{"href":"https:\/\/aptecnologia.com.ar\/new\/wp-json\/wp\/v2\/types\/product"}],"replies":[{"embeddable":true,"href":"https:\/\/aptecnologia.com.ar\/new\/wp-json\/wp\/v2\/comments?post=11750"}],"version-history":[{"count":0,"href":"https:\/\/aptecnologia.com.ar\/new\/wp-json\/wp\/v2\/product\/11750\/revisions"}],"wp:featuredmedia":[{"embeddable":true,"href":"https:\/\/aptecnologia.com.ar\/new\/wp-json\/wp\/v2\/media\/11751"}],"wp:attachment":[{"href":"https:\/\/aptecnologia.com.ar\/new\/wp-json\/wp\/v2\/media?parent=11750"}],"wp:term":[{"taxonomy":"pwb-brand","embeddable":true,"href":"https:\/\/aptecnologia.com.ar\/new\/wp-json\/wp\/v2\/pwb-brand?post=11750"},{"taxonomy":"product_cat","embeddable":true,"href":"https:\/\/aptecnologia.com.ar\/new\/wp-json\/wp\/v2\/product_cat?post=11750"},{"taxonomy":"product_tag","embeddable":true,"href":"https:\/\/aptecnologia.com.ar\/new\/wp-json\/wp\/v2\/product_tag?post=11750"}],"curies":[{"name":"wp","href":"https:\/\/api.w.org\/{rel}","templated":true}]}}