{"id":11743,"date":"2022-07-19T17:10:19","date_gmt":"2022-07-19T20:10:19","guid":{"rendered":"https:\/\/aptecnologia.com.ar\/new\/?post_type=product&#038;p=11743"},"modified":"2025-04-29T10:32:39","modified_gmt":"2025-04-29T13:32:39","slug":"celular-tcl-20-se-6gb-256gb-gris-tcl","status":"publish","type":"product","link":"https:\/\/aptecnologia.com.ar\/new\/productos\/celular-tcl-20-se-6gb-256gb-gris-tcl\/","title":{"rendered":"Celular TCL 20 SE 6GB 256GB Gris &#8211; TCL"},"content":{"rendered":"<p>Fotograf\u00eda profesional en tu bolsillo<br \/>\nDescubr\u00ed infinitas posibilidades para tus fotos con las 4 c\u00e1maras principales de tu equipo. Pon\u00e9 a prueba tu creatividad y jug\u00e1 con la iluminaci\u00f3n, diferentes planos y efectos para obtener grandes resultados.<\/p>\n<p>Capacidad y eficiencia<br \/>\nCon su potente procesador y memoria RAM de 6 GB tu equipo alcanzar\u00e1 un alto rendimiento con gran velocidad de transmisi\u00f3n de contenidos y ejecutar\u00e1 m\u00faltiples aplicaciones a la vez sin demoras.<\/p>\n<p>Desbloqueo facial y dactilar<br \/>\nM\u00e1xima seguridad para que solo vos puedas acceder al equipo. Podr\u00e1s elegir entre el sensor de huella dactilar para habilitar el tel\u00e9fono en un toque, o el reconocimiento facial que permite un desbloqueo hasta un 30% m\u00e1s r\u00e1pido.<\/p>\n<p>Bater\u00eda de duraci\u00f3n superior<br \/>\n\u00a1Desenchufate! Con la s\u00faper bater\u00eda de 5000 mAh tendr\u00e1s energ\u00eda por mucho m\u00e1s tiempo para jugar, ver series o trabajar sin necesidad de realizar recargas.<\/p>\n","protected":false},"excerpt":{"rendered":"<p>Dispositivo liberado para que elijas la compa\u00f1\u00eda telef\u00f3nica que prefieras.<br \/>\nPantalla IPS de 6.82&#8243;.<br \/>\nProcesador Snapdragon 460 Octa-Core de 1.8GHz con 6GB de RAM.<br \/>\nBater\u00eda de 5000mAh.<br \/>\nMemoria interna de 256GB.<br \/>\nCon reconocimiento facial y sensor de huella dactilar.<\/p>\n","protected":false},"featured_media":11745,"comment_status":"open","ping_status":"closed","template":"","meta":[],"pwb-brand":[157],"product_cat":[220],"product_tag":[221],"class_list":{"0":"post-11743","1":"product","2":"type-product","3":"status-publish","4":"has-post-thumbnail","6":"pwb-brand-tcl","7":"product_cat-equipos-celulares","8":"product_tag-diadelnino","10":"first","11":"outofstock","12":"featured","13":"shipping-taxable","14":"purchasable","15":"product-type-simple"},"brands":[{"id":157,"name":"TCL","slug":"tcl"}],"_links":{"self":[{"href":"https:\/\/aptecnologia.com.ar\/new\/wp-json\/wp\/v2\/product\/11743","targetHints":{"allow":["GET"]}}],"collection":[{"href":"https:\/\/aptecnologia.com.ar\/new\/wp-json\/wp\/v2\/product"}],"about":[{"href":"https:\/\/aptecnologia.com.ar\/new\/wp-json\/wp\/v2\/types\/product"}],"replies":[{"embeddable":true,"href":"https:\/\/aptecnologia.com.ar\/new\/wp-json\/wp\/v2\/comments?post=11743"}],"version-history":[{"count":1,"href":"https:\/\/aptecnologia.com.ar\/new\/wp-json\/wp\/v2\/product\/11743\/revisions"}],"predecessor-version":[{"id":15922,"href":"https:\/\/aptecnologia.com.ar\/new\/wp-json\/wp\/v2\/product\/11743\/revisions\/15922"}],"wp:featuredmedia":[{"embeddable":true,"href":"https:\/\/aptecnologia.com.ar\/new\/wp-json\/wp\/v2\/media\/11745"}],"wp:attachment":[{"href":"https:\/\/aptecnologia.com.ar\/new\/wp-json\/wp\/v2\/media?parent=11743"}],"wp:term":[{"taxonomy":"pwb-brand","embeddable":true,"href":"https:\/\/aptecnologia.com.ar\/new\/wp-json\/wp\/v2\/pwb-brand?post=11743"},{"taxonomy":"product_cat","embeddable":true,"href":"https:\/\/aptecnologia.com.ar\/new\/wp-json\/wp\/v2\/product_cat?post=11743"},{"taxonomy":"product_tag","embeddable":true,"href":"https:\/\/aptecnologia.com.ar\/new\/wp-json\/wp\/v2\/product_tag?post=11743"}],"curies":[{"name":"wp","href":"https:\/\/api.w.org\/{rel}","templated":true}]}}