{"id":11734,"date":"2022-07-19T14:49:18","date_gmt":"2022-07-19T14:49:18","guid":{"rendered":"https:\/\/aptecnologia.com.ar\/new\/?post_type=product&#038;p=11734"},"modified":"2023-06-08T14:25:53","modified_gmt":"2023-06-08T17:25:53","slug":"micro-sd-32gb-clase-10-80mb-s-kingston","status":"publish","type":"product","link":"https:\/\/aptecnologia.com.ar\/new\/productos\/micro-sd-32gb-clase-10-80mb-s-kingston\/","title":{"rendered":"Micro SD 32gb Clase 10 80mb\/s &#8211; KINGSTON"},"content":{"rendered":"<p>Desde hace m\u00e1s de 30 a\u00f1os, Kingston fabrica productos con la m\u00e1s alta calidad del mercado. Encontrar\u00e1s en esta marca compatibilidad, practicidad y garant\u00eda de por vida.<br \/>\nKingston ofrece memorias para servidores, computadoras de escritorio, dispositivos de telecomunicaciones y de redes, estaciones de trabajo, impresoras y hasta electrodom\u00e9sticos digitales y c\u00e1maras.<\/p>\n<p>Optimiz\u00e1 tu espacio y gan\u00e1 tiempo<br \/>\nEsta tarjeta MicroSDHC es ideal para m\u00f3viles. Su tama\u00f1o peque\u00f1o facilita su uso y ofrece gran comodidad y practicidad.<\/p>\n<p>M\u00e1ximo rendimiento<br \/>\nAhorr\u00e1 tiempo gracias a su velocidad clase 10, que posibilita la transferencia de datos de forma r\u00e1pida y efectiva.<\/p>\n<p>Vers\u00e1til y funcional<br \/>\n\u00a1Usala donde quieras! Su adaptador SD facilita la colocaci\u00f3n de la tarjeta en distintos aparatos electr\u00f3nicos, lo que te permitir\u00e1 intercambiarla y ganar espacio en el equipo que necesites.<\/p>\n<p>Guard\u00e1 tus videos con la m\u00e1xima resoluci\u00f3n<br \/>\nGracias a su tecnolog\u00eda avanzada vas a poder registrar videos en Full HD. Disfrut\u00e1 de cada momento de filmaci\u00f3n, sin preocuparte por su calidad de almacenaje.<\/p>\n","protected":false},"excerpt":{"rendered":"<p>Tarjeta MicroSDHC.<br \/>\nSu velocidad de lectura es de 45 MB\/s y de escritura 10 MB\/s.<br \/>\nPosee adaptador de memoria.<br \/>\nSu resoluci\u00f3n m\u00e1xima de video es Full HD.<br \/>\nAlmacena diferentes tipos de datos.<br \/>\nClase de velocidad: 10.<\/p>\n","protected":false},"featured_media":11735,"comment_status":"open","ping_status":"closed","template":"","meta":[],"pwb-brand":[121],"product_cat":[199,66,219],"product_tag":[],"class_list":{"0":"post-11734","1":"product","2":"type-product","3":"status-publish","4":"has-post-thumbnail","6":"pwb-brand-kingston","7":"product_cat-almacenamiento","8":"product_cat-computacion","9":"product_cat-tarjetas-micro-sd","11":"first","12":"outofstock","13":"shipping-taxable","14":"purchasable","15":"product-type-simple"},"brands":[{"id":121,"name":"Kingston","slug":"kingston"}],"_links":{"self":[{"href":"https:\/\/aptecnologia.com.ar\/new\/wp-json\/wp\/v2\/product\/11734","targetHints":{"allow":["GET"]}}],"collection":[{"href":"https:\/\/aptecnologia.com.ar\/new\/wp-json\/wp\/v2\/product"}],"about":[{"href":"https:\/\/aptecnologia.com.ar\/new\/wp-json\/wp\/v2\/types\/product"}],"replies":[{"embeddable":true,"href":"https:\/\/aptecnologia.com.ar\/new\/wp-json\/wp\/v2\/comments?post=11734"}],"version-history":[{"count":0,"href":"https:\/\/aptecnologia.com.ar\/new\/wp-json\/wp\/v2\/product\/11734\/revisions"}],"wp:featuredmedia":[{"embeddable":true,"href":"https:\/\/aptecnologia.com.ar\/new\/wp-json\/wp\/v2\/media\/11735"}],"wp:attachment":[{"href":"https:\/\/aptecnologia.com.ar\/new\/wp-json\/wp\/v2\/media?parent=11734"}],"wp:term":[{"taxonomy":"pwb-brand","embeddable":true,"href":"https:\/\/aptecnologia.com.ar\/new\/wp-json\/wp\/v2\/pwb-brand?post=11734"},{"taxonomy":"product_cat","embeddable":true,"href":"https:\/\/aptecnologia.com.ar\/new\/wp-json\/wp\/v2\/product_cat?post=11734"},{"taxonomy":"product_tag","embeddable":true,"href":"https:\/\/aptecnologia.com.ar\/new\/wp-json\/wp\/v2\/product_tag?post=11734"}],"curies":[{"name":"wp","href":"https:\/\/api.w.org\/{rel}","templated":true}]}}