{"id":11726,"date":"2022-07-19T14:25:39","date_gmt":"2022-07-19T14:25:39","guid":{"rendered":"https:\/\/aptecnologia.com.ar\/new\/?post_type=product&#038;p=11726"},"modified":"2023-07-26T11:54:26","modified_gmt":"2023-07-26T14:54:26","slug":"lector-de-tarjetas-usb-noganet","status":"publish","type":"product","link":"https:\/\/aptecnologia.com.ar\/new\/productos\/lector-de-tarjetas-usb-noganet\/","title":{"rendered":"Lector de Tarjetas Usb &#8211; NOGANET"},"content":{"rendered":"<p>Lector de Memorias SD, MMC Mobile, M2, MSProDuo, etc Via USB<\/p>\n<p>Lector de memorias m\u00f3viles v\u00eda MiniUSB a USB tipo A, para conexi\u00f3n a computadoras. El adaptador cuenta con puertos para m\u00e1s de 23 tipos de memorias, con velocidades de hasta 480 Mbps (dependiendo del hardware conectado).<\/p>\n<p>Conexi\u00f3n: USB 2.0 (compatible con USB 1.1);<br \/>\nTasa de Transferencia: 480Mbps (USB 2.0) y 12Mbps (USB 1.1);<br \/>\nTransferencia por cable: MiniUSB 5 pines a USB (incluido);<br \/>\nSoporta: Formatos XD\/SD\/MMC\/MS\/MS PRO\/CF\/MD\/T-Flash; etc;<br \/>\nLEDS indicadores de funciones<\/p>\n","protected":false},"excerpt":{"rendered":"<p>Lector de Memorias SD, MMC Mobile, M2, MSProDuo.<br \/>\nConexi\u00f3n: USB 2.0 (compatible con USB 1.1)<\/p>\n","protected":false},"featured_media":11728,"comment_status":"open","ping_status":"closed","template":"","meta":[],"pwb-brand":[130],"product_cat":[199,66,219],"product_tag":[],"class_list":{"0":"post-11726","1":"product","2":"type-product","3":"status-publish","4":"has-post-thumbnail","6":"pwb-brand-noganet","7":"product_cat-almacenamiento","8":"product_cat-computacion","9":"product_cat-tarjetas-micro-sd","11":"first","12":"instock","13":"shipping-taxable","14":"purchasable","15":"product-type-simple"},"brands":[{"id":130,"name":"Noganet","slug":"noganet"}],"_links":{"self":[{"href":"https:\/\/aptecnologia.com.ar\/new\/wp-json\/wp\/v2\/product\/11726","targetHints":{"allow":["GET"]}}],"collection":[{"href":"https:\/\/aptecnologia.com.ar\/new\/wp-json\/wp\/v2\/product"}],"about":[{"href":"https:\/\/aptecnologia.com.ar\/new\/wp-json\/wp\/v2\/types\/product"}],"replies":[{"embeddable":true,"href":"https:\/\/aptecnologia.com.ar\/new\/wp-json\/wp\/v2\/comments?post=11726"}],"version-history":[{"count":0,"href":"https:\/\/aptecnologia.com.ar\/new\/wp-json\/wp\/v2\/product\/11726\/revisions"}],"wp:featuredmedia":[{"embeddable":true,"href":"https:\/\/aptecnologia.com.ar\/new\/wp-json\/wp\/v2\/media\/11728"}],"wp:attachment":[{"href":"https:\/\/aptecnologia.com.ar\/new\/wp-json\/wp\/v2\/media?parent=11726"}],"wp:term":[{"taxonomy":"pwb-brand","embeddable":true,"href":"https:\/\/aptecnologia.com.ar\/new\/wp-json\/wp\/v2\/pwb-brand?post=11726"},{"taxonomy":"product_cat","embeddable":true,"href":"https:\/\/aptecnologia.com.ar\/new\/wp-json\/wp\/v2\/product_cat?post=11726"},{"taxonomy":"product_tag","embeddable":true,"href":"https:\/\/aptecnologia.com.ar\/new\/wp-json\/wp\/v2\/product_tag?post=11726"}],"curies":[{"name":"wp","href":"https:\/\/api.w.org\/{rel}","templated":true}]}}