{"id":11718,"date":"2022-07-19T13:46:05","date_gmt":"2022-07-19T13:46:05","guid":{"rendered":"https:\/\/aptecnologia.com.ar\/new\/?post_type=product&#038;p=11718"},"modified":"2022-08-08T15:27:41","modified_gmt":"2022-08-08T15:27:41","slug":"headset-c-micro-usb-jet108u-jetion","status":"publish","type":"product","link":"https:\/\/aptecnologia.com.ar\/new\/productos\/headset-c-micro-usb-jet108u-jetion\/","title":{"rendered":"Headset c\/micro USB JET108U &#8211; JETION"},"content":{"rendered":"<p>Auriculares tipo headset con microfono giratorio. Ideal teletrabajo, call center, etc.<\/p>\n<p>Tipo binaural pasante, clip de pl\u00e1stico para la cabeza, dise\u00f1o m\u00e1s pesado<br \/>\nAlmohadilla para el o\u00eddo s\u00faper suave de cuero artificial, le permite usar m\u00e1s c\u00f3modo.<br \/>\nLos enchufes RJ94P4C se usan com\u00fanmente en auriculares de tel\u00e9fono; A B C (seg\u00fan el modelo y la marca del tel\u00e9fono)<br \/>\nMejora de cancelaci\u00f3n de ruido<br \/>\nAltavoz de campo magn\u00e9tico de NEODIMIO, que proporciona una calidad de sonido perfecta<br \/>\nContactos chapados en oro para garantizar una transmisi\u00f3n de voz cristalina<br \/>\nDise\u00f1o binaural<\/p>\n<p>Di\u00e1metro del altavoz: 40 mm<br \/>\nImpedancia del altavoz: 32 ohmios<br \/>\nRango de frecuencia del altavoz: 20-20 kHz<br \/>\nSensibilidad del altavoz: 93dB \u00b1 3dB<br \/>\nImpedancia de micr\u00f3fono: 32 ohmios<br \/>\nRango de frecuencia de micr\u00f3fono: 20-20 kHz<br \/>\nSensibilidad de micr\u00f3fono: -38 \u00b1 3dB<br \/>\nMaterial del tubo: tubo suave de metal<br \/>\nMaterial de diadema: ABS + PU<br \/>\nMaterial del controlador de volumen: PU<br \/>\nTipo de enchufe: USB<br \/>\nLongitud del cable: 2 m<br \/>\nAuriculares para juegos PS4, xbox, PC, Smartphone, mp3, mp4<br \/>\nAceptaci\u00f3n del ODM del OEM<\/p>\n","protected":false},"excerpt":{"rendered":"<p>Es inal\u00e1mbrico: No<br \/>\nCon micr\u00f3fono: S\u00ed<br \/>\nCon cancelaci\u00f3n de ruido: S\u00ed<br \/>\nCon luz LED: S\u00ed<\/p>\n","protected":false},"featured_media":11719,"comment_status":"open","ping_status":"closed","template":"","meta":[],"pwb-brand":[158],"product_cat":[67,86],"product_tag":[],"class_list":{"0":"post-11718","1":"product","2":"type-product","3":"status-publish","4":"has-post-thumbnail","6":"pwb-brand-jetion","7":"product_cat-audio-y-video","8":"product_cat-auriculares","10":"first","11":"outofstock","12":"shipping-taxable","13":"purchasable","14":"product-type-simple"},"brands":[{"id":158,"name":"Jetion","slug":"jetion"}],"_links":{"self":[{"href":"https:\/\/aptecnologia.com.ar\/new\/wp-json\/wp\/v2\/product\/11718","targetHints":{"allow":["GET"]}}],"collection":[{"href":"https:\/\/aptecnologia.com.ar\/new\/wp-json\/wp\/v2\/product"}],"about":[{"href":"https:\/\/aptecnologia.com.ar\/new\/wp-json\/wp\/v2\/types\/product"}],"replies":[{"embeddable":true,"href":"https:\/\/aptecnologia.com.ar\/new\/wp-json\/wp\/v2\/comments?post=11718"}],"version-history":[{"count":0,"href":"https:\/\/aptecnologia.com.ar\/new\/wp-json\/wp\/v2\/product\/11718\/revisions"}],"wp:featuredmedia":[{"embeddable":true,"href":"https:\/\/aptecnologia.com.ar\/new\/wp-json\/wp\/v2\/media\/11719"}],"wp:attachment":[{"href":"https:\/\/aptecnologia.com.ar\/new\/wp-json\/wp\/v2\/media?parent=11718"}],"wp:term":[{"taxonomy":"pwb-brand","embeddable":true,"href":"https:\/\/aptecnologia.com.ar\/new\/wp-json\/wp\/v2\/pwb-brand?post=11718"},{"taxonomy":"product_cat","embeddable":true,"href":"https:\/\/aptecnologia.com.ar\/new\/wp-json\/wp\/v2\/product_cat?post=11718"},{"taxonomy":"product_tag","embeddable":true,"href":"https:\/\/aptecnologia.com.ar\/new\/wp-json\/wp\/v2\/product_tag?post=11718"}],"curies":[{"name":"wp","href":"https:\/\/api.w.org\/{rel}","templated":true}]}}