{"id":11712,"date":"2022-07-19T13:27:59","date_gmt":"2022-07-19T13:27:59","guid":{"rendered":"https:\/\/aptecnologia.com.ar\/new\/?post_type=product&#038;p=11712"},"modified":"2022-08-08T15:29:07","modified_gmt":"2022-08-08T15:29:07","slug":"hub-usb-4-puertos-3-0-c-switch-nisuta","status":"publish","type":"product","link":"https:\/\/aptecnologia.com.ar\/new\/productos\/hub-usb-4-puertos-3-0-c-switch-nisuta\/","title":{"rendered":"Hub USB 4 puertos 3.0 c\/ switch &#8211; NISUTA"},"content":{"rendered":"<p>El equipo perfecto que te brinda soluci\u00f3n total de lectura en tu computadora a trav\u00e9s de un puerto USB 3.0 que se multiplican en 4. Posee switch individual en cada puerto.<\/p>\n<p>CARACTER\u00cdSTICAS:<\/p>\n<p>4 puertos de bajada (USB 3.0 tipo A) y 1 puerto de subida<br \/>\nCumple con especificaci\u00f3n USB 1.1 y 2.0<br \/>\nSoporta perfiles de dispositivos USB High-Speed (5G Mbps), Full-Speed (480Mbps) y Low-Speed (12Mbps)<br \/>\nIncluye una Tecla por Puerto para conectar\/desconectar cada puerto USB individualmente<br \/>\nIncluye plug para alimentaci\u00f3n extra a trav\u00e9s de una fuente de alimentaci\u00f3n 5VDC (no incluida)<br \/>\nProtecci\u00f3n y detecci\u00f3n de sobrecarga de corriente por puerto 900mA (Cuando tenga conectada una fuente de alimentaci\u00f3n)<br \/>\nCompatible con playstation 4<br \/>\nSwitcheo autom\u00e1tico entre auto-alimentaci\u00f3n y el modo de alimentaci\u00f3n a trav\u00e9s del bus<br \/>\nSoporta Plug &amp; Play<br \/>\nTama\u00f1o de bolsillo con conector Micro USB 3.0<br \/>\nIncluye cable USB de 60cm<br \/>\nCon indicador LED de Puerto USB en uso<\/p>\n","protected":false},"excerpt":{"rendered":"<p>Cantidad de puertos: 4<br \/>\nVersi\u00f3n de USB compatible: 3.0<br \/>\nTasa de transferencia de datos: 5 Gbps<br \/>\nLargo del cable: 60 cm<\/p>\n","protected":false},"featured_media":11715,"comment_status":"open","ping_status":"closed","template":"","meta":[],"pwb-brand":[151],"product_cat":[66,87,70],"product_tag":[],"class_list":{"0":"post-11712","1":"product","2":"type-product","3":"status-publish","4":"has-post-thumbnail","6":"pwb-brand-nisuta","7":"product_cat-computacion","8":"product_cat-switchs","9":"product_cat-conectividad-y-redes","11":"first","12":"outofstock","13":"shipping-taxable","14":"purchasable","15":"product-type-simple"},"brands":[{"id":151,"name":"Nisuta","slug":"nisuta"}],"_links":{"self":[{"href":"https:\/\/aptecnologia.com.ar\/new\/wp-json\/wp\/v2\/product\/11712","targetHints":{"allow":["GET"]}}],"collection":[{"href":"https:\/\/aptecnologia.com.ar\/new\/wp-json\/wp\/v2\/product"}],"about":[{"href":"https:\/\/aptecnologia.com.ar\/new\/wp-json\/wp\/v2\/types\/product"}],"replies":[{"embeddable":true,"href":"https:\/\/aptecnologia.com.ar\/new\/wp-json\/wp\/v2\/comments?post=11712"}],"version-history":[{"count":0,"href":"https:\/\/aptecnologia.com.ar\/new\/wp-json\/wp\/v2\/product\/11712\/revisions"}],"wp:featuredmedia":[{"embeddable":true,"href":"https:\/\/aptecnologia.com.ar\/new\/wp-json\/wp\/v2\/media\/11715"}],"wp:attachment":[{"href":"https:\/\/aptecnologia.com.ar\/new\/wp-json\/wp\/v2\/media?parent=11712"}],"wp:term":[{"taxonomy":"pwb-brand","embeddable":true,"href":"https:\/\/aptecnologia.com.ar\/new\/wp-json\/wp\/v2\/pwb-brand?post=11712"},{"taxonomy":"product_cat","embeddable":true,"href":"https:\/\/aptecnologia.com.ar\/new\/wp-json\/wp\/v2\/product_cat?post=11712"},{"taxonomy":"product_tag","embeddable":true,"href":"https:\/\/aptecnologia.com.ar\/new\/wp-json\/wp\/v2\/product_tag?post=11712"}],"curies":[{"name":"wp","href":"https:\/\/api.w.org\/{rel}","templated":true}]}}