{"id":11694,"date":"2022-07-15T15:55:47","date_gmt":"2022-07-15T15:55:47","guid":{"rendered":"https:\/\/aptecnologia.com.ar\/new\/?post_type=product&#038;p=11694"},"modified":"2022-07-15T15:55:48","modified_gmt":"2022-07-15T15:55:48","slug":"deco-e4-pack-de-2-mesh-ac1200-wifi-system-5278-tp-link","status":"publish","type":"product","link":"https:\/\/aptecnologia.com.ar\/new\/productos\/deco-e4-pack-de-2-mesh-ac1200-wifi-system-5278-tp-link\/","title":{"rendered":"Deco E4 Pack de 2 Mesh AC1200 WIFI System 5278 &#8211; TP-LINK"},"content":{"rendered":"<p>TP-LINK DECO E4 (2-pack)<\/p>\n<p>Sistema Wi-Fi Mesh para toda la casa AC1200. R\u00e1pido. Estable. En todos sitios!<\/p>\n<p>ELIMINA ZONAS MUERTAS<br \/>\nDeco E4 es la forma m\u00e1s sencilla de garantizar una fuerte se\u00f1al Wi-Fi en cada esquina de tu hogar hasta 260 metros cuadrados (paquete de 2). Las conexiones inal\u00e1mbricas y la red de respaldo Ethernet opcional trabajan juntas para vincular las unidades Deco, proporcionando velocidades de red a\u00fan m\u00e1s r\u00e1pidas y una cobertura verdaderamente perfecta.<br \/>\n\u00bfQuieres m\u00e1s cobertura? Simplemente a\u00f1ade otro Deco.<\/p>\n<p>ROAMING SIN INTERRUPCIONES CON UNA \u00daNICA RED WIFI<br \/>\nTP-Link Mesh significa que las unidades Deco trabajan juntas para formar una red unificada. Tu tel\u00e9fono o tablet se conectan autom\u00e1ticamente al Deco m\u00e1s r\u00e1pido a medida que te desplazas por su hogar, creando una experiencia de Wi-Fi verdaderamente perfecta.<\/p>\n<p>LOS DECO PUEDEN TRABAJAR EN FORMA CONJUNTA<br \/>\nDeco E4 es compatible con todos los dem\u00e1s modelos de Deco para formar una red Mesh. Expanda la cobertura Wi-Fi de Mesh en cualquier momento simplemente agregando m\u00e1s Decos.<\/p>\n<p>CONFIGURACI\u00d3N POR APP<br \/>\nInstalar Deco E4 es r\u00e1pido y f\u00e1cil. Simplemente desempaquete el sistema, descargue la aplicaci\u00f3n Deco y siga las instrucciones en pantalla.<\/p>\n<p>GESTION F\u00c1CIL<br \/>\nAdministre su Wi-Fi en su hogar o en otro lugar desde la aplicaci\u00f3n Deco, que incluye ver los dispositivos conectados, priorizar sus dispositivos, configurar una red de invitado y m\u00e1s.<\/p>\n","protected":false},"excerpt":{"rendered":"<p>Access point,Router,Sistema Wi-Fi mesh<br \/>\nFrecuencias 2.4 GHz,5 GHz<br \/>\nVelocidad inal\u00e1mbrica 1167 Mbps<\/p>\n","protected":false},"featured_media":11693,"comment_status":"open","ping_status":"closed","template":"","meta":[],"pwb-brand":[102],"product_cat":[82,70],"product_tag":[],"class_list":{"0":"post-11694","1":"product","2":"type-product","3":"status-publish","4":"has-post-thumbnail","6":"pwb-brand-tplink","7":"product_cat-routers-y-modems","8":"product_cat-conectividad-y-redes","10":"first","11":"outofstock","12":"shipping-taxable","13":"purchasable","14":"product-type-simple"},"brands":[{"id":102,"name":"Tp-Link","slug":"tplink"}],"_links":{"self":[{"href":"https:\/\/aptecnologia.com.ar\/new\/wp-json\/wp\/v2\/product\/11694","targetHints":{"allow":["GET"]}}],"collection":[{"href":"https:\/\/aptecnologia.com.ar\/new\/wp-json\/wp\/v2\/product"}],"about":[{"href":"https:\/\/aptecnologia.com.ar\/new\/wp-json\/wp\/v2\/types\/product"}],"replies":[{"embeddable":true,"href":"https:\/\/aptecnologia.com.ar\/new\/wp-json\/wp\/v2\/comments?post=11694"}],"version-history":[{"count":0,"href":"https:\/\/aptecnologia.com.ar\/new\/wp-json\/wp\/v2\/product\/11694\/revisions"}],"wp:featuredmedia":[{"embeddable":true,"href":"https:\/\/aptecnologia.com.ar\/new\/wp-json\/wp\/v2\/media\/11693"}],"wp:attachment":[{"href":"https:\/\/aptecnologia.com.ar\/new\/wp-json\/wp\/v2\/media?parent=11694"}],"wp:term":[{"taxonomy":"pwb-brand","embeddable":true,"href":"https:\/\/aptecnologia.com.ar\/new\/wp-json\/wp\/v2\/pwb-brand?post=11694"},{"taxonomy":"product_cat","embeddable":true,"href":"https:\/\/aptecnologia.com.ar\/new\/wp-json\/wp\/v2\/product_cat?post=11694"},{"taxonomy":"product_tag","embeddable":true,"href":"https:\/\/aptecnologia.com.ar\/new\/wp-json\/wp\/v2\/product_tag?post=11694"}],"curies":[{"name":"wp","href":"https:\/\/api.w.org\/{rel}","templated":true}]}}