{"id":11663,"date":"2022-07-12T22:31:53","date_gmt":"2022-07-12T22:31:53","guid":{"rendered":"https:\/\/aptecnologia.com.ar\/new\/?post_type=product&#038;p=11663"},"modified":"2022-08-08T15:50:35","modified_gmt":"2022-08-08T15:50:35","slug":"bateria-12v-7ah-lyonn","status":"publish","type":"product","link":"https:\/\/aptecnologia.com.ar\/new\/productos\/bateria-12v-7ah-lyonn\/","title":{"rendered":"Bateria 12V 7Ah &#8211; LYONN"},"content":{"rendered":"<div>Modelo 12V 7.5ah<\/div>\n<div>Voltaje nominal: 12V<\/div>\n<div>Capacidad de la bater\u00eda: 7 Ah<\/div>\n<div>Composici\u00f3n de la bater\u00eda: Gel \u00e1cido<\/div>\n<div>Altura x Largo x Ancho: 8 cm x 16 cm x 6 cm<\/div>\n","protected":false},"excerpt":{"rendered":"<div>Voltaje nominal: 12V<\/div>\n<div>Capacidad de la bater\u00eda: 7 Ah<\/div>\n<div>Composici\u00f3n de la bater\u00eda: Gel \u00e1cido<\/div>\n","protected":false},"featured_media":11664,"comment_status":"open","ping_status":"closed","template":"","meta":[],"pwb-brand":[127],"product_cat":[209,68],"product_tag":[],"class_list":{"0":"post-11663","1":"product","2":"type-product","3":"status-publish","4":"has-post-thumbnail","6":"pwb-brand-lyonn","7":"product_cat-accesorios-seguridad-y-vigilancia","8":"product_cat-seguridad-y-vigilancia","10":"first","11":"outofstock","12":"shipping-taxable","13":"purchasable","14":"product-type-simple"},"brands":[{"id":127,"name":"Lyonn","slug":"lyonn"}],"_links":{"self":[{"href":"https:\/\/aptecnologia.com.ar\/new\/wp-json\/wp\/v2\/product\/11663","targetHints":{"allow":["GET"]}}],"collection":[{"href":"https:\/\/aptecnologia.com.ar\/new\/wp-json\/wp\/v2\/product"}],"about":[{"href":"https:\/\/aptecnologia.com.ar\/new\/wp-json\/wp\/v2\/types\/product"}],"replies":[{"embeddable":true,"href":"https:\/\/aptecnologia.com.ar\/new\/wp-json\/wp\/v2\/comments?post=11663"}],"version-history":[{"count":0,"href":"https:\/\/aptecnologia.com.ar\/new\/wp-json\/wp\/v2\/product\/11663\/revisions"}],"wp:featuredmedia":[{"embeddable":true,"href":"https:\/\/aptecnologia.com.ar\/new\/wp-json\/wp\/v2\/media\/11664"}],"wp:attachment":[{"href":"https:\/\/aptecnologia.com.ar\/new\/wp-json\/wp\/v2\/media?parent=11663"}],"wp:term":[{"taxonomy":"pwb-brand","embeddable":true,"href":"https:\/\/aptecnologia.com.ar\/new\/wp-json\/wp\/v2\/pwb-brand?post=11663"},{"taxonomy":"product_cat","embeddable":true,"href":"https:\/\/aptecnologia.com.ar\/new\/wp-json\/wp\/v2\/product_cat?post=11663"},{"taxonomy":"product_tag","embeddable":true,"href":"https:\/\/aptecnologia.com.ar\/new\/wp-json\/wp\/v2\/product_tag?post=11663"}],"curies":[{"name":"wp","href":"https:\/\/api.w.org\/{rel}","templated":true}]}}