{"id":11537,"date":"2022-06-23T16:50:33","date_gmt":"2022-06-23T16:50:33","guid":{"rendered":"https:\/\/aptecnologia.com.ar\/new\/productos\/tablet-tab3-m8-smart-8505fs-8-2gb-32-w-dock-lenovo-copy\/"},"modified":"2022-11-28T18:07:49","modified_gmt":"2022-11-28T18:07:49","slug":"tablet-m8-8505f-8-3gb-32-lenovo","status":"publish","type":"product","link":"https:\/\/aptecnologia.com.ar\/new\/productos\/tablet-m8-8505f-8-3gb-32-lenovo\/","title":{"rendered":"Tablet TB-8505F M8 HD 8&#8243; 3GB 32GB &#8211; LENOVO"},"content":{"rendered":"<p>Esta tablet es ideal para cada una de tus actividades: editar fotos, documentos, navegar por internet y \u00a1mucho m\u00e1s! Su dise\u00f1o delgado, compacto y port\u00e1til es la combinaci\u00f3n perfecta de rendimiento y versatilidad.<\/p>\n<p>Transferir, sincronizar y acceder a tus dispositivos las veces que quieras ahora es posible. Sus conexiones bluetooth, wi-fi, wi-fi direct, wi-fi display, pogo pin, otg, lenovo t-hub, micro-usb te permiten potenciar sus funciones al m\u00e1ximo.<\/p>\n<p>Gracias a su c\u00e1mara principal de 5 Mpx y frontal de 2 Mpx, podr\u00e1s hacer videollamadas o sacarte fotos en cualquier momento y lugar, con una excelente calidad de imagen. Nitidez, brillo y colores vibrantes har\u00e1n que tus experiencias se reflejen de manera \u00f3ptima.<\/p>\n","protected":false},"excerpt":{"rendered":"<p>Sistema operativo: Android 9.<br \/>\nCon procesador Quad-Core Cortex-A53 de 2GHz.<br \/>\nResoluci\u00f3n de pantalla de 1280px x 800px.<br \/>\nCon lector micro-SD.<br \/>\nCuenta con GPS.<br \/>\nMemoria interna expandible hasta 128 GB con fuente externa.<\/p>\n","protected":false},"featured_media":11533,"comment_status":"open","ping_status":"closed","template":"","meta":[],"pwb-brand":[148],"product_cat":[66,84],"product_tag":[221],"class_list":{"0":"post-11537","1":"product","2":"type-product","3":"status-publish","4":"has-post-thumbnail","6":"pwb-brand-lenovo","7":"product_cat-computacion","8":"product_cat-tablets-computacion","9":"product_tag-diadelnino","11":"first","12":"outofstock","13":"featured","14":"shipping-taxable","15":"purchasable","16":"product-type-simple"},"brands":[{"id":148,"name":"Lenovo","slug":"lenovo"}],"_links":{"self":[{"href":"https:\/\/aptecnologia.com.ar\/new\/wp-json\/wp\/v2\/product\/11537","targetHints":{"allow":["GET"]}}],"collection":[{"href":"https:\/\/aptecnologia.com.ar\/new\/wp-json\/wp\/v2\/product"}],"about":[{"href":"https:\/\/aptecnologia.com.ar\/new\/wp-json\/wp\/v2\/types\/product"}],"replies":[{"embeddable":true,"href":"https:\/\/aptecnologia.com.ar\/new\/wp-json\/wp\/v2\/comments?post=11537"}],"version-history":[{"count":0,"href":"https:\/\/aptecnologia.com.ar\/new\/wp-json\/wp\/v2\/product\/11537\/revisions"}],"wp:featuredmedia":[{"embeddable":true,"href":"https:\/\/aptecnologia.com.ar\/new\/wp-json\/wp\/v2\/media\/11533"}],"wp:attachment":[{"href":"https:\/\/aptecnologia.com.ar\/new\/wp-json\/wp\/v2\/media?parent=11537"}],"wp:term":[{"taxonomy":"pwb-brand","embeddable":true,"href":"https:\/\/aptecnologia.com.ar\/new\/wp-json\/wp\/v2\/pwb-brand?post=11537"},{"taxonomy":"product_cat","embeddable":true,"href":"https:\/\/aptecnologia.com.ar\/new\/wp-json\/wp\/v2\/product_cat?post=11537"},{"taxonomy":"product_tag","embeddable":true,"href":"https:\/\/aptecnologia.com.ar\/new\/wp-json\/wp\/v2\/product_tag?post=11537"}],"curies":[{"name":"wp","href":"https:\/\/api.w.org\/{rel}","templated":true}]}}