{"id":11415,"date":"2022-06-08T13:46:57","date_gmt":"2022-06-08T13:46:57","guid":{"rendered":"https:\/\/aptecnologia.com.ar\/new\/?post_type=product&#038;p=11415"},"modified":"2022-08-08T16:32:45","modified_gmt":"2022-08-08T16:32:45","slug":"bateria-12v-4-5a-trv","status":"publish","type":"product","link":"https:\/\/aptecnologia.com.ar\/new\/productos\/bateria-12v-4-5a-trv\/","title":{"rendered":"Bateria 12V 4.5A &#8211; TRV"},"content":{"rendered":"<p>Las bater\u00edas TRV son del tipo VRLA-AGM.<\/p>\n<p>\u00b7 La bater\u00eda VRLA son de plomo-acido est\u00e1 construida con una v\u00e1lvula de seguridad que detecta el aumento de la presi\u00f3n interna y permite que el gas sea expulsado hacia fuera, como medida de seguridad.<\/p>\n<p>\u00b7 El electrolito es absorbido en las placas separadoras de fibra de vidrio (AGM) lo que permite ser utilizada en posici\u00f3n vertical y horizontal.<\/p>\n<p>\u00b7 Embase de epoxi.<\/p>\n<p>\u00b7 Usa una reacci\u00f3n de recombinaci\u00f3n para impedir el escape de gases hidr\u00f3geno y ox\u00edgeno.<\/p>\n<p>\u00b7 Libre de mantenimiento.<\/p>\n<p>\u00b7 Protecci\u00f3n contra descarga profunda.<\/p>\n<p>\u00b7 Rejillas de placa de aleaci\u00f3n de plomo &#8211; calcio , libre de antimonio<\/p>\n<p>\u00b7 Resistencia a las vibraciones.<\/p>\n<p>\u00b7 Buen ciclado (cycling &#8211; Se denomina ciclado de una bater\u00eda a la sucesi\u00f3n de una descarga seguida de su posterior recarga hasta recuperar completamente la energ\u00eda extra\u00edda).<\/p>\n<p>\u00b7 Buena performance estacionaria (Una bater\u00eda para uso estacionario es la que se mantiene permanentemente cargada mediante un regulador).<\/p>\n<p>\u00b7 Alta tasa de descarga. (se le puede demandar alta corriente de descarga y sostiene la tensi\u00f3n en bornes)<\/p>\n<p>\u00b7 Ciclo de vida \u00fatil entre 3 y 5 a\u00f1os. (depende de la temperatura ambiente).<\/p>\n","protected":false},"excerpt":{"rendered":"<p>Bater\u00edas TRV plomo-acido<br \/>\n12V 4.5A<br \/>\nLibre de mantenimiento.<\/p>\n","protected":false},"featured_media":11416,"comment_status":"open","ping_status":"closed","template":"","meta":[],"pwb-brand":[210],"product_cat":[209,68],"product_tag":[],"class_list":{"0":"post-11415","1":"product","2":"type-product","3":"status-publish","4":"has-post-thumbnail","6":"pwb-brand-trv","7":"product_cat-accesorios-seguridad-y-vigilancia","8":"product_cat-seguridad-y-vigilancia","10":"first","11":"instock","12":"shipping-taxable","13":"purchasable","14":"product-type-simple"},"brands":[{"id":210,"name":"TRV","slug":"trv"}],"_links":{"self":[{"href":"https:\/\/aptecnologia.com.ar\/new\/wp-json\/wp\/v2\/product\/11415","targetHints":{"allow":["GET"]}}],"collection":[{"href":"https:\/\/aptecnologia.com.ar\/new\/wp-json\/wp\/v2\/product"}],"about":[{"href":"https:\/\/aptecnologia.com.ar\/new\/wp-json\/wp\/v2\/types\/product"}],"replies":[{"embeddable":true,"href":"https:\/\/aptecnologia.com.ar\/new\/wp-json\/wp\/v2\/comments?post=11415"}],"version-history":[{"count":0,"href":"https:\/\/aptecnologia.com.ar\/new\/wp-json\/wp\/v2\/product\/11415\/revisions"}],"wp:featuredmedia":[{"embeddable":true,"href":"https:\/\/aptecnologia.com.ar\/new\/wp-json\/wp\/v2\/media\/11416"}],"wp:attachment":[{"href":"https:\/\/aptecnologia.com.ar\/new\/wp-json\/wp\/v2\/media?parent=11415"}],"wp:term":[{"taxonomy":"pwb-brand","embeddable":true,"href":"https:\/\/aptecnologia.com.ar\/new\/wp-json\/wp\/v2\/pwb-brand?post=11415"},{"taxonomy":"product_cat","embeddable":true,"href":"https:\/\/aptecnologia.com.ar\/new\/wp-json\/wp\/v2\/product_cat?post=11415"},{"taxonomy":"product_tag","embeddable":true,"href":"https:\/\/aptecnologia.com.ar\/new\/wp-json\/wp\/v2\/product_tag?post=11415"}],"curies":[{"name":"wp","href":"https:\/\/api.w.org\/{rel}","templated":true}]}}